{"id":15478,"date":"2025-02-17T17:59:19","date_gmt":"2025-02-17T15:59:19","guid":{"rendered":"https:\/\/zbranebudai.sk\/product\/tikka-t3x-lite-kal-222rem-ns-st-4rd-22-4in\/"},"modified":"2026-04-09T02:46:53","modified_gmt":"2026-04-09T00:46:53","slug":"tikka-t3x-lite-kal-222rem-ns-st-4rd-22-4in","status":"publish","type":"product","link":"https:\/\/zbranebudai.sk\/hu\/product\/tikka-t3x-lite-kal-222rem-ns-st-4rd-22-4in\/","title":{"rendered":"Tikka T3x Lite, cal. .222Rem. (NS ST 4rd 22.4in)"},"content":{"rendered":"<p>PARAM\u00c9TEREK:<\/p>\n<p>Cs\u0151hossz: 570 mm (22.4 in)<br \/>\nTeljes hossz: 1082 mm<br \/>\nT\u00e1lcakapacit\u00e1s: 4<br \/>\nCs\u0151oszt\u00e1s: 1:14\u2033<br \/>\nPicatinny s\u00edn: Nem<br \/>\nAnyag: ac\u00e9l<br \/>\n\u00cdg\u00e9ret: Szintetikus<br \/>\nS\u00faly: 2,9 kg<\/p>","protected":false},"excerpt":{"rendered":"<p>A Tikka T3x Lite egyes\u00edti a nagy teljes\u00edtm\u00e9nyt, a k\u00f6nny\u0171s\u00e9get \u00e9s a k\u00e9nyelmes kezelhet\u0151s\u00e9get. Ez a modell tart\u00f3s szintetikus sz\u00e1rral van felszerelve, \u00e9s a cs\u00f6kkentett s\u00falynak k\u00f6sz\u00f6nhet\u0151en alkalmas eg\u00e9sz napos t\u00far\u00e1kra.<\/p>","protected":false},"featured_media":12519,"template":"","meta":{"_gspb_post_css":""},"product_brand":[],"product_cat":[1821,1956,1955,1854,1861,1820],"product_tag":[],"class_list":{"0":"post-15478","1":"product","2":"type-product","3":"status-publish","4":"has-post-thumbnail","6":"product_cat-gulovnice-zbrane-b-c","7":"product_cat-t3x-lite","8":"product_cat-t3x-lite-series","9":"product_cat-tikka","10":"product_cat-tikka-t3x","11":"product_cat-zbrane-b-c","13":"first","14":"outofstock","15":"taxable","16":"shipping-taxable","17":"purchasable","18":"product-type-simple"},"ct_brands":[],"_links":{"self":[{"href":"https:\/\/zbranebudai.sk\/hu\/wp-json\/wp\/v2\/product\/15478","targetHints":{"allow":["GET"]}}],"collection":[{"href":"https:\/\/zbranebudai.sk\/hu\/wp-json\/wp\/v2\/product"}],"about":[{"href":"https:\/\/zbranebudai.sk\/hu\/wp-json\/wp\/v2\/types\/product"}],"wp:featuredmedia":[{"embeddable":true,"href":"https:\/\/zbranebudai.sk\/hu\/wp-json\/wp\/v2\/media\/12519"}],"wp:attachment":[{"href":"https:\/\/zbranebudai.sk\/hu\/wp-json\/wp\/v2\/media?parent=15478"}],"wp:term":[{"taxonomy":"product_brand","embeddable":true,"href":"https:\/\/zbranebudai.sk\/hu\/wp-json\/wp\/v2\/product_brand?post=15478"},{"taxonomy":"product_cat","embeddable":true,"href":"https:\/\/zbranebudai.sk\/hu\/wp-json\/wp\/v2\/product_cat?post=15478"},{"taxonomy":"product_tag","embeddable":true,"href":"https:\/\/zbranebudai.sk\/hu\/wp-json\/wp\/v2\/product_tag?post=15478"}],"curies":[{"name":"wp","href":"https:\/\/api.w.org\/{rel}","templated":true}]}}