{"id":15471,"date":"2025-02-17T17:59:19","date_gmt":"2025-02-17T15:59:19","guid":{"rendered":"https:\/\/zbranebudai.sk\/product\/navlek-na-zasobnik-xd-m-elite-10mm-45acp-velkost-1\/"},"modified":"2026-04-09T02:46:53","modified_gmt":"2026-04-09T00:46:53","slug":"xd-m-elite-10mm-45acp-meret-1","status":"publish","type":"product","link":"https:\/\/zbranebudai.sk\/hu\/product\/navlek-na-zasobnik-xd-m-elite-10mm-45acp-velkost-1\/","title":{"rendered":"XD-M ELITE, 10mm\/45ACP, m\u00e9ret-1, t\u00e1rfed\u00e9l"},"content":{"rendered":"","protected":false},"excerpt":{"rendered":"<p>(10mm\/45ACP t\u00e1rh\u00fcvely, m\u00e9ret-1)<\/p>","protected":false},"featured_media":12505,"template":"","meta":{"_gspb_post_css":""},"product_brand":[],"product_cat":[1864,2043,2033,2230,1820],"product_tag":[],"class_list":{"0":"post-15471","1":"product","2":"type-product","3":"status-publish","4":"has-post-thumbnail","6":"product_cat-pistole-zbrane-b-c","7":"product_cat-prislusenstvo-springfield-armory","8":"product_cat-springfield-armory-hs-produkt","9":"product_cat-zasobniky-prislusenstvo-springfield-armory","10":"product_cat-zbrane-b-c","12":"first","13":"outofstock","14":"taxable","15":"shipping-taxable","16":"purchasable","17":"product-type-simple"},"ct_brands":[],"_links":{"self":[{"href":"https:\/\/zbranebudai.sk\/hu\/wp-json\/wp\/v2\/product\/15471","targetHints":{"allow":["GET"]}}],"collection":[{"href":"https:\/\/zbranebudai.sk\/hu\/wp-json\/wp\/v2\/product"}],"about":[{"href":"https:\/\/zbranebudai.sk\/hu\/wp-json\/wp\/v2\/types\/product"}],"wp:featuredmedia":[{"embeddable":true,"href":"https:\/\/zbranebudai.sk\/hu\/wp-json\/wp\/v2\/media\/12505"}],"wp:attachment":[{"href":"https:\/\/zbranebudai.sk\/hu\/wp-json\/wp\/v2\/media?parent=15471"}],"wp:term":[{"taxonomy":"product_brand","embeddable":true,"href":"https:\/\/zbranebudai.sk\/hu\/wp-json\/wp\/v2\/product_brand?post=15471"},{"taxonomy":"product_cat","embeddable":true,"href":"https:\/\/zbranebudai.sk\/hu\/wp-json\/wp\/v2\/product_cat?post=15471"},{"taxonomy":"product_tag","embeddable":true,"href":"https:\/\/zbranebudai.sk\/hu\/wp-json\/wp\/v2\/product_tag?post=15471"}],"curies":[{"name":"wp","href":"https:\/\/api.w.org\/{rel}","templated":true}]}}