{"id":15462,"date":"2025-02-17T17:59:18","date_gmt":"2025-02-17T15:59:18","guid":{"rendered":"https:\/\/zbranebudai.sk\/product\/neoprenovy-navlek-xs149-x108-oranzovy\/"},"modified":"2026-04-09T02:41:54","modified_gmt":"2026-04-09T00:41:54","slug":"neopren-boritas-xs149-x108-narancssarga","status":"publish","type":"product","link":"https:\/\/zbranebudai.sk\/hu\/product\/neoprenovy-navlek-xs149-x108-oranzovy\/","title":{"rendered":"XS149\/X108 narancss\u00e1rga neopr\u00e9n h\u00fcvely"},"content":{"rendered":"","protected":false},"excerpt":{"rendered":"<p>Narancss\u00e1rga neopr\u00e9n h\u00fcvely meger\u0151s\u00edt\u0151 varr\u00e1ssal. Hossza 235 mm, \u00e1tm\u00e9r\u0151: 49 mm.<\/p>","protected":false},"featured_media":12485,"template":"","meta":{"_gspb_post_css":""},"product_brand":[],"product_cat":[2131,2113,2107,1820],"product_tag":[],"class_list":{"0":"post-15462","1":"product","2":"type-product","3":"status-publish","4":"has-post-thumbnail","6":"product_cat-prislusenstvo-stalon","7":"product_cat-stalon","8":"product_cat-tlmice-zbrane-b-c","9":"product_cat-zbrane-b-c","11":"first","12":"instock","13":"taxable","14":"shipping-taxable","15":"purchasable","16":"product-type-simple"},"ct_brands":[],"_links":{"self":[{"href":"https:\/\/zbranebudai.sk\/hu\/wp-json\/wp\/v2\/product\/15462","targetHints":{"allow":["GET"]}}],"collection":[{"href":"https:\/\/zbranebudai.sk\/hu\/wp-json\/wp\/v2\/product"}],"about":[{"href":"https:\/\/zbranebudai.sk\/hu\/wp-json\/wp\/v2\/types\/product"}],"wp:featuredmedia":[{"embeddable":true,"href":"https:\/\/zbranebudai.sk\/hu\/wp-json\/wp\/v2\/media\/12485"}],"wp:attachment":[{"href":"https:\/\/zbranebudai.sk\/hu\/wp-json\/wp\/v2\/media?parent=15462"}],"wp:term":[{"taxonomy":"product_brand","embeddable":true,"href":"https:\/\/zbranebudai.sk\/hu\/wp-json\/wp\/v2\/product_brand?post=15462"},{"taxonomy":"product_cat","embeddable":true,"href":"https:\/\/zbranebudai.sk\/hu\/wp-json\/wp\/v2\/product_cat?post=15462"},{"taxonomy":"product_tag","embeddable":true,"href":"https:\/\/zbranebudai.sk\/hu\/wp-json\/wp\/v2\/product_tag?post=15462"}],"curies":[{"name":"wp","href":"https:\/\/api.w.org\/{rel}","templated":true}]}}