{"id":15456,"date":"2025-02-17T17:59:17","date_gmt":"2025-02-17T15:59:17","guid":{"rendered":"https:\/\/zbranebudai.sk\/product\/zasobnik-xd-m-sf19-9x19-20rd\/"},"modified":"2026-04-16T05:23:53","modified_gmt":"2026-04-16T03:23:53","slug":"henger-xd-m-sf19-9x19-20rd","status":"publish","type":"product","link":"https:\/\/zbranebudai.sk\/hu\/product\/zasobnik-xd-m-sf19-9x19-20rd\/","title":{"rendered":"XD-M\/SF19 t\u00e1r, 9\u00d719, 20db"},"content":{"rendered":"","protected":false},"excerpt":{"rendered":"<p>T\u00f6lt\u00e9nyt\u00e1r XD-M\/SF19, cal. 9\u00d719, 20 t\u00f6lt\u00e9nyes kapacit\u00e1ssal. Sz\u00fcks\u00e9ges a \"Magwel\" meghosszabb\u00edtott t\u00e1rny\u00edl\u00e1s beszerel\u00e9se. A Compact v\u00e1ltozathoz nem haszn\u00e1lhat\u00f3! (No.51\/9442780-00\/Magazine 9mm\/20rd)<\/p>","protected":false},"featured_media":12473,"template":"","meta":{"_gspb_post_css":""},"product_brand":[],"product_cat":[1864,2043,2033,2230,1820],"product_tag":[],"class_list":{"0":"post-15456","1":"product","2":"type-product","3":"status-publish","4":"has-post-thumbnail","6":"product_cat-pistole-zbrane-b-c","7":"product_cat-prislusenstvo-springfield-armory","8":"product_cat-springfield-armory-hs-produkt","9":"product_cat-zasobniky-prislusenstvo-springfield-armory","10":"product_cat-zbrane-b-c","12":"first","13":"instock","14":"taxable","15":"shipping-taxable","16":"purchasable","17":"product-type-simple"},"ct_brands":[],"_links":{"self":[{"href":"https:\/\/zbranebudai.sk\/hu\/wp-json\/wp\/v2\/product\/15456","targetHints":{"allow":["GET"]}}],"collection":[{"href":"https:\/\/zbranebudai.sk\/hu\/wp-json\/wp\/v2\/product"}],"about":[{"href":"https:\/\/zbranebudai.sk\/hu\/wp-json\/wp\/v2\/types\/product"}],"wp:featuredmedia":[{"embeddable":true,"href":"https:\/\/zbranebudai.sk\/hu\/wp-json\/wp\/v2\/media\/12473"}],"wp:attachment":[{"href":"https:\/\/zbranebudai.sk\/hu\/wp-json\/wp\/v2\/media?parent=15456"}],"wp:term":[{"taxonomy":"product_brand","embeddable":true,"href":"https:\/\/zbranebudai.sk\/hu\/wp-json\/wp\/v2\/product_brand?post=15456"},{"taxonomy":"product_cat","embeddable":true,"href":"https:\/\/zbranebudai.sk\/hu\/wp-json\/wp\/v2\/product_cat?post=15456"},{"taxonomy":"product_tag","embeddable":true,"href":"https:\/\/zbranebudai.sk\/hu\/wp-json\/wp\/v2\/product_tag?post=15456"}],"curies":[{"name":"wp","href":"https:\/\/api.w.org\/{rel}","templated":true}]}}