{"id":15455,"date":"2025-02-17T17:59:17","date_gmt":"2025-02-17T15:59:17","guid":{"rendered":"https:\/\/zbranebudai.sk\/product\/zasobnik-xd-m-elite-10mm-auto-16rd\/"},"modified":"2026-04-09T02:41:53","modified_gmt":"2026-04-09T00:41:53","slug":"xd-m-elite-10mm-auto-16rd-tank","status":"publish","type":"product","link":"https:\/\/zbranebudai.sk\/hu\/product\/zasobnik-xd-m-elite-10mm-auto-16rd\/","title":{"rendered":"XD-M ELITE, 10mm Auto, 16 t\u00f6lt\u00e9nyhellyel"},"content":{"rendered":"","protected":false},"excerpt":{"rendered":"<p>XD-M ELITE, 10 mm-es automata 16 t\u00f6lt\u00e9nyes t\u00e1r. A COMPACT verzi\u00f3val val\u00f3 haszn\u00e1lathoz t\u00e1rh\u00fcvelyt kell v\u00e1s\u00e1rolni. (51\/9447780-00\/XDM ELITE 10mm-es, 16 t\u00f6lt\u00e9nyhellyel rendelkez\u0151 magazin)<\/p>","protected":false},"featured_media":12471,"template":"","meta":{"_gspb_post_css":""},"product_brand":[],"product_cat":[1864,2043,2033,2230,1820],"product_tag":[],"class_list":{"0":"post-15455","1":"product","2":"type-product","3":"status-publish","4":"has-post-thumbnail","6":"product_cat-pistole-zbrane-b-c","7":"product_cat-prislusenstvo-springfield-armory","8":"product_cat-springfield-armory-hs-produkt","9":"product_cat-zasobniky-prislusenstvo-springfield-armory","10":"product_cat-zbrane-b-c","12":"first","13":"instock","14":"taxable","15":"shipping-taxable","16":"purchasable","17":"product-type-simple"},"ct_brands":[],"_links":{"self":[{"href":"https:\/\/zbranebudai.sk\/hu\/wp-json\/wp\/v2\/product\/15455","targetHints":{"allow":["GET"]}}],"collection":[{"href":"https:\/\/zbranebudai.sk\/hu\/wp-json\/wp\/v2\/product"}],"about":[{"href":"https:\/\/zbranebudai.sk\/hu\/wp-json\/wp\/v2\/types\/product"}],"wp:featuredmedia":[{"embeddable":true,"href":"https:\/\/zbranebudai.sk\/hu\/wp-json\/wp\/v2\/media\/12471"}],"wp:attachment":[{"href":"https:\/\/zbranebudai.sk\/hu\/wp-json\/wp\/v2\/media?parent=15455"}],"wp:term":[{"taxonomy":"product_brand","embeddable":true,"href":"https:\/\/zbranebudai.sk\/hu\/wp-json\/wp\/v2\/product_brand?post=15455"},{"taxonomy":"product_cat","embeddable":true,"href":"https:\/\/zbranebudai.sk\/hu\/wp-json\/wp\/v2\/product_cat?post=15455"},{"taxonomy":"product_tag","embeddable":true,"href":"https:\/\/zbranebudai.sk\/hu\/wp-json\/wp\/v2\/product_tag?post=15455"}],"curies":[{"name":"wp","href":"https:\/\/api.w.org\/{rel}","templated":true}]}}