{"id":15447,"date":"2025-02-17T17:59:16","date_gmt":"2025-02-17T15:59:16","guid":{"rendered":"https:\/\/zbranebudai.sk\/product\/zasobnik-xd-m-elite-10mm-auto-15rd\/"},"modified":"2026-04-16T05:24:54","modified_gmt":"2026-04-16T03:24:54","slug":"xd-m-elite-10mm-auto-15rd-adagolo","status":"publish","type":"product","link":"https:\/\/zbranebudai.sk\/hu\/product\/zasobnik-xd-m-elite-10mm-auto-15rd\/","title":{"rendered":"XD-M ELITE, 10mm Auto, 15d magazin"},"content":{"rendered":"","protected":false},"excerpt":{"rendered":"<p>XD-M ELITE, 10 mm-es automata t\u00e1r 15 t\u00f6lt\u00e9nyes kapacit\u00e1ssal (a t\u00f6lcs\u00e9rt el kell t\u00e1vol\u00edtani a t\u00e1rny\u00edl\u00e1sb\u00f3l). A COMPACT verzi\u00f3val val\u00f3 haszn\u00e1lathoz t\u00e1rh\u00fcvelyt kell v\u00e1s\u00e1rolni.  (XD-M ELITE magazin 10mm, 15 t\u00f6lt\u00e9nyhellyel)<\/p>","protected":false},"featured_media":12455,"template":"","meta":{"_gspb_post_css":""},"product_brand":[],"product_cat":[1864,2043,2033,2230,1820],"product_tag":[],"class_list":{"0":"post-15447","1":"product","2":"type-product","3":"status-publish","4":"has-post-thumbnail","6":"product_cat-pistole-zbrane-b-c","7":"product_cat-prislusenstvo-springfield-armory","8":"product_cat-springfield-armory-hs-produkt","9":"product_cat-zasobniky-prislusenstvo-springfield-armory","10":"product_cat-zbrane-b-c","12":"first","13":"outofstock","14":"taxable","15":"shipping-taxable","16":"purchasable","17":"product-type-simple"},"ct_brands":[],"_links":{"self":[{"href":"https:\/\/zbranebudai.sk\/hu\/wp-json\/wp\/v2\/product\/15447","targetHints":{"allow":["GET"]}}],"collection":[{"href":"https:\/\/zbranebudai.sk\/hu\/wp-json\/wp\/v2\/product"}],"about":[{"href":"https:\/\/zbranebudai.sk\/hu\/wp-json\/wp\/v2\/types\/product"}],"wp:featuredmedia":[{"embeddable":true,"href":"https:\/\/zbranebudai.sk\/hu\/wp-json\/wp\/v2\/media\/12455"}],"wp:attachment":[{"href":"https:\/\/zbranebudai.sk\/hu\/wp-json\/wp\/v2\/media?parent=15447"}],"wp:term":[{"taxonomy":"product_brand","embeddable":true,"href":"https:\/\/zbranebudai.sk\/hu\/wp-json\/wp\/v2\/product_brand?post=15447"},{"taxonomy":"product_cat","embeddable":true,"href":"https:\/\/zbranebudai.sk\/hu\/wp-json\/wp\/v2\/product_cat?post=15447"},{"taxonomy":"product_tag","embeddable":true,"href":"https:\/\/zbranebudai.sk\/hu\/wp-json\/wp\/v2\/product_tag?post=15447"}],"curies":[{"name":"wp","href":"https:\/\/api.w.org\/{rel}","templated":true}]}}