{"id":15443,"date":"2025-02-17T17:59:15","date_gmt":"2025-02-17T15:59:15","guid":{"rendered":"https:\/\/zbranebudai.sk\/product\/zostava-vratnej-pruziny-usp-9x19-40sw\/"},"modified":"2026-04-09T02:41:54","modified_gmt":"2026-04-09T00:41:54","slug":"visszarugo-szerelveny-usp-9x19-40sw","status":"publish","type":"product","link":"https:\/\/zbranebudai.sk\/hu\/product\/zostava-vratnej-pruziny-usp-9x19-40sw\/","title":{"rendered":"Visszarug\u00f3 egys\u00e9g USP 9\u00d719\/.40SW"},"content":{"rendered":"","protected":false},"excerpt":{"rendered":"","protected":false},"featured_media":12446,"template":"","meta":{"_gspb_post_css":""},"product_brand":[],"product_cat":[1865,1949,1864,1888,1820],"product_tag":[],"class_list":{"0":"post-15443","1":"product","2":"type-product","3":"status-publish","4":"has-post-thumbnail","6":"product_cat-heckler-koch-pistole-zbrane-b-c","7":"product_cat-nahradne-diely-prislusenstvo-heckler-koch","8":"product_cat-pistole-zbrane-b-c","9":"product_cat-prislusenstvo-heckler-koch","10":"product_cat-zbrane-b-c","12":"first","13":"outofstock","14":"taxable","15":"shipping-taxable","16":"purchasable","17":"product-type-simple"},"ct_brands":[],"_links":{"self":[{"href":"https:\/\/zbranebudai.sk\/hu\/wp-json\/wp\/v2\/product\/15443","targetHints":{"allow":["GET"]}}],"collection":[{"href":"https:\/\/zbranebudai.sk\/hu\/wp-json\/wp\/v2\/product"}],"about":[{"href":"https:\/\/zbranebudai.sk\/hu\/wp-json\/wp\/v2\/types\/product"}],"wp:featuredmedia":[{"embeddable":true,"href":"https:\/\/zbranebudai.sk\/hu\/wp-json\/wp\/v2\/media\/12446"}],"wp:attachment":[{"href":"https:\/\/zbranebudai.sk\/hu\/wp-json\/wp\/v2\/media?parent=15443"}],"wp:term":[{"taxonomy":"product_brand","embeddable":true,"href":"https:\/\/zbranebudai.sk\/hu\/wp-json\/wp\/v2\/product_brand?post=15443"},{"taxonomy":"product_cat","embeddable":true,"href":"https:\/\/zbranebudai.sk\/hu\/wp-json\/wp\/v2\/product_cat?post=15443"},{"taxonomy":"product_tag","embeddable":true,"href":"https:\/\/zbranebudai.sk\/hu\/wp-json\/wp\/v2\/product_tag?post=15443"}],"curies":[{"name":"wp","href":"https:\/\/api.w.org\/{rel}","templated":true}]}}