{"id":15421,"date":"2025-02-17T17:59:13","date_gmt":"2025-02-17T15:59:13","guid":{"rendered":"https:\/\/zbranebudai.sk\/product\/sako-90-bavarian-kal-22-250rem-ws-dm-st-22-4in\/"},"modified":"2026-04-16T05:22:40","modified_gmt":"2026-04-16T03:22:40","slug":"kopeny-90-bavarian-cal-22-250rem-ws-dm-st-22-4in","status":"publish","type":"product","link":"https:\/\/zbranebudai.sk\/hu\/product\/sako-90-bavarian-kal-22-250rem-ws-dm-st-22-4in\/","title":{"rendered":"Sako 90 Bavarian, cal. .22-250Rem. (WS DM ST 22.4in)"},"content":{"rendered":"<p>PARAM\u00c9TEREK:<\/p>\n<p>Cs\u0151hossz: 570 mm (22.4\u2033)<br \/>\nTeljes hossz: 1073 mm<br \/>\nT\u00e1lcakapacit\u00e1s: 5<br \/>\nCs\u0151oszt\u00e1s: 1:14\u2033<br \/>\nPicatinny s\u00edn: Nem<br \/>\nA hord\u00f3: ac\u00e9l: Feket\u00e9re festett ac\u00e9l<br \/>\n\u00cdg\u00e9ret: F\u00e1b\u00f3l k\u00e9sz\u00fclt<br \/>\nS\u00faly: 3,4 kg<\/p>","protected":false},"excerpt":{"rendered":"<p>A 90 Bavarian kab\u00e1t egy mesterm\u0171, amely a sz\u00e9ps\u00e9get \u00e9s a hagyom\u00e1nyt \u00f6tv\u00f6zi a 90 kab\u00e1tcsal\u00e1d modern \u00e9s sokoldal\u00fa platformj\u00e1val. Ezt a gy\u00f6ny\u00f6r\u0171 pusk\u00e1t \u00fcl\u0151 helyzetben t\u00f6rt\u00e9n\u0151 vad\u00e1szatra tervezt\u00e9k, ahol a t\u0171zsz\u00f6g gyorsan v\u00e1ltozhat lefel\u00e9. A bajor mindig fel van szerelve egy kakasind\u00edt\u00f3val \u00e9s egy Optilok horonnyal ell\u00e1tott reteszh\u00e1zzal, amely tiszta kil\u00e1t\u00e1st biztos\u00edt a gyakran a bajorokra szerelt c\u00e9lz\u00f3k\u00e9sz\u00fcl\u00e9kekre. A kompatibilis kaliberek sz\u00e9les v\u00e1laszt\u00e9ka b\u0151v\u00edti e gy\u00f6ny\u00f6r\u0171 puska felhaszn\u00e1l\u00e1si lehet\u0151s\u00e9geit. Hidegen kov\u00e1csolt, rozsdamentes, szat\u00e9nozott fel\u00fclet\u0171 cs\u0151, amely a leg\u00fajabb Sako technol\u00f3gia szerint k\u00e9sz\u00fclt. A furat \u00e9s a pitch minden kaliberhez \u00fagy van kiv\u00e1lasztva, hogy optimaliz\u00e1lja a teljes\u00edtm\u00e9nyt \u00e9s a pontoss\u00e1got. A rozsdamentes ac\u00e9lb\u00f3l k\u00e9sz\u00fclt k\u00e9tsoros t\u00e1r a kil\u00f6v\u0151ny\u00edl\u00e1son kereszt\u00fcl is t\u00f6lthet\u0151. Az egyed\u00fcl\u00e1ll\u00f3 reteszkiold\u00f3 gomb lehet\u0151v\u00e9 teszi a l\u0151szer behelyez\u00e9s\u00e9t vagy elt\u00e1vol\u00edt\u00e1s\u00e1t a t\u00e1rb\u00f3l akkor is, ha a fegyver z\u00e1rva van. \u00c1ll\u00edthat\u00f3 ravaszellen\u00e1ll\u00e1s. Kiv\u00e1l\u00f3 ergon\u00f3mia maxim\u00e1lis pontoss\u00e1ggal, megb\u00edzhat\u00f3s\u00e1ggal \u00e9s a legsim\u00e1bb m\u0171k\u00f6d\u00e9ssel a piacon. Ide\u00e1lis az eleganci\u00e1ra t\u00f6rekv\u0151 vad\u00e1szok sz\u00e1m\u00e1ra.<\/p>","protected":false},"featured_media":12388,"template":"","meta":{"_gspb_post_css":""},"product_brand":[],"product_cat":[2147,1821,1822,2143,1820],"product_tag":[],"class_list":{"0":"post-15421","1":"product","2":"type-product","3":"status-publish","4":"has-post-thumbnail","6":"product_cat-90-bavarian","7":"product_cat-gulovnice-zbrane-b-c","8":"product_cat-sako","9":"product_cat-sako-90","10":"product_cat-zbrane-b-c","12":"first","13":"outofstock","14":"taxable","15":"shipping-taxable","16":"purchasable","17":"product-type-simple"},"ct_brands":[],"_links":{"self":[{"href":"https:\/\/zbranebudai.sk\/hu\/wp-json\/wp\/v2\/product\/15421","targetHints":{"allow":["GET"]}}],"collection":[{"href":"https:\/\/zbranebudai.sk\/hu\/wp-json\/wp\/v2\/product"}],"about":[{"href":"https:\/\/zbranebudai.sk\/hu\/wp-json\/wp\/v2\/types\/product"}],"wp:featuredmedia":[{"embeddable":true,"href":"https:\/\/zbranebudai.sk\/hu\/wp-json\/wp\/v2\/media\/12388"}],"wp:attachment":[{"href":"https:\/\/zbranebudai.sk\/hu\/wp-json\/wp\/v2\/media?parent=15421"}],"wp:term":[{"taxonomy":"product_brand","embeddable":true,"href":"https:\/\/zbranebudai.sk\/hu\/wp-json\/wp\/v2\/product_brand?post=15421"},{"taxonomy":"product_cat","embeddable":true,"href":"https:\/\/zbranebudai.sk\/hu\/wp-json\/wp\/v2\/product_cat?post=15421"},{"taxonomy":"product_tag","embeddable":true,"href":"https:\/\/zbranebudai.sk\/hu\/wp-json\/wp\/v2\/product_tag?post=15421"}],"curies":[{"name":"wp","href":"https:\/\/api.w.org\/{rel}","templated":true}]}}