{"id":15419,"date":"2025-02-17T17:59:12","date_gmt":"2025-02-17T15:59:12","guid":{"rendered":"https:\/\/zbranebudai.sk\/product\/tikka-t3x-superlite-kal-30-06spr-ns-fl-ss-3rd-22-4in-mt15x1\/"},"modified":"2026-04-30T10:43:23","modified_gmt":"2026-04-30T08:43:23","slug":"tikka-t3x-superlite-kal-30-06spr-ns-fl-ss-3-22-4in-mt15x1","status":"publish","type":"product","link":"https:\/\/zbranebudai.sk\/hu\/product\/tikka-t3x-superlite-kal-30-06spr-ns-fl-ss-3rd-22-4in-mt15x1\/","title":{"rendered":"Tikka T3x Superlite, cal. .30-06Spr. (NS FL SS 3rd 22.4in MT15x1)"},"content":{"rendered":"<p>PARAM\u00c9TEREK:<\/p>\n<p>Cs\u0151hossz: 570 mm (22.4\u2033)<br \/>\nTeljes hossz: 1082 mm<br \/>\nT\u00e1lcakapacit\u00e1s: 3<br \/>\nCs\u0151oszt\u00e1s: 1:10\u2033<br \/>\nPicatinny s\u00edn: nem<br \/>\nA hord\u00f3: Rozsdamentes ac\u00e9l<br \/>\n\u00cdg\u00e9ret: M\u0171anyag<br \/>\nS\u00faly: 2,8 kg<\/p>","protected":false},"excerpt":{"rendered":"<p>Amikor a kompromisszum egyszer\u0171en nem j\u00f6het sz\u00f3ba. A T3x Fluted Barrel nagy teljes\u00edtm\u00e9nyt k\u00edn\u00e1l, amely k\u00f6nny\u0171 csomagban \u00e9rkezik. A Lite modellek a T3x szintetikus sz\u00e1rral, alacsony sz\u00f6g\u0171 markolattal \u00e9s modul\u00e1ris funkci\u00f3kkal rendelkeznek, amelyek lehet\u0151v\u00e9 teszik a maxim\u00e1lis testreszab\u00e1st.<\/p>","protected":false},"featured_media":12384,"template":"","meta":{"_gspb_post_css":""},"product_brand":[],"product_cat":[1821,1955,1975,1854,1861,1820],"product_tag":[],"class_list":{"0":"post-15419","1":"product","2":"type-product","3":"status-publish","4":"has-post-thumbnail","6":"product_cat-gulovnice-zbrane-b-c","7":"product_cat-t3x-lite-series","8":"product_cat-t3x-superlite","9":"product_cat-tikka","10":"product_cat-tikka-t3x","11":"product_cat-zbrane-b-c","13":"first","14":"instock","15":"taxable","16":"shipping-taxable","17":"purchasable","18":"product-type-simple"},"ct_brands":[],"_links":{"self":[{"href":"https:\/\/zbranebudai.sk\/hu\/wp-json\/wp\/v2\/product\/15419","targetHints":{"allow":["GET"]}}],"collection":[{"href":"https:\/\/zbranebudai.sk\/hu\/wp-json\/wp\/v2\/product"}],"about":[{"href":"https:\/\/zbranebudai.sk\/hu\/wp-json\/wp\/v2\/types\/product"}],"wp:featuredmedia":[{"embeddable":true,"href":"https:\/\/zbranebudai.sk\/hu\/wp-json\/wp\/v2\/media\/12384"}],"wp:attachment":[{"href":"https:\/\/zbranebudai.sk\/hu\/wp-json\/wp\/v2\/media?parent=15419"}],"wp:term":[{"taxonomy":"product_brand","embeddable":true,"href":"https:\/\/zbranebudai.sk\/hu\/wp-json\/wp\/v2\/product_brand?post=15419"},{"taxonomy":"product_cat","embeddable":true,"href":"https:\/\/zbranebudai.sk\/hu\/wp-json\/wp\/v2\/product_cat?post=15419"},{"taxonomy":"product_tag","embeddable":true,"href":"https:\/\/zbranebudai.sk\/hu\/wp-json\/wp\/v2\/product_tag?post=15419"}],"curies":[{"name":"wp","href":"https:\/\/api.w.org\/{rel}","templated":true}]}}