{"id":15413,"date":"2025-02-17T17:59:12","date_gmt":"2025-02-17T15:59:12","guid":{"rendered":"https:\/\/zbranebudai.sk\/product\/kolik-indikatora-naboja-v-komore-xd-xd-m-sf19-g2-line\/"},"modified":"2026-04-16T05:20:54","modified_gmt":"2026-04-16T03:20:54","slug":"hany-toltesjelzo-van-a-kamraban-xd-xd-m-sf19-g2-vonalban","status":"publish","type":"product","link":"https:\/\/zbranebudai.sk\/hu\/product\/kolik-indikatora-naboja-v-komore-xd-xd-m-sf19-g2-line\/","title":{"rendered":"T\u00f6lt\u00e9sjelz\u0151 t\u0171 a kamr\u00e1ban XD\/XD-M\/SF19\/G2 vonalban"},"content":{"rendered":"","protected":false},"excerpt":{"rendered":"<p>No.38\/482640\/FELAD\u00c1S-INDIK\u00c1TOR KIS PIN-k\u00f3dja<\/p>","protected":false},"featured_media":12372,"template":"","meta":{"_gspb_post_css":""},"product_brand":[],"product_cat":[2078,1864,2043,2033,1820],"product_tag":[],"class_list":{"0":"post-15413","1":"product","2":"type-product","3":"status-publish","4":"has-post-thumbnail","6":"product_cat-nahradne-diely-prislusenstvo-springfield-armory","7":"product_cat-pistole-zbrane-b-c","8":"product_cat-prislusenstvo-springfield-armory","9":"product_cat-springfield-armory-hs-produkt","10":"product_cat-zbrane-b-c","12":"first","13":"instock","14":"taxable","15":"shipping-taxable","16":"purchasable","17":"product-type-simple"},"ct_brands":[],"_links":{"self":[{"href":"https:\/\/zbranebudai.sk\/hu\/wp-json\/wp\/v2\/product\/15413","targetHints":{"allow":["GET"]}}],"collection":[{"href":"https:\/\/zbranebudai.sk\/hu\/wp-json\/wp\/v2\/product"}],"about":[{"href":"https:\/\/zbranebudai.sk\/hu\/wp-json\/wp\/v2\/types\/product"}],"wp:featuredmedia":[{"embeddable":true,"href":"https:\/\/zbranebudai.sk\/hu\/wp-json\/wp\/v2\/media\/12372"}],"wp:attachment":[{"href":"https:\/\/zbranebudai.sk\/hu\/wp-json\/wp\/v2\/media?parent=15413"}],"wp:term":[{"taxonomy":"product_brand","embeddable":true,"href":"https:\/\/zbranebudai.sk\/hu\/wp-json\/wp\/v2\/product_brand?post=15413"},{"taxonomy":"product_cat","embeddable":true,"href":"https:\/\/zbranebudai.sk\/hu\/wp-json\/wp\/v2\/product_cat?post=15413"},{"taxonomy":"product_tag","embeddable":true,"href":"https:\/\/zbranebudai.sk\/hu\/wp-json\/wp\/v2\/product_tag?post=15413"}],"curies":[{"name":"wp","href":"https:\/\/api.w.org\/{rel}","templated":true}]}}