{"id":15410,"date":"2025-02-17T17:59:11","date_gmt":"2025-02-17T15:59:11","guid":{"rendered":"https:\/\/zbranebudai.sk\/product\/tikka-t3x-lite-adjustable-lh-kal-223rem-ns-4rd-20in-mt15x1\/"},"modified":"2026-04-23T07:59:17","modified_gmt":"2026-04-23T05:59:17","slug":"tikka-t3x-lite-allithato-lh-kal-223rem-ns-4rd-20in-mt15x1","status":"publish","type":"product","link":"https:\/\/zbranebudai.sk\/hu\/product\/tikka-t3x-lite-adjustable-lh-kal-223rem-ns-4rd-20in-mt15x1\/","title":{"rendered":"Tikka T3x Lite \u00e1ll\u00edthat\u00f3 LH, cal. .223Rem. (NS 4rd 20in MT15x1)"},"content":{"rendered":"<p>PARAM\u00c9TEREK:<\/p>\n<p>Cs\u0151hossz: 510 mm (20 in)<br \/>\nTeljes hossz: 1021 mm<br \/>\nT\u00e1lcakapacit\u00e1s: 3<br \/>\nCs\u0151oszt\u00e1s: 1:8\u2033<br \/>\nPicatinny s\u00edn: nem<br \/>\nA hord\u00f3: ac\u00e9l: Feket\u00e9re festett ac\u00e9l<br \/>\n\u00cdg\u00e9ret: Szintetikus<br \/>\nS\u00faly: 3,2 kg<\/p>","protected":false},"excerpt":{"rendered":"<p>A T3x LITE Adjustable egyes\u00edti a nagy teljes\u00edtm\u00e9nyt a k\u00f6nny\u0171s\u00e9ggel. A standard LITE modellhez k\u00e9pest a fegyver szintetikus sz\u00e1rral van felszerelve, \u00e1ll\u00edthat\u00f3 orr-r\u00e9sszel.<\/p>","protected":false},"featured_media":12358,"template":"","meta":{"_gspb_post_css":""},"product_brand":[],"product_cat":[1821,2053,1955,1854,1861,1820],"product_tag":[],"class_list":{"0":"post-15410","1":"product","2":"type-product","3":"status-publish","4":"has-post-thumbnail","6":"product_cat-gulovnice-zbrane-b-c","7":"product_cat-t3x-lite-adjustable","8":"product_cat-t3x-lite-series","9":"product_cat-tikka","10":"product_cat-tikka-t3x","11":"product_cat-zbrane-b-c","13":"first","14":"outofstock","15":"taxable","16":"shipping-taxable","17":"purchasable","18":"product-type-simple"},"ct_brands":[],"_links":{"self":[{"href":"https:\/\/zbranebudai.sk\/hu\/wp-json\/wp\/v2\/product\/15410","targetHints":{"allow":["GET"]}}],"collection":[{"href":"https:\/\/zbranebudai.sk\/hu\/wp-json\/wp\/v2\/product"}],"about":[{"href":"https:\/\/zbranebudai.sk\/hu\/wp-json\/wp\/v2\/types\/product"}],"wp:featuredmedia":[{"embeddable":true,"href":"https:\/\/zbranebudai.sk\/hu\/wp-json\/wp\/v2\/media\/12358"}],"wp:attachment":[{"href":"https:\/\/zbranebudai.sk\/hu\/wp-json\/wp\/v2\/media?parent=15410"}],"wp:term":[{"taxonomy":"product_brand","embeddable":true,"href":"https:\/\/zbranebudai.sk\/hu\/wp-json\/wp\/v2\/product_brand?post=15410"},{"taxonomy":"product_cat","embeddable":true,"href":"https:\/\/zbranebudai.sk\/hu\/wp-json\/wp\/v2\/product_cat?post=15410"},{"taxonomy":"product_tag","embeddable":true,"href":"https:\/\/zbranebudai.sk\/hu\/wp-json\/wp\/v2\/product_tag?post=15410"}],"curies":[{"name":"wp","href":"https:\/\/api.w.org\/{rel}","templated":true}]}}