{"id":15409,"date":"2025-02-17T17:59:11","date_gmt":"2025-02-17T15:59:11","guid":{"rendered":"https:\/\/zbranebudai.sk\/product\/popruh-na-gulovnicu-sako-s20-qd-3hgr-takedown\/"},"modified":"2026-04-16T05:19:54","modified_gmt":"2026-04-16T03:19:54","slug":"golyos-pantos-kabat-s20-qd-3hgr-takedown","status":"publish","type":"product","link":"https:\/\/zbranebudai.sk\/hu\/product\/popruh-na-gulovnicu-sako-s20-qd-3hgr-takedown\/","title":{"rendered":"SAKO S20 QD 3HGR Takedown puskasz\u00edj"},"content":{"rendered":"","protected":false},"excerpt":{"rendered":"<p>A SAKO S20 QD 3HGR Takedown Rifle Sling egy kiv\u00e1l\u00f3 fegyverheveder, amely rendk\u00edv\u00fcli sokoldal\u00fas\u00e1got \u00e9s variabilit\u00e1st k\u00edn\u00e1l. Ide\u00e1lis f\u00e1r\u00f3l vagy \u00fcl\u0151helyr\u0151l t\u00f6rt\u00e9n\u0151 vad\u00e1szathoz. Amikor nem hordoz\u00e1sra haszn\u00e1lja a hevedert, akkor a sz\u00e1rhoz szor\u00edthatja, \u00edgy a heveder nem fog \u00f6sszegabalyodni \u00e9s zajt csapni a vad\u00e1szat legfontosabb pillanataiban. A forg\u00f3 QD hurokkal gyorsan fel\/lecsatolhat\u00f3, \u00e9s lehet\u0151v\u00e9 teszi, hogy a pusk\u00e1t h\u00e1ton, el\u00f6l, torkolattal lefel\u00e9 vagy felfel\u00e9 hordja. A Sako S20 pusk\u00e1hoz tervezt\u00e9k. Finnorsz\u00e1gban k\u00e9sz\u00fclt.<\/p>","protected":false},"featured_media":12356,"template":"","meta":{"_gspb_post_css":""},"product_brand":[],"product_cat":[1939,1821,1928,1822,1820],"product_tag":[],"class_list":{"0":"post-15409","1":"product","2":"type-product","3":"status-publish","4":"has-post-thumbnail","6":"product_cat-doplnky-prislusenstvo-sako","7":"product_cat-gulovnice-zbrane-b-c","8":"product_cat-prislusenstvo-sako","9":"product_cat-sako","10":"product_cat-zbrane-b-c","12":"first","13":"outofstock","14":"taxable","15":"shipping-taxable","16":"purchasable","17":"product-type-simple"},"ct_brands":[],"_links":{"self":[{"href":"https:\/\/zbranebudai.sk\/hu\/wp-json\/wp\/v2\/product\/15409","targetHints":{"allow":["GET"]}}],"collection":[{"href":"https:\/\/zbranebudai.sk\/hu\/wp-json\/wp\/v2\/product"}],"about":[{"href":"https:\/\/zbranebudai.sk\/hu\/wp-json\/wp\/v2\/types\/product"}],"wp:featuredmedia":[{"embeddable":true,"href":"https:\/\/zbranebudai.sk\/hu\/wp-json\/wp\/v2\/media\/12356"}],"wp:attachment":[{"href":"https:\/\/zbranebudai.sk\/hu\/wp-json\/wp\/v2\/media?parent=15409"}],"wp:term":[{"taxonomy":"product_brand","embeddable":true,"href":"https:\/\/zbranebudai.sk\/hu\/wp-json\/wp\/v2\/product_brand?post=15409"},{"taxonomy":"product_cat","embeddable":true,"href":"https:\/\/zbranebudai.sk\/hu\/wp-json\/wp\/v2\/product_cat?post=15409"},{"taxonomy":"product_tag","embeddable":true,"href":"https:\/\/zbranebudai.sk\/hu\/wp-json\/wp\/v2\/product_tag?post=15409"}],"curies":[{"name":"wp","href":"https:\/\/api.w.org\/{rel}","templated":true}]}}