{"id":15408,"date":"2025-02-17T17:59:11","date_gmt":"2025-02-17T15:59:11","guid":{"rendered":"https:\/\/zbranebudai.sk\/product\/muska-hiviz-pre-ruger-mark-series-22-45-12017\/"},"modified":"2026-04-16T04:43:56","modified_gmt":"2026-04-16T02:43:56","slug":"muska-hiviz-a-ruger-mark-sorozat-22-45-12017","status":"publish","type":"product","link":"https:\/\/zbranebudai.sk\/hu\/product\/muska-hiviz-pre-ruger-mark-series-22-45-12017\/","title":{"rendered":"HiViz\u00ae l\u00e9gy Ruger Mark Series 22\/45 (12017)"},"content":{"rendered":"","protected":false},"excerpt":{"rendered":"<p>HiViz\u00ae c\u00e9lz\u00f3k\u00e9sz\u00fcl\u00e9k a Mark III \u00e9s IV\u2122 22\/45\u2122 pisztolyokhoz, csavaros el\u00fcls\u0151 c\u00e9lz\u00f3k\u00e9sz\u00fcl\u00e9kkel.<\/p>","protected":false},"featured_media":12354,"template":"","meta":{"_gspb_post_css":""},"product_brand":[],"product_cat":[1864,1898,1877,1820],"product_tag":[],"class_list":{"0":"post-15408","1":"product","2":"type-product","3":"status-publish","4":"has-post-thumbnail","6":"product_cat-pistole-zbrane-b-c","7":"product_cat-prislusenstvo-ruger-ruger-pistole-zbrane-b-c","8":"product_cat-ruger-pistole-zbrane-b-c","9":"product_cat-zbrane-b-c","11":"first","12":"instock","13":"taxable","14":"shipping-taxable","15":"purchasable","16":"product-type-simple"},"ct_brands":[],"_links":{"self":[{"href":"https:\/\/zbranebudai.sk\/hu\/wp-json\/wp\/v2\/product\/15408","targetHints":{"allow":["GET"]}}],"collection":[{"href":"https:\/\/zbranebudai.sk\/hu\/wp-json\/wp\/v2\/product"}],"about":[{"href":"https:\/\/zbranebudai.sk\/hu\/wp-json\/wp\/v2\/types\/product"}],"wp:featuredmedia":[{"embeddable":true,"href":"https:\/\/zbranebudai.sk\/hu\/wp-json\/wp\/v2\/media\/12354"}],"wp:attachment":[{"href":"https:\/\/zbranebudai.sk\/hu\/wp-json\/wp\/v2\/media?parent=15408"}],"wp:term":[{"taxonomy":"product_brand","embeddable":true,"href":"https:\/\/zbranebudai.sk\/hu\/wp-json\/wp\/v2\/product_brand?post=15408"},{"taxonomy":"product_cat","embeddable":true,"href":"https:\/\/zbranebudai.sk\/hu\/wp-json\/wp\/v2\/product_cat?post=15408"},{"taxonomy":"product_tag","embeddable":true,"href":"https:\/\/zbranebudai.sk\/hu\/wp-json\/wp\/v2\/product_tag?post=15408"}],"curies":[{"name":"wp","href":"https:\/\/api.w.org\/{rel}","templated":true}]}}