{"id":15400,"date":"2025-02-17T17:59:10","date_gmt":"2025-02-17T15:59:10","guid":{"rendered":"https:\/\/zbranebudai.sk\/product\/muska-echelon-triciova-s-bielym-kruzkom-zvysena\/"},"modified":"2026-04-16T05:23:53","modified_gmt":"2026-04-16T03:23:53","slug":"muska-echelon-trikolor-feher-korrel-felemelve","status":"publish","type":"product","link":"https:\/\/zbranebudai.sk\/hu\/product\/muska-echelon-triciova-s-bielym-kruzkom-zvysena\/","title":{"rendered":"L\u00e9gy ECHELON tr\u00edcium l\u00e9gy feh\u00e9r gy\u0171r\u0171vel - megemelve"},"content":{"rendered":"","protected":false},"excerpt":{"rendered":"<p>Megemelt l\u00e9gy, amely alkalmas hangtomp\u00edt\u00f3val val\u00f3 haszn\u00e1latra. (076204\/FRONT SIGHT DELTA POINT PRO RING FLY)<\/p>","protected":false},"featured_media":12338,"template":"","meta":{"_gspb_post_css":""},"product_brand":[],"product_cat":[2051,1864,2043,2033,1820],"product_tag":[],"class_list":{"0":"post-15400","1":"product","2":"type-product","3":"status-publish","4":"has-post-thumbnail","6":"product_cat-mieridla-prislusenstvo-springfield-armory","7":"product_cat-pistole-zbrane-b-c","8":"product_cat-prislusenstvo-springfield-armory","9":"product_cat-springfield-armory-hs-produkt","10":"product_cat-zbrane-b-c","12":"first","13":"instock","14":"taxable","15":"shipping-taxable","16":"purchasable","17":"product-type-simple"},"ct_brands":[],"_links":{"self":[{"href":"https:\/\/zbranebudai.sk\/hu\/wp-json\/wp\/v2\/product\/15400","targetHints":{"allow":["GET"]}}],"collection":[{"href":"https:\/\/zbranebudai.sk\/hu\/wp-json\/wp\/v2\/product"}],"about":[{"href":"https:\/\/zbranebudai.sk\/hu\/wp-json\/wp\/v2\/types\/product"}],"wp:featuredmedia":[{"embeddable":true,"href":"https:\/\/zbranebudai.sk\/hu\/wp-json\/wp\/v2\/media\/12338"}],"wp:attachment":[{"href":"https:\/\/zbranebudai.sk\/hu\/wp-json\/wp\/v2\/media?parent=15400"}],"wp:term":[{"taxonomy":"product_brand","embeddable":true,"href":"https:\/\/zbranebudai.sk\/hu\/wp-json\/wp\/v2\/product_brand?post=15400"},{"taxonomy":"product_cat","embeddable":true,"href":"https:\/\/zbranebudai.sk\/hu\/wp-json\/wp\/v2\/product_cat?post=15400"},{"taxonomy":"product_tag","embeddable":true,"href":"https:\/\/zbranebudai.sk\/hu\/wp-json\/wp\/v2\/product_tag?post=15400"}],"curies":[{"name":"wp","href":"https:\/\/api.w.org\/{rel}","templated":true}]}}