{"id":15399,"date":"2025-02-17T17:59:10","date_gmt":"2025-02-17T15:59:10","guid":{"rendered":"https:\/\/zbranebudai.sk\/product\/cielnik-echelon-triciovy-s-bielym-kruzkom-zvyseny\/"},"modified":"2026-04-09T02:41:54","modified_gmt":"2026-04-09T00:41:54","slug":"echelon-trikolor-feher-korrel-felemelve","status":"publish","type":"product","link":"https:\/\/zbranebudai.sk\/hu\/product\/cielnik-echelon-triciovy-s-bielym-kruzkom-zvyseny\/","title":{"rendered":"ECHELON tr\u00edcium c\u00e9lt\u00e1bla feh\u00e9r gy\u0171r\u0171vel - magasan elhelyezve"},"content":{"rendered":"","protected":false},"excerpt":{"rendered":"<p>Hangtomp\u00edt\u00f3val val\u00f3 haszn\u00e1latra alkalmas, megemelt ir\u00e1nyz\u00e9k. (076209\/H\u00c1TS\u00d3 IR\u00c1NYZ\u00c9K DELTA POINT PRO)<\/p>","protected":false},"featured_media":12336,"template":"","meta":{"_gspb_post_css":""},"product_brand":[],"product_cat":[2051,1864,2043,2033,1820],"product_tag":[],"class_list":{"0":"post-15399","1":"product","2":"type-product","3":"status-publish","4":"has-post-thumbnail","6":"product_cat-mieridla-prislusenstvo-springfield-armory","7":"product_cat-pistole-zbrane-b-c","8":"product_cat-prislusenstvo-springfield-armory","9":"product_cat-springfield-armory-hs-produkt","10":"product_cat-zbrane-b-c","12":"first","13":"instock","14":"taxable","15":"shipping-taxable","16":"purchasable","17":"product-type-simple"},"ct_brands":[],"_links":{"self":[{"href":"https:\/\/zbranebudai.sk\/hu\/wp-json\/wp\/v2\/product\/15399","targetHints":{"allow":["GET"]}}],"collection":[{"href":"https:\/\/zbranebudai.sk\/hu\/wp-json\/wp\/v2\/product"}],"about":[{"href":"https:\/\/zbranebudai.sk\/hu\/wp-json\/wp\/v2\/types\/product"}],"wp:featuredmedia":[{"embeddable":true,"href":"https:\/\/zbranebudai.sk\/hu\/wp-json\/wp\/v2\/media\/12336"}],"wp:attachment":[{"href":"https:\/\/zbranebudai.sk\/hu\/wp-json\/wp\/v2\/media?parent=15399"}],"wp:term":[{"taxonomy":"product_brand","embeddable":true,"href":"https:\/\/zbranebudai.sk\/hu\/wp-json\/wp\/v2\/product_brand?post=15399"},{"taxonomy":"product_cat","embeddable":true,"href":"https:\/\/zbranebudai.sk\/hu\/wp-json\/wp\/v2\/product_cat?post=15399"},{"taxonomy":"product_tag","embeddable":true,"href":"https:\/\/zbranebudai.sk\/hu\/wp-json\/wp\/v2\/product_tag?post=15399"}],"curies":[{"name":"wp","href":"https:\/\/api.w.org\/{rel}","templated":true}]}}