{"id":15398,"date":"2025-02-17T17:59:10","date_gmt":"2025-02-17T15:59:10","guid":{"rendered":"https:\/\/zbranebudai.sk\/product\/samosvorny-kolik-pin-1-na-echelon\/"},"modified":"2026-04-23T08:02:17","modified_gmt":"2026-04-23T06:02:17","slug":"onzaro-tekercs-1-csap-az-echelonhoz","status":"publish","type":"product","link":"https:\/\/zbranebudai.sk\/hu\/product\/samosvorny-kolik-pin-1-na-echelon\/","title":{"rendered":"\u00d6nz\u00e1r\u00f3 csap (1. csap) az ECHELON-on"},"content":{"rendered":"","protected":false},"excerpt":{"rendered":"<p>Az Echelon\u2122 VIS v\u00e1ltoz\u00f3 interf\u00e9szrendszer \u00f6nz\u00e1r\u00f3 csapja (1. csap). A VIS (Variable Interface System) a legfejlettebb optikai r\u00f6gz\u00edt\u00e9si rendszer a piacon, amely szabadalmaztatott \u00f6nz\u00e1r\u00f3 csapokat haszn\u00e1l, amelyek oldalir\u00e1ny\u00fa nyom\u00e1st gyakorolnak az optika bels\u0151 r\u00f6gz\u00edt\u00e9si fel\u00fclet\u00e9re, kik\u00fcsz\u00f6b\u00f6lve az elhajl\u00e1st \u00e9s a balra\/jobbra mozg\u00e1st. Az eredm\u00e9ny egy p\u00e1ratlan kapcsolat a fegyver \u00e9s az optik\u00e1k sz\u00e9les sk\u00e1l\u00e1ja k\u00f6z\u00f6tt. (No.46\/E82630-01\/Pin RMR)<\/p>","protected":false},"featured_media":12334,"template":"","meta":{"_gspb_post_css":""},"product_brand":[],"product_cat":[2077,1864,2043,2033,1820],"product_tag":[],"class_list":{"0":"post-15398","1":"product","2":"type-product","3":"status-publish","4":"has-post-thumbnail","6":"product_cat-doplnky-prislusenstvo-springfield-armory","7":"product_cat-pistole-zbrane-b-c","8":"product_cat-prislusenstvo-springfield-armory","9":"product_cat-springfield-armory-hs-produkt","10":"product_cat-zbrane-b-c","12":"first","13":"outofstock","14":"taxable","15":"shipping-taxable","16":"purchasable","17":"product-type-simple"},"ct_brands":[],"_links":{"self":[{"href":"https:\/\/zbranebudai.sk\/hu\/wp-json\/wp\/v2\/product\/15398","targetHints":{"allow":["GET"]}}],"collection":[{"href":"https:\/\/zbranebudai.sk\/hu\/wp-json\/wp\/v2\/product"}],"about":[{"href":"https:\/\/zbranebudai.sk\/hu\/wp-json\/wp\/v2\/types\/product"}],"wp:featuredmedia":[{"embeddable":true,"href":"https:\/\/zbranebudai.sk\/hu\/wp-json\/wp\/v2\/media\/12334"}],"wp:attachment":[{"href":"https:\/\/zbranebudai.sk\/hu\/wp-json\/wp\/v2\/media?parent=15398"}],"wp:term":[{"taxonomy":"product_brand","embeddable":true,"href":"https:\/\/zbranebudai.sk\/hu\/wp-json\/wp\/v2\/product_brand?post=15398"},{"taxonomy":"product_cat","embeddable":true,"href":"https:\/\/zbranebudai.sk\/hu\/wp-json\/wp\/v2\/product_cat?post=15398"},{"taxonomy":"product_tag","embeddable":true,"href":"https:\/\/zbranebudai.sk\/hu\/wp-json\/wp\/v2\/product_tag?post=15398"}],"curies":[{"name":"wp","href":"https:\/\/api.w.org\/{rel}","templated":true}]}}