{"id":15390,"date":"2025-02-17T17:59:09","date_gmt":"2025-02-17T15:59:09","guid":{"rendered":"https:\/\/zbranebudai.sk\/product\/pistol-xd-m-elite-5-25-precision-9x19\/"},"modified":"2026-04-16T05:18:56","modified_gmt":"2026-04-16T03:18:56","slug":"pisztoly-xd-m-elite-5-25-precision-9x19","status":"publish","type":"product","link":"https:\/\/zbranebudai.sk\/hu\/product\/pistol-xd-m-elite-5-25-precision-9x19\/","title":{"rendered":"Pisztoly XD-M ELITE 5.25\u2033 PRECISION, 9\u00d719"},"content":{"rendered":"<p>PARAM\u00c9TEREK:<\/p>\n<p>T\u00e1rkapacit\u00e1s: 20 t\u00f6lt\u00e9ny<br \/>\nCs\u0151hossz: 133 mm (5.25\u2033)<br \/>\nTeljes hossz: 210 mm<br \/>\nSz\u00e9less\u00e9g: 30 mm<br \/>\nMagass\u00e1g: 150 mm<br \/>\nS\u00faly: 850 g<\/p>\n<p>CSOMAG TARTALMA:<\/p>\n<p>1x Pisztoly2x t\u00e1r (20db)<br \/>\n2x cser\u00e9lhet\u0151 markolat h\u00e1tlap (+ harmadik a fegyverben)<br \/>\n1x tiszt\u00edt\u00f3kefe<br \/>\n1x fegyverz\u00e1r<br \/>\n1x hordt\u00e1ska\u00a0<\/p>","protected":false},"excerpt":{"rendered":"<p>A Springfield Armory\u00ae XD-M\u00ae Elite 5.25\u2033 az Elite term\u00e9kcsal\u00e1d minden fejlett tulajdons\u00e1g\u00e1t egy versenyre alkalmas 9 mm-es k\u00e9zifegyverbe csomagolja. A meghosszabb\u00edtott, kov\u00e1csolt cs\u0151 \u00e9s a k\u00f6nny\u00edtett sportos z\u00e1r\u00f3cs\u0151 v\u00e9d\u0151 Melonite\u00ae bevonattal van ell\u00e1tva. Teljesen \u00e1ll\u00edthat\u00f3 ir\u00e1nyz\u00e9k \u00e9s v\u00f6r\u00f6s f\u00e9nysz\u00e1las ir\u00e1nyz\u00e9k. A meghosszabb\u00edtott t\u00e1rny\u00edl\u00e1s sz\u00e1j\u00e1t \u00fagy tervezt\u00e9k, hogy ultragyors \u00fajrat\u00f6lt\u00e9st biztos\u00edtson, \u00e9s megb\u00edzhat\u00f3an m\u0171k\u00f6dj\u00f6n a meghosszabb\u00edtott 22-es t\u00e1rakkal (nem tartoz\u00e9k). A META\u2122 (Match Enhanced Trigger Assembly) ravasz a lapos profilj\u00e1val \u00e9s integr\u00e1lt lees\u00e9sg\u00e1tl\u00f3j\u00e1val a legjobb gy\u00e1ri ravaszt adja polimerkeretes pisztolyban a piacon. Az XD-M\u00ae ELITE rendelkezik teny\u00e9rbiztos\u00edt\u00e1ssal, ravaszbiztos\u00edt\u00e1ssal, els\u00fct\u0151szegbiztos\u00edt\u00e1ssal, vizu\u00e1lis \u00e9s tapinthat\u00f3 kamrat\u00f6lt\u00e9sjelz\u0151vel, els\u00fct\u0151szeg \u00e1llapotjelz\u0151vel \u00e9s cser\u00e9lhet\u0151 markolat h\u00e1tlapokkal (3 m\u00e9retben). Tov\u00e1bbi jellemz\u0151i k\u00f6z\u00e9 tartozik a k\u00e9tkezes t\u00e1rkiold\u00f3 \u00e9s reteszz\u00e1r, a pikatinny s\u00edn \u00e9s a megn\u00f6velt ravaszv\u00e9d\u0151, amely lehet\u0151v\u00e9 teszi a k\u00f6nny\u0171 kezelhet\u0151s\u00e9get m\u00e9g keszty\u0171 visel\u00e9se eset\u00e9n is.<\/p>","protected":false},"featured_media":12318,"template":"","meta":{"_gspb_post_css":""},"product_brand":[],"product_cat":[1864,2033,2036,2034,1820],"product_tag":[],"class_list":{"0":"post-15390","1":"product","2":"type-product","3":"status-publish","4":"has-post-thumbnail","6":"product_cat-pistole-zbrane-b-c","7":"product_cat-springfield-armory-hs-produkt","8":"product_cat-xd-m-elite","9":"product_cat-xd","10":"product_cat-zbrane-b-c","12":"first","13":"outofstock","14":"taxable","15":"shipping-taxable","16":"purchasable","17":"product-type-simple"},"ct_brands":[],"_links":{"self":[{"href":"https:\/\/zbranebudai.sk\/hu\/wp-json\/wp\/v2\/product\/15390","targetHints":{"allow":["GET"]}}],"collection":[{"href":"https:\/\/zbranebudai.sk\/hu\/wp-json\/wp\/v2\/product"}],"about":[{"href":"https:\/\/zbranebudai.sk\/hu\/wp-json\/wp\/v2\/types\/product"}],"wp:featuredmedia":[{"embeddable":true,"href":"https:\/\/zbranebudai.sk\/hu\/wp-json\/wp\/v2\/media\/12318"}],"wp:attachment":[{"href":"https:\/\/zbranebudai.sk\/hu\/wp-json\/wp\/v2\/media?parent=15390"}],"wp:term":[{"taxonomy":"product_brand","embeddable":true,"href":"https:\/\/zbranebudai.sk\/hu\/wp-json\/wp\/v2\/product_brand?post=15390"},{"taxonomy":"product_cat","embeddable":true,"href":"https:\/\/zbranebudai.sk\/hu\/wp-json\/wp\/v2\/product_cat?post=15390"},{"taxonomy":"product_tag","embeddable":true,"href":"https:\/\/zbranebudai.sk\/hu\/wp-json\/wp\/v2\/product_tag?post=15390"}],"curies":[{"name":"wp","href":"https:\/\/api.w.org\/{rel}","templated":true}]}}