{"id":15389,"date":"2025-02-17T17:59:08","date_gmt":"2025-02-17T15:59:08","guid":{"rendered":"https:\/\/zbranebudai.sk\/product\/pistol-xd-m-elite-4-5-osp-threaded-desert-afde-9x19\/"},"modified":"2026-04-16T05:18:56","modified_gmt":"2026-04-16T03:18:56","slug":"pisztoly-xd-m-elite-4-5-osp-menetes-sivatagi-afde-9x19","status":"publish","type":"product","link":"https:\/\/zbranebudai.sk\/hu\/product\/pistol-xd-m-elite-4-5-osp-threaded-desert-afde-9x19\/","title":{"rendered":"Pisztoly XD-M ELITE 4.5\u2033 OSP menetes Desert AFDE, 9\u00d719"},"content":{"rendered":"<p>Az OSP v\u00e1ltozat kollim\u00e1toros r\u00f6gz\u00edt\u00e9ssel rendelkezik. A megfelel\u0151 r\u00f6gz\u00edt\u0151lemezt meg kell v\u00e1s\u00e1rolni.<\/p>\n<p>PARAM\u00c9TEREK:<\/p>\n<p>T\u00e1rkapacit\u00e1s: 20 t\u00f6lt\u00e9ny<br \/>\nCs\u0151hossz: 134 mm (5.28\u2033)<br \/>\nTeljes hossz: 218 mm<br \/>\nSz\u00e9less\u00e9g: 30 mm<br \/>\nMagass\u00e1g: 153 mm<br \/>\nS\u00faly: 850 g<\/p>\n<p>CSOMAG TARTALMA:<\/p>\n<p>1x Pisztoly<br \/>\n2x t\u00e1r (20rd)<br \/>\n2x cser\u00e9lhet\u0151 markolat h\u00e1tlap (+ harmadik a fegyverben)<br \/>\n1x tiszt\u00edt\u00f3kefe<br \/>\n1x fegyverz\u00e1r<br \/>\n1x hordt\u00e1ska\u00a0<\/p>","protected":false},"excerpt":{"rendered":"<p>Az \u00faj XD-M\u00ae ELITE 4,5\u2033 OSP 4.5\u2033 OSP Threaded 9\u00d719 kaliberben egyes\u00edti az ELITE sorozat fejlett jellemz\u0151it azzal a k\u00e9pess\u00e9ggel, hogy kombin\u00e1ljon egy elnyom\u00f3t \u00e9s egy kollim\u00e1tort. A META\u2122 (Match Enhanced Trigger Assembly) ravasz a lapos profilj\u00e1val \u00e9s integr\u00e1lt lees\u00e9sg\u00e1tl\u00f3j\u00e1val a piacon kaphat\u00f3 legjobb gy\u00e1ri ravasz egy polimerkeretes pisztolyban. Az XD-M\u00ae ELITE 4,5\u2033 OSP Threaded magas\u00edtott \u00e9s vak\u00edt\u00e1sg\u00e1tl\u00f3 bar\u00e1zd\u00e1kkal ell\u00e1tott ir\u00e1nyz\u00e9kkal (mindkett\u0151 oldalir\u00e1nyban \u00e1ll\u00edthat\u00f3, ac\u00e9lb\u00f3l k\u00e9sz\u00fclt), teny\u00e9rbiztos\u00edt\u00e1ssal, ravaszv\u00e9d\u0151vel, els\u00fct\u0151szegbiztos\u00edt\u00e1ssal, vizu\u00e1lis \u00e9s tapinthat\u00f3 kamrat\u00f6lt\u00e9sjelz\u0151vel, els\u00fct\u0151szeg \u00e1llapotjelz\u0151vel, valamint cser\u00e9lhet\u0151 markolat h\u00e1tlapokkal (3 m\u00e9retben) rendelkezik. Tov\u00e1bbi jellemz\u0151k k\u00f6z\u00e9 tartozik a k\u00e9tkezes t\u00e1rkiold\u00f3 \u00e9s reteszz\u00e1r, a pikatinny s\u00edn, a megnagyobb\u00edtott ravaszv\u00e9d\u0151 a k\u00f6nny\u0171 kezel\u00e9s \u00e9rdek\u00e9ben m\u00e9g keszty\u0171ben is, valamint a megnagyobb\u00edtott t\u00e1rny\u00edl\u00e1s sz\u00e1ja a gyors \u00fajrat\u00f6lt\u00e9shez. A kov\u00e1csolt cs\u0151 \u00e9s a z\u00e1rszerkezet Melonite\u00ae v\u00e9d\u0151bevonattal rendelkezik a maxim\u00e1lis tart\u00f3ss\u00e1g \u00e9rdek\u00e9ben.<\/p>","protected":false},"featured_media":12316,"template":"","meta":{"_gspb_post_css":""},"product_brand":[],"product_cat":[1864,2033,2036,2034,1820],"product_tag":[],"class_list":{"0":"post-15389","1":"product","2":"type-product","3":"status-publish","4":"has-post-thumbnail","6":"product_cat-pistole-zbrane-b-c","7":"product_cat-springfield-armory-hs-produkt","8":"product_cat-xd-m-elite","9":"product_cat-xd","10":"product_cat-zbrane-b-c","12":"first","13":"outofstock","14":"taxable","15":"shipping-taxable","16":"purchasable","17":"product-type-simple"},"ct_brands":[],"_links":{"self":[{"href":"https:\/\/zbranebudai.sk\/hu\/wp-json\/wp\/v2\/product\/15389","targetHints":{"allow":["GET"]}}],"collection":[{"href":"https:\/\/zbranebudai.sk\/hu\/wp-json\/wp\/v2\/product"}],"about":[{"href":"https:\/\/zbranebudai.sk\/hu\/wp-json\/wp\/v2\/types\/product"}],"wp:featuredmedia":[{"embeddable":true,"href":"https:\/\/zbranebudai.sk\/hu\/wp-json\/wp\/v2\/media\/12316"}],"wp:attachment":[{"href":"https:\/\/zbranebudai.sk\/hu\/wp-json\/wp\/v2\/media?parent=15389"}],"wp:term":[{"taxonomy":"product_brand","embeddable":true,"href":"https:\/\/zbranebudai.sk\/hu\/wp-json\/wp\/v2\/product_brand?post=15389"},{"taxonomy":"product_cat","embeddable":true,"href":"https:\/\/zbranebudai.sk\/hu\/wp-json\/wp\/v2\/product_cat?post=15389"},{"taxonomy":"product_tag","embeddable":true,"href":"https:\/\/zbranebudai.sk\/hu\/wp-json\/wp\/v2\/product_tag?post=15389"}],"curies":[{"name":"wp","href":"https:\/\/api.w.org\/{rel}","templated":true}]}}