{"id":15384,"date":"2025-02-17T17:59:07","date_gmt":"2025-02-17T15:59:07","guid":{"rendered":"https:\/\/zbranebudai.sk\/product\/pistol-xd-m-elite-4-5-9x19\/"},"modified":"2026-04-16T05:18:56","modified_gmt":"2026-04-16T03:18:56","slug":"pisztoly-xd-m-elite-4-5-9x19","status":"publish","type":"product","link":"https:\/\/zbranebudai.sk\/hu\/product\/pistol-xd-m-elite-4-5-9x19\/","title":{"rendered":"Pisztoly XD-M ELITE 4.5\u2033, 9\u00d719"},"content":{"rendered":"<p>PARAM\u00c9TEREK:<\/p>\n<p>T\u00e1rkapacit\u00e1s: 20 t\u00f6lt\u00e9ny<br \/>\nCs\u0151hossz: 114 mm (4.5\u2033)<br \/>\nTeljes hossz: 193 mm<br \/>\nSz\u00e9less\u00e9g: 30 mm<br \/>\nMagass\u00e1g: 153 mm<br \/>\nS\u00faly: 822 g<\/p>\n<p>CSOMAG TARTALMA:<\/p>\n<p>1x Pisztoly<br \/>\n2x t\u00e1r (20rd)<br \/>\n2x cser\u00e9lhet\u0151 markolat h\u00e1tlap (+ harmadik a fegyverben)<br \/>\n1x tiszt\u00edt\u00f3kefe<br \/>\n1x fegyverz\u00e1r<br \/>\n1x hordt\u00e1ska\u00a0<\/p>","protected":false},"excerpt":{"rendered":"<p>Az \u00faj XD-M\u00ae ELITE 9\u00d719-es kaliberben az ELITE sorozat fejlett jellemz\u0151it foglalja mag\u00e1ba egy kiegyens\u00falyozott \u00e9s rendk\u00edv\u00fcl er\u0151s csomagban. A META\u2122 (Match Enhanced Trigger Assembly) ravasz a lapos profilj\u00e1val \u00e9s integr\u00e1lt lees\u00e9sg\u00e1tl\u00f3j\u00e1val a legjobb gy\u00e1ri ravasz a piacon kaphat\u00f3 polimerkeretes pisztolyokban. Az XD-M\u00ae ELITE piros sz\u00e1loptik\u00e1s \u00e9s feh\u00e9ren kiemelt f\u00e9lk\u00f6r alak\u00fa ir\u00e1nyz\u00e9kkal rendelkezik (mindkett\u0151 oldalir\u00e1nyban \u00e1ll\u00edthat\u00f3, ac\u00e9lb\u00f3l k\u00e9sz\u00fclt), teny\u00e9rbiztos\u00edt\u00f3val, ravaszbiztos\u00edt\u00f3val, els\u00fct\u0151szegbiztos\u00edt\u00f3val, vizu\u00e1lis \u00e9s tapinthat\u00f3 kamrat\u00f6lt\u00e9sjelz\u0151vel, els\u00fct\u0151szeg \u00e1llapotjelz\u0151vel \u00e9s cser\u00e9lhet\u0151 markolat h\u00e1tlapokkal (3 m\u00e9retben). Tov\u00e1bbi jellemz\u0151k k\u00f6z\u00e9 tartozik a k\u00e9tkezes t\u00e1rkiold\u00f3 \u00e9s reteszz\u00e1r, a pikatinny s\u00edn, a megn\u00f6velt ravaszv\u00e9d\u0151 a k\u00f6nny\u0171 kezel\u00e9s \u00e9rdek\u00e9ben m\u00e9g keszty\u0171 visel\u00e9se eset\u00e9n is, valamint a megn\u00f6velt t\u00e1rny\u00edl\u00e1s sz\u00e1ja a gyors \u00fajrat\u00f6lt\u00e9shez. A kov\u00e1csolt cs\u0151 \u00e9s a z\u00e1rszerkezet Melonite\u00ae v\u00e9d\u0151bevonattal rendelkezik a maxim\u00e1lis tart\u00f3ss\u00e1g \u00e9rdek\u00e9ben.<\/p>","protected":false},"featured_media":12306,"template":"","meta":{"_gspb_post_css":""},"product_brand":[],"product_cat":[1864,2033,2036,2034,1820],"product_tag":[],"class_list":{"0":"post-15384","1":"product","2":"type-product","3":"status-publish","4":"has-post-thumbnail","6":"product_cat-pistole-zbrane-b-c","7":"product_cat-springfield-armory-hs-produkt","8":"product_cat-xd-m-elite","9":"product_cat-xd","10":"product_cat-zbrane-b-c","12":"first","13":"instock","14":"taxable","15":"shipping-taxable","16":"purchasable","17":"product-type-simple"},"ct_brands":[],"_links":{"self":[{"href":"https:\/\/zbranebudai.sk\/hu\/wp-json\/wp\/v2\/product\/15384","targetHints":{"allow":["GET"]}}],"collection":[{"href":"https:\/\/zbranebudai.sk\/hu\/wp-json\/wp\/v2\/product"}],"about":[{"href":"https:\/\/zbranebudai.sk\/hu\/wp-json\/wp\/v2\/types\/product"}],"wp:featuredmedia":[{"embeddable":true,"href":"https:\/\/zbranebudai.sk\/hu\/wp-json\/wp\/v2\/media\/12306"}],"wp:attachment":[{"href":"https:\/\/zbranebudai.sk\/hu\/wp-json\/wp\/v2\/media?parent=15384"}],"wp:term":[{"taxonomy":"product_brand","embeddable":true,"href":"https:\/\/zbranebudai.sk\/hu\/wp-json\/wp\/v2\/product_brand?post=15384"},{"taxonomy":"product_cat","embeddable":true,"href":"https:\/\/zbranebudai.sk\/hu\/wp-json\/wp\/v2\/product_cat?post=15384"},{"taxonomy":"product_tag","embeddable":true,"href":"https:\/\/zbranebudai.sk\/hu\/wp-json\/wp\/v2\/product_tag?post=15384"}],"curies":[{"name":"wp","href":"https:\/\/api.w.org\/{rel}","templated":true}]}}