{"id":15381,"date":"2025-02-17T17:59:07","date_gmt":"2025-02-17T15:59:07","guid":{"rendered":"https:\/\/zbranebudai.sk\/product\/pistol-xd-m-elite-3-8-compact-osp-10mm-auto\/"},"modified":"2026-04-16T05:18:56","modified_gmt":"2026-04-16T03:18:56","slug":"pisztoly-xd-m-elite-3-8-kompakt-osp-10mm-auto","status":"publish","type":"product","link":"https:\/\/zbranebudai.sk\/hu\/product\/pistol-xd-m-elite-3-8-compact-osp-10mm-auto\/","title":{"rendered":"Pisztoly XD-M ELITE 3.8\u2033 COMPACT OSP, 10mm Auto"},"content":{"rendered":"<p>Az OSP v\u00e1ltozat kollim\u00e1toros r\u00f6gz\u00edt\u00e9ssel rendelkezik. A megfelel\u0151 r\u00f6gz\u00edt\u0151lemezt meg kell v\u00e1s\u00e1rolni.<\/p>\n<p>PARAM\u00c9TEREK:<\/p>\n<p>T\u00e1rkapacit\u00e1s: 11 t\u00f6lt\u00e9ny<br \/>\nCs\u0151hossz: 97 mm (3.8\u2033)<br \/>\nTeljes hossz: 171 mm<br \/>\nSz\u00e9less\u00e9g: 30 mm<br \/>\nMagass\u00e1g: 116 mm<br \/>\nS\u00faly: 765 g<\/p>\n<p>CSOMAG TARTALMA:<\/p>\n<p>1x Pisztoly<br \/>\n2x t\u00e1r (11rd)<br \/>\n2x cser\u00e9lhet\u0151 markolat h\u00e1tlap (+ harmadik a fegyverben)<br \/>\n1x tiszt\u00edt\u00f3kefe<br \/>\n1x fegyverz\u00e1r<br \/>\n1x hordt\u00e1ska\u00a0<\/p>","protected":false},"excerpt":{"rendered":"<p>Az \u00faj XD-M\u00ae ELITE COMPACT egyes\u00edti a 10 mm-es automata kaliber er\u0151teljes teljes\u00edtm\u00e9ny\u00e9t a kiv\u00e1l\u00f3 rejtett hordhat\u00f3s\u00e1ggal. Ez a kompakt, m\u00e9gis nagy teljes\u00edtm\u00e9ny\u0171 pisztoly teljesen k\u00e9tkezes kezel\u00e9st, cs\u00facsmin\u0151s\u00e9g\u0171 META\u2122 ravaszt, kivehet\u0151, meghosszabb\u00edtott t\u00e1rny\u00edl\u00e1st \u00e9s m\u00e9g sok m\u00e1st k\u00edn\u00e1l. Rendelkezik piros sz\u00e1loptik\u00e1s \u00e9s feh\u00e9rrel kiemelt f\u00e9lk\u00f6r alak\u00fa c\u00e9lz\u00f3k\u00e9sz\u00fcl\u00e9kkel (mindkett\u0151 oldalir\u00e1nyban \u00e1ll\u00edthat\u00f3, ac\u00e9lb\u00f3l k\u00e9sz\u00fclt), teny\u00e9rbiztos\u00edt\u00e1ssal, ravaszbiztos\u00edt\u00e1ssal, els\u00fct\u0151szegbiztos\u00edt\u00e1ssal, vizu\u00e1lis \u00e9s tapinthat\u00f3 kamra t\u00f6lt\u00f6tts\u00e9gjelz\u0151vel, els\u00fct\u0151szeg \u00e1llapotjelz\u0151vel, valamint cser\u00e9lhet\u0151 markolat h\u00e1tlapokkal (3 m\u00e9retben). Tov\u00e1bbi jellemz\u0151k k\u00f6z\u00e9 tartozik a k\u00e9tkezes t\u00e1rkiold\u00f3 \u00e9s reteszz\u00e1r, a pikatinny s\u00edn \u00e9s a kov\u00e1csolt cs\u0151 Melonite\u00ae v\u00e9d\u0151bevonattal. A k\u00e9tsoros, rozsdamentes ac\u00e9lb\u00f3l k\u00e9sz\u00fclt t\u00e1r 11 t\u00f6lt\u00e9nyt tartalmaz cal. 10mm Auto, kiv\u00e9teles \u00f6nv\u00e9delmi t\u0171zer\u0151t biztos\u00edt az XD-M\u00ae ELITE COMPACT sz\u00e1m\u00e1ra egy rendk\u00edv\u00fcl kompakt csomagban. A meghosszabb\u00edtott t\u00e1rny\u00edl\u00e1s elt\u00e1vol\u00edt\u00e1s\u00e1val \u00e9s egy t\u00e1rh\u00fcvely megv\u00e1s\u00e1rl\u00e1s\u00e1val 15 \u00e9s 16 t\u00f6lt\u00e9nyes t\u00e1rak is haszn\u00e1lhat\u00f3k.<\/p>","protected":false},"featured_media":12300,"template":"","meta":{"_gspb_post_css":""},"product_brand":[],"product_cat":[1864,2033,2036,2034,1820],"product_tag":[],"class_list":{"0":"post-15381","1":"product","2":"type-product","3":"status-publish","4":"has-post-thumbnail","6":"product_cat-pistole-zbrane-b-c","7":"product_cat-springfield-armory-hs-produkt","8":"product_cat-xd-m-elite","9":"product_cat-xd","10":"product_cat-zbrane-b-c","12":"first","13":"outofstock","14":"taxable","15":"shipping-taxable","16":"purchasable","17":"product-type-simple"},"ct_brands":[],"_links":{"self":[{"href":"https:\/\/zbranebudai.sk\/hu\/wp-json\/wp\/v2\/product\/15381","targetHints":{"allow":["GET"]}}],"collection":[{"href":"https:\/\/zbranebudai.sk\/hu\/wp-json\/wp\/v2\/product"}],"about":[{"href":"https:\/\/zbranebudai.sk\/hu\/wp-json\/wp\/v2\/types\/product"}],"wp:featuredmedia":[{"embeddable":true,"href":"https:\/\/zbranebudai.sk\/hu\/wp-json\/wp\/v2\/media\/12300"}],"wp:attachment":[{"href":"https:\/\/zbranebudai.sk\/hu\/wp-json\/wp\/v2\/media?parent=15381"}],"wp:term":[{"taxonomy":"product_brand","embeddable":true,"href":"https:\/\/zbranebudai.sk\/hu\/wp-json\/wp\/v2\/product_brand?post=15381"},{"taxonomy":"product_cat","embeddable":true,"href":"https:\/\/zbranebudai.sk\/hu\/wp-json\/wp\/v2\/product_cat?post=15381"},{"taxonomy":"product_tag","embeddable":true,"href":"https:\/\/zbranebudai.sk\/hu\/wp-json\/wp\/v2\/product_tag?post=15381"}],"curies":[{"name":"wp","href":"https:\/\/api.w.org\/{rel}","templated":true}]}}