{"id":15376,"date":"2025-02-17T17:59:06","date_gmt":"2025-02-17T15:59:06","guid":{"rendered":"https:\/\/zbranebudai.sk\/product\/pistol-xd-5-mod-2-tactical-9x19\/"},"modified":"2026-02-20T09:07:37","modified_gmt":"2026-02-20T07:07:37","slug":"pisztoly-xd-5-mod-2-taktikai-9x19","status":"publish","type":"product","link":"https:\/\/zbranebudai.sk\/hu\/product\/pistol-xd-5-mod-2-tactical-9x19\/","title":{"rendered":"Pisztoly XD 5\u2033 MOD.2 TACTICAL, 9\u00d719"},"content":{"rendered":"<p>PARAM\u00c9TEREK:<\/p>\n<p>T\u00e1rkapacit\u00e1s: 16 t\u00f6lt\u00e9ny<br \/>\nCs\u0151hossz: 127 mm (5\u2033)<br \/>\nTeljes hossz: 210 mm<br \/>\nSz\u00e9less\u00e9g: 30 mm<br \/>\nMagass\u00e1g: 140 mm<br \/>\nS\u00faly: 880 g<\/p>\n<p>CSOMAG TARTALMA:<\/p>\n<p>1x Pisztoly<br \/>\n2x t\u00e1r (16rd)<br \/>\n1x tiszt\u00edt\u00f3kefe<br \/>\n1x fegyverz\u00e1r<br \/>\n1x hordt\u00e1ska\u00a0<\/p>","protected":false},"excerpt":{"rendered":"<p>Nem minden nap tal\u00e1lkozhatsz egy \u00e9l\u0151 legend\u00e1val. 2001-ben a Springfield Armory \u00fajradefini\u00e1lta az ipar\u00e1gi szabv\u00e1nyt a kiv\u00e1l\u00f3 ergon\u00f3miai k\u00e9nyelem, a k\u00f6nny\u0171 kezelhet\u0151s\u00e9g, a funkci\u00f3k \u00e9s a teljes\u00edtm\u00e9ny tekintet\u00e9ben az XD\u00ae-vel, megszabva a m\u00e9rc\u00e9t a polimer pisztolyok sz\u00e1m\u00e1ra. A teny\u00e9rbiztos\u00edt\u00e1s, a ravaszbiztos\u00edt\u00e1s, az els\u00fct\u0151szegbiztos\u00edt\u00e1s, a kamra t\u00f6lt\u00f6tts\u00e9gjelz\u0151, az els\u00fct\u0151szeg helyzetjelz\u0151 teszi ezt a pisztolyt nagyon biztons\u00e1gos v\u00e9delmi eszk\u00f6zz\u00e9. Az XD\u00ae az er\u0151, a tart\u00f3ss\u00e1g \u00e9s a teljes\u00edtm\u00e9ny alapjaira \u00e9p\u00fcl, amelyet els\u0151sorban a kov\u00e1csolt z\u00e1rszerkezet \u00e9s a hidegen kov\u00e1csolt cs\u0151 haszn\u00e1lat\u00e1val \u00e9r el, mindkett\u0151 Melonite\u00ae bevonattal, amely biztos\u00edtja a tart\u00f3ss\u00e1got m\u00e9g a legk\u00edm\u00e9letlenebb k\u00f6rnyezetben is. Az XD\u00ae 5\u2033 MOD.2 TACTICAL mindent k\u00edn\u00e1l, amire a szem\u00e9lyes v\u00e9delemhez vagy a versenyz\u00e9shez sz\u00fcks\u00e9ge van. A pisztoly kal. 9\u00d719 \u00faj polimer v\u00e1zzal, adapt\u00edv markolatfel\u00fclettel \u00e9s k\u00e9tsoros rozsdamentes ac\u00e9l t\u00e1rral, 16 t\u00e1ras kapacit\u00e1ssal. V\u00f6r\u00f6s f\u00e9nyes v\u00edzi c\u00e9lt\u00e1vcs\u0151 \u00e9s c\u00e9lt\u00e1vcs\u0151 k\u00e9t feh\u00e9r ponttal, mindkett\u0151 oldalir\u00e1nyban \u00e1ll\u00edthat\u00f3, ac\u00e9lb\u00f3l k\u00e9sz\u00fclt, a t\u00fckr\u00f6z\u0151d\u00e9s megakad\u00e1lyoz\u00e1s\u00e1ra szolg\u00e1l\u00f3 fogaz\u00e1ssal. K\u00e9tkezes t\u00e1rkiold\u00f3, tartoz\u00e9ktart\u00f3 s\u00edn, hornyok az ir\u00e1nyz\u00e9k el\u00fcls\u0151 r\u00e9sz\u00e9n. Ha szem\u00e9lyi v\u00e9delemre vagy versenyz\u00e9sre keres egy megb\u00edzhat\u00f3 pisztolyt j\u00f3 \u00e1ron, a Legend v\u00e1rja \u00d6nt.<\/p>","protected":false},"featured_media":12290,"template":"","meta":{"_gspb_post_css":""},"product_brand":[],"product_cat":[1864,2033,2034,2041,1820],"product_tag":[],"class_list":{"0":"post-15376","1":"product","2":"type-product","3":"status-publish","4":"has-post-thumbnail","6":"product_cat-pistole-zbrane-b-c","7":"product_cat-springfield-armory-hs-produkt","8":"product_cat-xd","9":"product_cat-xd-xd","10":"product_cat-zbrane-b-c","12":"first","13":"outofstock","14":"taxable","15":"shipping-taxable","16":"purchasable","17":"product-type-simple"},"ct_brands":[],"_links":{"self":[{"href":"https:\/\/zbranebudai.sk\/hu\/wp-json\/wp\/v2\/product\/15376","targetHints":{"allow":["GET"]}}],"collection":[{"href":"https:\/\/zbranebudai.sk\/hu\/wp-json\/wp\/v2\/product"}],"about":[{"href":"https:\/\/zbranebudai.sk\/hu\/wp-json\/wp\/v2\/types\/product"}],"wp:featuredmedia":[{"embeddable":true,"href":"https:\/\/zbranebudai.sk\/hu\/wp-json\/wp\/v2\/media\/12290"}],"wp:attachment":[{"href":"https:\/\/zbranebudai.sk\/hu\/wp-json\/wp\/v2\/media?parent=15376"}],"wp:term":[{"taxonomy":"product_brand","embeddable":true,"href":"https:\/\/zbranebudai.sk\/hu\/wp-json\/wp\/v2\/product_brand?post=15376"},{"taxonomy":"product_cat","embeddable":true,"href":"https:\/\/zbranebudai.sk\/hu\/wp-json\/wp\/v2\/product_cat?post=15376"},{"taxonomy":"product_tag","embeddable":true,"href":"https:\/\/zbranebudai.sk\/hu\/wp-json\/wp\/v2\/product_tag?post=15376"}],"curies":[{"name":"wp","href":"https:\/\/api.w.org\/{rel}","templated":true}]}}