{"id":15375,"date":"2025-02-17T17:59:06","date_gmt":"2025-02-17T15:59:06","guid":{"rendered":"https:\/\/zbranebudai.sk\/product\/pistol-xd-s-mod-2-osp-3-3-9x19\/"},"modified":"2026-04-09T02:35:54","modified_gmt":"2026-04-09T00:35:54","slug":"pisztoly-xd-s-mod-2-osp-3-3-9x19","status":"publish","type":"product","link":"https:\/\/zbranebudai.sk\/hu\/product\/pistol-xd-s-mod-2-osp-3-3-9x19\/","title":{"rendered":"Pisztoly XD-S MOD.2 OSP 3.3\u2033, 9\u00d719"},"content":{"rendered":"<p>Az OSP v\u00e1ltozat kollim\u00e1toros r\u00f6gz\u00edt\u00e9ssel rendelkezik. A Shield Sights, Leupold Delta Point, JPoint, Tricijon MS03 \u00e9s MS04, Springfield HEX WASP, Vortex Defender, Swampfox Sentinel, Sig Romeo Zero, Primary Arms Classic 21mm, Viridian RFX15, Crimson Trace CTS-1550\/CT-RAD \u00e9s Advanced Optics Nuwa kollim\u00e1torok k\u00f6zvetlen\u00fcl a fegyverre szerelhet\u0151ek, r\u00f6gz\u00edt\u0151lemez haszn\u00e1lata n\u00e9lk\u00fcl. A t\u00f6bbi m\u00e1rk\u00e1hoz szerel\u0151lemezt kell v\u00e1s\u00e1rolni.<\/p>\n<p>PARAM\u00c9TEREK:<\/p>\n<p>T\u00e1rkapacit\u00e1s: 7\/9 t\u00f6lt\u00e9ny<br \/>\nCs\u0151hossz: 84 mm (3.3\u2033)<br \/>\nTeljes hossz: 160 mm<br \/>\nSz\u00e9less\u00e9g: 23 mm<br \/>\nMagass\u00e1g: 112 mm<br \/>\nS\u00faly: 610 g (7 t\u00e1rral)<\/p>\n<p>CSOMAG TARTALMA:<\/p>\n<p>1x Pisztoly<br \/>\n2x t\u00e1lca (7rd, 9rd)<br \/>\n1x lapos alj a t\u00e1lc\u00e1hoz<br \/>\n1x tiszt\u00edt\u00f3kefe<br \/>\n1x fegyverz\u00e1r<br \/>\n1x hordt\u00e1ska\u00a0<\/p>","protected":false},"excerpt":{"rendered":"<p>A kollim\u00e1torral ell\u00e1tott rejtett pisztoly visel\u00e9se m\u00e9g soha nem volt ilyen egyszer\u0171. Az XD-S\u00ae MOD.2 OSP 3,3\u2033, 9\u00d719 a Springfield Armory legv\u00e9konyabb EDC (mindennapi viselet) pisztolya. A mind\u00f6ssze 0,9\u2033 (23 mm) vastags\u00e1ggal \u00e9s 7\/9 t\u00f6lt\u00e9nyt tartalmaz\u00f3 egysoros rozsdamentes ac\u00e9l t\u00e1rral kiv\u00e1l\u00f3 rejthet\u0151s\u00e9get \u00e9s megb\u00edzhat\u00f3s\u00e1got biztos\u00edt, amikor a legnagyobb sz\u00fcks\u00e9g van r\u00e1. A kollim\u00e1tortart\u00f3 lehet\u0151v\u00e9 teszi a piacon kaphat\u00f3 legn\u00e9pszer\u0171bb m\u00e1rk\u00e1k kis kollim\u00e1torainak alacsony profil\u00fa, k\u00f6zvetlen felszerel\u00e9s\u00e9t, r\u00f6gz\u00edt\u0151lemez n\u00e9lk\u00fcl. Ez lehet\u0151v\u00e9 teszi a m\u00e9ret minimaliz\u00e1l\u00e1s\u00e1t \u00e9s a kollim\u00e1tor a fegyveren tart\u00e1s\u00e1t m\u00e9g rejtett visel\u00e9s eset\u00e9n is. Ezen t\u00falmen\u0151en az alacsony r\u00f6gz\u00edt\u00e9s hozz\u00e1j\u00e1rul az intuit\u00edv \u00e9s gyors c\u00e9lmegjel\u00f6l\u00e9shez, valamint ahhoz, hogy az ir\u00e1nyz\u00e9kot akkor is haszn\u00e1lni lehessen, ha a kollim\u00e1tor ki van kapcsolva. A kompakt 3,3\u2033-es kov\u00e1csolt cs\u0151 hossz\u00fa \u00e9lettartamot \u00e9s massz\u00edv megb\u00edzhat\u00f3s\u00e1got biztos\u00edt. Az XD-S\u00ae \u00faj MOD.2 polimer v\u00e1zzal rendelkezik, adapt\u00edv markolatfel\u00fclettel, teny\u00e9rbiztos\u00edt\u00e1ssal, ravaszbiztos\u00edt\u00e1ssal, els\u00fct\u0151szegbiztos\u00edt\u00e1ssal, t\u00f6lt\u00e9nyt\u00e1r bet\u00f6lt\u00e9sjelz\u0151vel, ac\u00e9l ir\u00e1nyz\u00e9kkal, t\u00fckr\u00f6z\u0151d\u00e9smentes\u00edtett fogaz\u00e1ssal, el\u00fcls\u0151 ir\u00e1nyz\u00e9khornyokkal, tartoz\u00e9ktart\u00f3 s\u00ednnel \u00e9s k\u00e9tkezes t\u00e1rkiold\u00f3val.<\/p>","protected":false},"featured_media":12288,"template":"","meta":{"_gspb_post_css":""},"product_brand":[],"product_cat":[1864,2033,2035,2034,1820],"product_tag":[],"class_list":{"0":"post-15375","1":"product","2":"type-product","3":"status-publish","4":"has-post-thumbnail","6":"product_cat-pistole-zbrane-b-c","7":"product_cat-springfield-armory-hs-produkt","8":"product_cat-xd-s","9":"product_cat-xd","10":"product_cat-zbrane-b-c","12":"first","13":"instock","14":"taxable","15":"shipping-taxable","16":"purchasable","17":"product-type-simple"},"ct_brands":[],"_links":{"self":[{"href":"https:\/\/zbranebudai.sk\/hu\/wp-json\/wp\/v2\/product\/15375","targetHints":{"allow":["GET"]}}],"collection":[{"href":"https:\/\/zbranebudai.sk\/hu\/wp-json\/wp\/v2\/product"}],"about":[{"href":"https:\/\/zbranebudai.sk\/hu\/wp-json\/wp\/v2\/types\/product"}],"wp:featuredmedia":[{"embeddable":true,"href":"https:\/\/zbranebudai.sk\/hu\/wp-json\/wp\/v2\/media\/12288"}],"wp:attachment":[{"href":"https:\/\/zbranebudai.sk\/hu\/wp-json\/wp\/v2\/media?parent=15375"}],"wp:term":[{"taxonomy":"product_brand","embeddable":true,"href":"https:\/\/zbranebudai.sk\/hu\/wp-json\/wp\/v2\/product_brand?post=15375"},{"taxonomy":"product_cat","embeddable":true,"href":"https:\/\/zbranebudai.sk\/hu\/wp-json\/wp\/v2\/product_cat?post=15375"},{"taxonomy":"product_tag","embeddable":true,"href":"https:\/\/zbranebudai.sk\/hu\/wp-json\/wp\/v2\/product_tag?post=15375"}],"curies":[{"name":"wp","href":"https:\/\/api.w.org\/{rel}","templated":true}]}}