{"id":15364,"date":"2025-02-17T17:59:05","date_gmt":"2025-02-17T15:59:05","guid":{"rendered":"https:\/\/zbranebudai.sk\/product\/pistol-hellcat-3-osp-burnt-bronze-9x19\/"},"modified":"2026-04-16T05:18:56","modified_gmt":"2026-04-16T03:18:56","slug":"pisztoly-hellcat-3-osp-egetett-bronz-9x19","status":"publish","type":"product","link":"https:\/\/zbranebudai.sk\/hu\/product\/pistol-hellcat-3-osp-burnt-bronze-9x19\/","title":{"rendered":"Pisztoly HELLCAT 3\u2033 OSP \u00e9getett bronz, 9\u00d719"},"content":{"rendered":"<p>Az OSP v\u00e1ltozat kollim\u00e1toros r\u00f6gz\u00edt\u00e9ssel rendelkezik. A Shield Sights, Leupold Delta Point, JPoint, Tricijon MS03 \u00e9s MS04, Springfield HEX WASP, Vortex Defender, Swampfox Sentinel, Sig Romeo Zero, Primary Arms Classic 21mm, Viridian RFX15, Crimson Trace CTS-1550\/CT-RAD \u00e9s Advanced Optics Nuwa kollim\u00e1torok k\u00f6zvetlen\u00fcl a fegyverre szerelhet\u0151ek, r\u00f6gz\u00edt\u0151lemez haszn\u00e1lata n\u00e9lk\u00fcl. A t\u00f6bbi m\u00e1rk\u00e1hoz szerel\u0151lemezt kell v\u00e1s\u00e1rolni.<\/p>\n<p>PARAM\u00c9TEREK:<\/p>\n<p>T\u00e1rkapacit\u00e1s: 11\/13 t\u00f6lt\u00e9ny<br \/>\nCs\u0151hossz: 79,5 mm (3\u2033)<br \/>\nTeljes hossz: 153 mm<br \/>\nSz\u00e9less\u00e9g: 25,4 mm<br \/>\nMagass\u00e1g: 102 mm<br \/>\nS\u00faly: 507 g (11 t\u00e1rral)<\/p>\n<p>CSOMAG TARTALMA:<\/p>\n<p>1x Pisztoly<br \/>\n2x t\u00e1lca (11rd, 13rd)<br \/>\n1x gyorst\u00f6lt\u0151<br \/>\n1x tiszt\u00edt\u00f3kefe<br \/>\n1x fegyverz\u00e1r<br \/>\n1x hordt\u00e1ska\u00a0<\/p>","protected":false},"excerpt":{"rendered":"<p>A Springfield Armory a legjobb l\u00f6v\u00e9szekkel \u00e9s \u00f6nv\u00e9delmi szak\u00e9rt\u0151kkel egy\u00fcttm\u0171k\u00f6dve v\u00e9gzett t\u00f6bb \u00e9ves apr\u00f3l\u00e9kos fejleszt\u00e9s ut\u00e1n bemutatja a HELLCAT\u00ae-ot - egy mikro-kompakt cal. 9\u00d719-es fegyvert a vil\u00e1g legnagyobb kapacit\u00e1s\u00e1val! A szabadalmaztatott 11 \u00e9s 13 t\u00e1ras kialak\u00edt\u00e1s t\u00f6k\u00e9letes v\u00e1laszt\u00e1s rejtett visel\u00e9shez. Az \u00faj, 15 t\u00f6lt\u00e9nyes b\u0151v\u00edtett t\u00e1r megv\u00e1s\u00e1rl\u00e1si lehet\u0151s\u00e9ge lehet\u0151v\u00e9 teszi a l\u00f6v\u00e9szek sz\u00e1m\u00e1ra, hogy ebben a n\u00e9pszer\u0171 konfigur\u00e1ci\u00f3ban is hordhass\u00e1k. 3\u2033-es kov\u00e1csolt cs\u0151 \u00e9s cs\u0151h\u00e1z Melonite\u00ae v\u00e9d\u0151r\u00e9teggel. \u00dajratervezett Gen 2 ravasz. Tr\u00edcium c\u00e9lz\u00f3k\u00e9sz\u00fcl\u00e9k lumineszcens gy\u0171r\u0171vel \u00e9s feh\u00e9r hangs\u00falyos f\u00e9lk\u00f6r\u00edves c\u00e9lz\u00f3k\u00e9sz\u00fcl\u00e9k (mindkett\u0151 oldalr\u00f3l \u00e1ll\u00edthat\u00f3, ac\u00e9lb\u00f3l k\u00e9sz\u00fclt). Adapt\u00edv markolatfel\u00fclet kiv\u00e9teles kontrollt biztos\u00edt a gyors l\u00f6v\u00e9shez. A HELLCAT\u00ae ravaszbiztos\u00edt\u00e1ssal, \u00fct\u0151szegbiztos\u00edt\u00e1ssal \u00e9s t\u00f6lt\u00f6tt t\u00e1rjelz\u0151vel rendelkezik. A t\u00e1rkiold\u00f3 a balkezes l\u00f6v\u00e9szek ig\u00e9nyeihez igazodva jobb oldalra forgathat\u00f3. A kis m\u00e9ret, a nagy kapacit\u00e1s, a k\u00f6nny\u0171 s\u00faly \u00e9s a nagy megb\u00edzhat\u00f3s\u00e1g teszi a HELLCAT\u00ae-ot t\u00f6k\u00e9letes rejtett visel\u00e9s\u0171 fegyverr\u00e9.<\/p>","protected":false},"featured_media":12266,"template":"","meta":{"_gspb_post_css":""},"product_brand":[],"product_cat":[2187,2066,1864,2033,1820],"product_tag":[],"class_list":{"0":"post-15364","1":"product","2":"type-product","3":"status-publish","4":"has-post-thumbnail","6":"product_cat-hellcat-hellcat","7":"product_cat-hellcat","8":"product_cat-pistole-zbrane-b-c","9":"product_cat-springfield-armory-hs-produkt","10":"product_cat-zbrane-b-c","12":"first","13":"instock","14":"taxable","15":"shipping-taxable","16":"purchasable","17":"product-type-simple"},"ct_brands":[],"_links":{"self":[{"href":"https:\/\/zbranebudai.sk\/hu\/wp-json\/wp\/v2\/product\/15364","targetHints":{"allow":["GET"]}}],"collection":[{"href":"https:\/\/zbranebudai.sk\/hu\/wp-json\/wp\/v2\/product"}],"about":[{"href":"https:\/\/zbranebudai.sk\/hu\/wp-json\/wp\/v2\/types\/product"}],"wp:featuredmedia":[{"embeddable":true,"href":"https:\/\/zbranebudai.sk\/hu\/wp-json\/wp\/v2\/media\/12266"}],"wp:attachment":[{"href":"https:\/\/zbranebudai.sk\/hu\/wp-json\/wp\/v2\/media?parent=15364"}],"wp:term":[{"taxonomy":"product_brand","embeddable":true,"href":"https:\/\/zbranebudai.sk\/hu\/wp-json\/wp\/v2\/product_brand?post=15364"},{"taxonomy":"product_cat","embeddable":true,"href":"https:\/\/zbranebudai.sk\/hu\/wp-json\/wp\/v2\/product_cat?post=15364"},{"taxonomy":"product_tag","embeddable":true,"href":"https:\/\/zbranebudai.sk\/hu\/wp-json\/wp\/v2\/product_tag?post=15364"}],"curies":[{"name":"wp","href":"https:\/\/api.w.org\/{rel}","templated":true}]}}