{"id":15363,"date":"2025-02-17T17:59:05","date_gmt":"2025-02-17T15:59:05","guid":{"rendered":"https:\/\/zbranebudai.sk\/product\/pistol-hellcat-rdp-3-8-9x19\/"},"modified":"2026-04-23T07:57:20","modified_gmt":"2026-04-23T05:57:20","slug":"hellcat-rdp-3-8-9x19-pisztoly","status":"publish","type":"product","link":"https:\/\/zbranebudai.sk\/hu\/product\/pistol-hellcat-rdp-3-8-9x19\/","title":{"rendered":"Pisztoly HELLCAT RDP 3.8\u2033, 9\u00d719"},"content":{"rendered":"<p>A fegyver kollim\u00e1torral van felszerelve. A Shield Sights, Leupold Delta Point, JPoint, Tricijon MS03 \u00e9s MS04, Springfield HEX WASP, Vortex Defender, Swampfox Sentinel, Sig Romeo Zero, Primary Arms Classic 21mm, Viridian RFX15, Crimson Trace CTS-1550\/CT-RAD \u00e9s Advanced Optics Nuwa kollim\u00e1torok k\u00f6zvetlen\u00fcl a fegyverre szerelhet\u0151ek, r\u00f6gz\u00edt\u0151lemez haszn\u00e1lata n\u00e9lk\u00fcl. A t\u00f6bbi m\u00e1rk\u00e1hoz szerel\u0151lemezt kell v\u00e1s\u00e1rolni.<\/p>","protected":false},"excerpt":{"rendered":"<p>HELLCAT\u00ae RDP - a n\u00e9pszer\u0171 modell mostant\u00f3l RDP\u2122 (Rapid Defense Package) konfigur\u00e1ci\u00f3ban is el\u00e9rhet\u0151. Ez 3,8\u2033-es menetes cs\u00f6vet \u00e9s torkolatkompenz\u00e1tort biztos\u00edt szabadalmaztatott \u00f6nz\u00e1r\u00f3 kialak\u00edt\u00e1ssal. Az egy\u00e9b param\u00e9terek ugyanazok maradnak, mint a HELLCAT\u00ae eset\u00e9ben. Kov\u00e1csolt cs\u0151 \u00e9s z\u00e1r\u00f3cs\u0151 Melonite\u00ae v\u00e9d\u0151bevonattal. \u00dajratervezett Gen 2 ravasz. Lumineszcens gy\u0171r\u0171vel ell\u00e1tott tr\u00edcium retikula \u00e9s feh\u00e9ren kiemelt f\u00e9lk\u00f6r alak\u00fa retikula (mindkett\u0151 oldalr\u00f3l \u00e1ll\u00edthat\u00f3, ac\u00e9lb\u00f3l k\u00e9sz\u00fclt). Adapt\u00edv markolatfel\u00fclet kiv\u00e9teles kontrollt biztos\u00edt a gyors l\u00f6v\u00e9shez. A HELLCAT\u00ae RDP ravaszbiztos\u00edt\u00e1ssal, \u00fct\u0151szegbiztos\u00edt\u00e1ssal \u00e9s t\u00f6lt\u00f6tt t\u00e1rjelz\u0151vel van felszerelve. A t\u00e1rkiold\u00f3 a balkezes haszn\u00e1lathoz jobb oldalra forgathat\u00f3. A kis m\u00e9ret, a nagy kapacit\u00e1s, a k\u00f6nny\u0171 s\u00faly \u00e9s a nagy megb\u00edzhat\u00f3s\u00e1g teszi a HELLCAT\u00aeRDP-t t\u00f6k\u00e9letes rejtett visel\u00e9s\u0171 fegyverr\u00e9.<\/p>","protected":false},"featured_media":12264,"template":"","meta":{"_gspb_post_css":""},"product_brand":[],"product_cat":[2066,2067,1864,2033,1820],"product_tag":[],"class_list":{"0":"post-15363","1":"product","2":"type-product","3":"status-publish","4":"has-post-thumbnail","6":"product_cat-hellcat","7":"product_cat-hellcat-rdp","8":"product_cat-pistole-zbrane-b-c","9":"product_cat-springfield-armory-hs-produkt","10":"product_cat-zbrane-b-c","12":"first","13":"instock","14":"taxable","15":"shipping-taxable","16":"purchasable","17":"product-type-simple"},"ct_brands":[],"_links":{"self":[{"href":"https:\/\/zbranebudai.sk\/hu\/wp-json\/wp\/v2\/product\/15363","targetHints":{"allow":["GET"]}}],"collection":[{"href":"https:\/\/zbranebudai.sk\/hu\/wp-json\/wp\/v2\/product"}],"about":[{"href":"https:\/\/zbranebudai.sk\/hu\/wp-json\/wp\/v2\/types\/product"}],"wp:featuredmedia":[{"embeddable":true,"href":"https:\/\/zbranebudai.sk\/hu\/wp-json\/wp\/v2\/media\/12264"}],"wp:attachment":[{"href":"https:\/\/zbranebudai.sk\/hu\/wp-json\/wp\/v2\/media?parent=15363"}],"wp:term":[{"taxonomy":"product_brand","embeddable":true,"href":"https:\/\/zbranebudai.sk\/hu\/wp-json\/wp\/v2\/product_brand?post=15363"},{"taxonomy":"product_cat","embeddable":true,"href":"https:\/\/zbranebudai.sk\/hu\/wp-json\/wp\/v2\/product_cat?post=15363"},{"taxonomy":"product_tag","embeddable":true,"href":"https:\/\/zbranebudai.sk\/hu\/wp-json\/wp\/v2\/product_tag?post=15363"}],"curies":[{"name":"wp","href":"https:\/\/api.w.org\/{rel}","templated":true}]}}