{"id":15357,"date":"2025-02-17T17:59:04","date_gmt":"2025-02-17T15:59:04","guid":{"rendered":"https:\/\/zbranebudai.sk\/product\/popruh-na-gulovnicu-tikka-3hgr-light-harness\/"},"modified":"2026-04-16T05:19:54","modified_gmt":"2026-04-16T03:19:54","slug":"golyos-heveder-tikka-3hgr-konnyu-ham","status":"publish","type":"product","link":"https:\/\/zbranebudai.sk\/hu\/product\/popruh-na-gulovnicu-tikka-3hgr-light-harness\/","title":{"rendered":"TIKKA 3HGR vil\u00e1g\u00edt\u00f3 k\u00e1belk\u00f6teg"},"content":{"rendered":"","protected":false},"excerpt":{"rendered":"<p>B\u00e1rki, aki m\u00e1r t\u00f6bb mint egy m\u00e9rf\u00f6ldet cipelt pusk\u00e1t, tudja, hogy az mennyire megviseli a v\u00e1ll\u00e1t. A 3HGR Light Harness egy k\u00f6nny\u0171 heveder, amely lehet\u0151v\u00e9 teszi a s\u00faly eloszt\u00e1s\u00e1t mindk\u00e9t v\u00e1llon, \u00edgy a puska hordoz\u00e1sa sokkal kiegyens\u00falyozottabb\u00e1 \u00e9s k\u00e9nyelmesebb\u00e9 v\u00e1lik. Egyszer\u0171en helyezze a tart\u00f3sz\u00edjat a m\u00e1sik v\u00e1ll\u00e1ra, \u00e9s a k\u00fcl\u00f6nbs\u00e9g a hagyom\u00e1nyos hevederhez k\u00e9pest fenomen\u00e1lis lesz. A 3HGR Light Harness hasonl\u00f3 tulajdons\u00e1gokkal rendelkezik, mint az Overberget, de m\u00e9g kompaktabb \u00e9s k\u00f6nnyebb (mind\u00f6ssze 190 g). Finnorsz\u00e1gban k\u00e9sz\u00fclt.<\/p>","protected":false},"featured_media":12252,"template":"","meta":{"_gspb_post_css":""},"product_brand":[],"product_cat":[1879,1821,1855,1854,1820],"product_tag":[],"class_list":{"0":"post-15357","1":"product","2":"type-product","3":"status-publish","4":"has-post-thumbnail","6":"product_cat-doplnky","7":"product_cat-gulovnice-zbrane-b-c","8":"product_cat-prislusenstvo-tikka","9":"product_cat-tikka","10":"product_cat-zbrane-b-c","12":"first","13":"outofstock","14":"taxable","15":"shipping-taxable","16":"purchasable","17":"product-type-simple"},"ct_brands":[],"_links":{"self":[{"href":"https:\/\/zbranebudai.sk\/hu\/wp-json\/wp\/v2\/product\/15357","targetHints":{"allow":["GET"]}}],"collection":[{"href":"https:\/\/zbranebudai.sk\/hu\/wp-json\/wp\/v2\/product"}],"about":[{"href":"https:\/\/zbranebudai.sk\/hu\/wp-json\/wp\/v2\/types\/product"}],"wp:featuredmedia":[{"embeddable":true,"href":"https:\/\/zbranebudai.sk\/hu\/wp-json\/wp\/v2\/media\/12252"}],"wp:attachment":[{"href":"https:\/\/zbranebudai.sk\/hu\/wp-json\/wp\/v2\/media?parent=15357"}],"wp:term":[{"taxonomy":"product_brand","embeddable":true,"href":"https:\/\/zbranebudai.sk\/hu\/wp-json\/wp\/v2\/product_brand?post=15357"},{"taxonomy":"product_cat","embeddable":true,"href":"https:\/\/zbranebudai.sk\/hu\/wp-json\/wp\/v2\/product_cat?post=15357"},{"taxonomy":"product_tag","embeddable":true,"href":"https:\/\/zbranebudai.sk\/hu\/wp-json\/wp\/v2\/product_tag?post=15357"}],"curies":[{"name":"wp","href":"https:\/\/api.w.org\/{rel}","templated":true}]}}