{"id":15347,"date":"2025-02-17T17:59:02","date_gmt":"2025-02-17T15:59:02","guid":{"rendered":"https:\/\/zbranebudai.sk\/product\/termoizolacny-navlek-na-tlmic-mps-45\/"},"modified":"2026-04-23T07:58:19","modified_gmt":"2026-04-23T05:58:19","slug":"hoszigetelo-lengescsillapito-burkolat-mps-45","status":"publish","type":"product","link":"https:\/\/zbranebudai.sk\/hu\/product\/termoizolacny-navlek-na-tlmic-mps-45\/","title":{"rendered":"H\u0151szigetel\u0151 h\u00fcvely MPS 45 hangtomp\u00edt\u00f3hoz"},"content":{"rendered":"<p>PARAM\u00c9TEREK:<\/p>\n<p>M\u00e9retek: 165 x 53 mm<br \/>\nZajcs\u00f6kkent\u00e9s: -2dB<br \/>\nS\u00faly: 60 g<\/p>","protected":false},"excerpt":{"rendered":"<p>A Klymax h\u0151szigetel\u0151 h\u00fcvely ak\u00e1r -2dB-vel n\u00f6veli a hangtomp\u00edt\u00f3 teljes\u00edtm\u00e9ny\u00e9t. Emellett v\u00e9d az \u00e9g\u00e9si s\u00e9r\u00fcl\u00e9sek, a h\u0151forr\u00f3s\u00e1g \u00e9s a kellemetlen, nem k\u00edv\u00e1nt behat\u00e1sok ellen is. A k\u00e1rokat a platina h\u00e1l\u00f3val meger\u0151s\u00edtett szilikon burkolat elnyeli.<\/p>","protected":false},"featured_media":12229,"template":"","meta":{"_gspb_post_css":""},"product_brand":[],"product_cat":[2156,2157,2107,1820],"product_tag":[],"class_list":{"0":"post-15347","1":"product","2":"type-product","3":"status-publish","4":"has-post-thumbnail","6":"product_cat-klymax","7":"product_cat-prislusenstvo-klymax","8":"product_cat-tlmice-zbrane-b-c","9":"product_cat-zbrane-b-c","11":"first","12":"outofstock","13":"taxable","14":"shipping-taxable","15":"purchasable","16":"product-type-simple"},"ct_brands":[],"_links":{"self":[{"href":"https:\/\/zbranebudai.sk\/hu\/wp-json\/wp\/v2\/product\/15347","targetHints":{"allow":["GET"]}}],"collection":[{"href":"https:\/\/zbranebudai.sk\/hu\/wp-json\/wp\/v2\/product"}],"about":[{"href":"https:\/\/zbranebudai.sk\/hu\/wp-json\/wp\/v2\/types\/product"}],"wp:featuredmedia":[{"embeddable":true,"href":"https:\/\/zbranebudai.sk\/hu\/wp-json\/wp\/v2\/media\/12229"}],"wp:attachment":[{"href":"https:\/\/zbranebudai.sk\/hu\/wp-json\/wp\/v2\/media?parent=15347"}],"wp:term":[{"taxonomy":"product_brand","embeddable":true,"href":"https:\/\/zbranebudai.sk\/hu\/wp-json\/wp\/v2\/product_brand?post=15347"},{"taxonomy":"product_cat","embeddable":true,"href":"https:\/\/zbranebudai.sk\/hu\/wp-json\/wp\/v2\/product_cat?post=15347"},{"taxonomy":"product_tag","embeddable":true,"href":"https:\/\/zbranebudai.sk\/hu\/wp-json\/wp\/v2\/product_tag?post=15347"}],"curies":[{"name":"wp","href":"https:\/\/api.w.org\/{rel}","templated":true}]}}