{"id":15346,"date":"2025-02-17T17:59:02","date_gmt":"2025-02-17T15:59:02","guid":{"rendered":"https:\/\/zbranebudai.sk\/product\/1911-ds-prodigy-5-aos-9x19-rmsw-4moa-hd\/"},"modified":"2026-04-09T02:34:54","modified_gmt":"2026-04-09T00:34:54","slug":"1911-ds-prodigy-5-aos-9x19-rmsw-4moa-hd","status":"publish","type":"product","link":"https:\/\/zbranebudai.sk\/hu\/product\/1911-ds-prodigy-5-aos-9x19-rmsw-4moa-hd\/","title":{"rendered":"1911 DS PRODIGY 5\u2033 AOS, 9\u00d719 + RMSW-4MOA-HD"},"content":{"rendered":"<p>PARAM\u00c9TEREK:<\/p>\n<p>A tart\u00e1ly kapacit\u00e1sa: 17\/20<br \/>\nCs\u0151hossz: 127 mm (5\u2033)<br \/>\nMagass\u00e1g: 140 mm<br \/>\nTeljes hossz: 216 mm<br \/>\nA cs\u0151 furat\u00e1nak oszt\u00e1sa: 1:16\u2033.<br \/>\nKiold\u00f3 ellen\u00e1ll\u00e1s: 1,8 - 2,0 kg<br \/>\nS\u00faly: 936 g<\/p>\n<p>SET:<\/p>\n<p>1x Pisztoly 1911 DS PRODIGY 5\u2033 AOS cal. 9\u00d719 (PH9119AOS)<br \/>\n1x Shield Reflex Mini Sight v\u00edz\u00e1ll\u00f3, nagy teherb\u00edr\u00e1s\u00fa, 4 MOA, \u00fcveg lencse<br \/>\n1x Hexoptics\/Holosun\/Shield Sights r\u00f6gz\u00edt\u0151lemez 1911 DS PRODIGY-hoz<\/p>","protected":false},"excerpt":{"rendered":"<p>A Springfield Armory 1911 DS Prodigy\u2122 a j\u00f3l bev\u00e1lt 1911-es platformot egy k\u00e9tsoros 9\u00d719-es t\u00e1rral \u00e9s pr\u00e9mium min\u0151s\u00e9g\u0171 vez\u00e9rl\u00e9ssel eg\u00e9sz\u00edti ki. A Bull rozsdamentes ac\u00e9lb\u00f3l kov\u00e1csolt, prec\u00edzi\u00f3s, 5\u2033-es sportcs\u00f6ve 11\u00b0-os s\u00fcllyesztett koron\u00e1val versenyszint\u0171 pontoss\u00e1got \u00e9s gyors l\u00f6v\u00e9ssorozatot biztos\u00edt. A kov\u00e1csolt ac\u00e9lv\u00e1zra szerelt polimer markolat 17 \u00e9s 20 t\u00e1rat tart. A kollim\u00e1tortart\u00f3, az k\u00e9tkezes k\u00e9zi biztos\u00edt\u00e9k, a z\u00f6ld sz\u00e1loptikai c\u00e9lkereszt, az U-v\u00e1gott c\u00e9lkereszt, a Cerakote\u00ae pr\u00e9mium kivitel, a csontv\u00e1zas \u00fct\u0151szerkezet\u0171 ravasz cs\u00f6kkentett z\u00e1rid\u0151vel \u00e9s a pikatinny s\u00edn az 1911 legn\u00e9pszer\u0171bb jellemz\u0151ivel kombin\u00e1lva egy nagy teljes\u00edtm\u00e9ny\u0171 fegyvert alkot. Tartalmazza a 17 \u00e9s 20 t\u00f6lt\u00e9nyes t\u00e1rakat, a HEX Dragonfly kollim\u00e1torhoz val\u00f3 r\u00f6gz\u00edt\u0151lemezt, a hordt\u00e1sk\u00e1t \u00e9s a fegyverz\u00e1rat.<\/p>","protected":false},"featured_media":12227,"template":"","meta":{"_gspb_post_css":""},"product_brand":[],"product_cat":[2171,1864,2033,1820],"product_tag":[],"class_list":{"0":"post-15346","1":"product","2":"type-product","3":"status-publish","4":"has-post-thumbnail","6":"product_cat-1911-ds","7":"product_cat-pistole-zbrane-b-c","8":"product_cat-springfield-armory-hs-produkt","9":"product_cat-zbrane-b-c","11":"first","12":"outofstock","13":"taxable","14":"shipping-taxable","15":"purchasable","16":"product-type-simple"},"ct_brands":[],"_links":{"self":[{"href":"https:\/\/zbranebudai.sk\/hu\/wp-json\/wp\/v2\/product\/15346","targetHints":{"allow":["GET"]}}],"collection":[{"href":"https:\/\/zbranebudai.sk\/hu\/wp-json\/wp\/v2\/product"}],"about":[{"href":"https:\/\/zbranebudai.sk\/hu\/wp-json\/wp\/v2\/types\/product"}],"wp:featuredmedia":[{"embeddable":true,"href":"https:\/\/zbranebudai.sk\/hu\/wp-json\/wp\/v2\/media\/12227"}],"wp:attachment":[{"href":"https:\/\/zbranebudai.sk\/hu\/wp-json\/wp\/v2\/media?parent=15346"}],"wp:term":[{"taxonomy":"product_brand","embeddable":true,"href":"https:\/\/zbranebudai.sk\/hu\/wp-json\/wp\/v2\/product_brand?post=15346"},{"taxonomy":"product_cat","embeddable":true,"href":"https:\/\/zbranebudai.sk\/hu\/wp-json\/wp\/v2\/product_cat?post=15346"},{"taxonomy":"product_tag","embeddable":true,"href":"https:\/\/zbranebudai.sk\/hu\/wp-json\/wp\/v2\/product_tag?post=15346"}],"curies":[{"name":"wp","href":"https:\/\/api.w.org\/{rel}","templated":true}]}}