{"id":15345,"date":"2025-02-17T17:59:02","date_gmt":"2025-02-17T15:59:02","guid":{"rendered":"https:\/\/zbranebudai.sk\/product\/cielnik-echelon-triciovy-s-bielym-kruzkom\/"},"modified":"2026-04-09T02:35:53","modified_gmt":"2026-04-09T00:35:53","slug":"echelon-trikolor-feher-korrel","status":"publish","type":"product","link":"https:\/\/zbranebudai.sk\/hu\/product\/cielnik-echelon-triciovy-s-bielym-kruzkom\/","title":{"rendered":"ECHELON tr\u00edcium c\u00e9lt\u00e1bla feh\u00e9r gy\u0171r\u0171vel"},"content":{"rendered":"","protected":false},"excerpt":{"rendered":"<p>No.38\/9E82060-00\/H\u00e1ts\u00f3 ir\u00e1nyz\u00e9k<\/p>","protected":false},"featured_media":12225,"template":"","meta":{"_gspb_post_css":""},"product_brand":[],"product_cat":[2051,1864,2043,2033,1820],"product_tag":[],"class_list":{"0":"post-15345","1":"product","2":"type-product","3":"status-publish","4":"has-post-thumbnail","6":"product_cat-mieridla-prislusenstvo-springfield-armory","7":"product_cat-pistole-zbrane-b-c","8":"product_cat-prislusenstvo-springfield-armory","9":"product_cat-springfield-armory-hs-produkt","10":"product_cat-zbrane-b-c","12":"first","13":"instock","14":"taxable","15":"shipping-taxable","16":"purchasable","17":"product-type-simple"},"ct_brands":[],"_links":{"self":[{"href":"https:\/\/zbranebudai.sk\/hu\/wp-json\/wp\/v2\/product\/15345","targetHints":{"allow":["GET"]}}],"collection":[{"href":"https:\/\/zbranebudai.sk\/hu\/wp-json\/wp\/v2\/product"}],"about":[{"href":"https:\/\/zbranebudai.sk\/hu\/wp-json\/wp\/v2\/types\/product"}],"wp:featuredmedia":[{"embeddable":true,"href":"https:\/\/zbranebudai.sk\/hu\/wp-json\/wp\/v2\/media\/12225"}],"wp:attachment":[{"href":"https:\/\/zbranebudai.sk\/hu\/wp-json\/wp\/v2\/media?parent=15345"}],"wp:term":[{"taxonomy":"product_brand","embeddable":true,"href":"https:\/\/zbranebudai.sk\/hu\/wp-json\/wp\/v2\/product_brand?post=15345"},{"taxonomy":"product_cat","embeddable":true,"href":"https:\/\/zbranebudai.sk\/hu\/wp-json\/wp\/v2\/product_cat?post=15345"},{"taxonomy":"product_tag","embeddable":true,"href":"https:\/\/zbranebudai.sk\/hu\/wp-json\/wp\/v2\/product_tag?post=15345"}],"curies":[{"name":"wp","href":"https:\/\/api.w.org\/{rel}","templated":true}]}}