{"id":15343,"date":"2025-02-17T17:59:02","date_gmt":"2025-02-17T15:59:02","guid":{"rendered":"https:\/\/zbranebudai.sk\/product\/montazna-platnicka-aimpoint-acro-pre-echelon\/"},"modified":"2026-05-07T13:22:23","modified_gmt":"2026-05-07T11:22:23","slug":"aimpoint-acro-rogzitolemez-echelonhoz","status":"publish","type":"product","link":"https:\/\/zbranebudai.sk\/hu\/product\/montazna-platnicka-aimpoint-acro-pre-echelon\/","title":{"rendered":"Szerel\u0151lemez Aimpoint Acro az ECHELON-hoz"},"content":{"rendered":"","protected":false},"excerpt":{"rendered":"<p>Szerel\u0151lemez az Aimpoint Acro kollim\u00e1torok ECHELON pisztolyokra t\u00f6rt\u00e9n\u0151 felszerel\u00e9s\u00e9hez (E82660-02\/ECHELON Plate OSP-Aimpoint Acro)<\/p>","protected":false},"featured_media":12221,"template":"","meta":{"_gspb_post_css":""},"product_brand":[],"product_cat":[2077,1864,2043,2033,1820],"product_tag":[],"class_list":{"0":"post-15343","1":"product","2":"type-product","3":"status-publish","4":"has-post-thumbnail","6":"product_cat-doplnky-prislusenstvo-springfield-armory","7":"product_cat-pistole-zbrane-b-c","8":"product_cat-prislusenstvo-springfield-armory","9":"product_cat-springfield-armory-hs-produkt","10":"product_cat-zbrane-b-c","12":"first","13":"outofstock","14":"taxable","15":"shipping-taxable","16":"purchasable","17":"product-type-simple"},"ct_brands":[],"_links":{"self":[{"href":"https:\/\/zbranebudai.sk\/hu\/wp-json\/wp\/v2\/product\/15343","targetHints":{"allow":["GET"]}}],"collection":[{"href":"https:\/\/zbranebudai.sk\/hu\/wp-json\/wp\/v2\/product"}],"about":[{"href":"https:\/\/zbranebudai.sk\/hu\/wp-json\/wp\/v2\/types\/product"}],"wp:featuredmedia":[{"embeddable":true,"href":"https:\/\/zbranebudai.sk\/hu\/wp-json\/wp\/v2\/media\/12221"}],"wp:attachment":[{"href":"https:\/\/zbranebudai.sk\/hu\/wp-json\/wp\/v2\/media?parent=15343"}],"wp:term":[{"taxonomy":"product_brand","embeddable":true,"href":"https:\/\/zbranebudai.sk\/hu\/wp-json\/wp\/v2\/product_brand?post=15343"},{"taxonomy":"product_cat","embeddable":true,"href":"https:\/\/zbranebudai.sk\/hu\/wp-json\/wp\/v2\/product_cat?post=15343"},{"taxonomy":"product_tag","embeddable":true,"href":"https:\/\/zbranebudai.sk\/hu\/wp-json\/wp\/v2\/product_tag?post=15343"}],"curies":[{"name":"wp","href":"https:\/\/api.w.org\/{rel}","templated":true}]}}