{"id":15342,"date":"2025-02-17T17:59:02","date_gmt":"2025-02-17T15:59:02","guid":{"rendered":"https:\/\/zbranebudai.sk\/product\/vis-sada-pre-montaz-optiky-na-echelon\/"},"modified":"2026-04-30T10:41:11","modified_gmt":"2026-04-30T08:41:11","slug":"vis-kit-optikak-echelonra-torteno-felszerelesehez","status":"publish","type":"product","link":"https:\/\/zbranebudai.sk\/hu\/product\/vis-sada-pre-montaz-optiky-na-echelon\/","title":{"rendered":"VIS k\u00e9szlet az optika ECHELON-ra t\u00f6rt\u00e9n\u0151 felszerel\u00e9s\u00e9hez"},"content":{"rendered":"<p>CSOMAG TARTALMA:<\/p>\n<p>1x \u00f6nz\u00e1r\u00f3 csapszegk\u00e9szlet (2. csapszegk\u00e9szlet)<br \/>\n1x \u00f6nz\u00e1r\u00f3 csapszegk\u00e9szlet (3. csapszegk\u00e9szlet)<br \/>\n1x csavar k\u00e9szlet 1A: RMR, SRO #6-32, 9.13mm, T10<br \/>\n1x csavar k\u00e9szlet 1B: 507C, 508T #6-32, 7.9mm, T10<br \/>\n1x csavark\u00e9szlet 1C: 509T lemez #6-32, 4,63mm, T10<br \/>\n1x csavark\u00e9szlet 2A: DeltaPoint Pro #M4x0,7, 15,87mm, T10<\/p>","protected":false},"excerpt":{"rendered":"<p>\u00d6nbiztos\u00edt\u00f3 csapok \u00e9s csavarok cserek\u00e9szlete a VIS v\u00e1ltoz\u00f3 interf\u00e9szrendszerhez az Echelon\u2122 sz\u00e1m\u00e1ra. A VIS (Variable Interface System) a legfejlettebb optikai r\u00f6gz\u00edt\u00e9si rendszer a piacon, \u00e9s szabadalmaztatott \u00f6nz\u00e1r\u00f3 csapokat haszn\u00e1l, amelyek oldalir\u00e1ny\u00fa nyom\u00e1st gyakorolnak az optika bels\u0151 r\u00f6gz\u00edt\u00e9si fel\u00fclet\u00e9re, kik\u00fcsz\u00f6b\u00f6lve a helytelen igaz\u00edt\u00e1st \u00e9s a balra\/jobbra mozg\u00e1st. Az eredm\u00e9ny p\u00e1ratlan kapcsolat a pisztoly \u00e9s az optik\u00e1k sz\u00e9les v\u00e1laszt\u00e9ka k\u00f6z\u00f6tt. (9E82830-01\/VIS r\u00f6gz\u00edt\u0151 tartoz\u00e9kok)<\/p>","protected":false},"featured_media":12219,"template":"","meta":{"_gspb_post_css":""},"product_brand":[],"product_cat":[2077,1864,2043,2033,1820],"product_tag":[],"class_list":{"0":"post-15342","1":"product","2":"type-product","3":"status-publish","4":"has-post-thumbnail","6":"product_cat-doplnky-prislusenstvo-springfield-armory","7":"product_cat-pistole-zbrane-b-c","8":"product_cat-prislusenstvo-springfield-armory","9":"product_cat-springfield-armory-hs-produkt","10":"product_cat-zbrane-b-c","12":"first","13":"instock","14":"taxable","15":"shipping-taxable","16":"purchasable","17":"product-type-simple"},"ct_brands":[],"_links":{"self":[{"href":"https:\/\/zbranebudai.sk\/hu\/wp-json\/wp\/v2\/product\/15342","targetHints":{"allow":["GET"]}}],"collection":[{"href":"https:\/\/zbranebudai.sk\/hu\/wp-json\/wp\/v2\/product"}],"about":[{"href":"https:\/\/zbranebudai.sk\/hu\/wp-json\/wp\/v2\/types\/product"}],"wp:featuredmedia":[{"embeddable":true,"href":"https:\/\/zbranebudai.sk\/hu\/wp-json\/wp\/v2\/media\/12219"}],"wp:attachment":[{"href":"https:\/\/zbranebudai.sk\/hu\/wp-json\/wp\/v2\/media?parent=15342"}],"wp:term":[{"taxonomy":"product_brand","embeddable":true,"href":"https:\/\/zbranebudai.sk\/hu\/wp-json\/wp\/v2\/product_brand?post=15342"},{"taxonomy":"product_cat","embeddable":true,"href":"https:\/\/zbranebudai.sk\/hu\/wp-json\/wp\/v2\/product_cat?post=15342"},{"taxonomy":"product_tag","embeddable":true,"href":"https:\/\/zbranebudai.sk\/hu\/wp-json\/wp\/v2\/product_tag?post=15342"}],"curies":[{"name":"wp","href":"https:\/\/api.w.org\/{rel}","templated":true}]}}