{"id":15341,"date":"2025-02-17T17:59:02","date_gmt":"2025-02-17T15:59:02","guid":{"rendered":"https:\/\/zbranebudai.sk\/product\/navlek-na-zasobnik-hellcat-h11-fde\/"},"modified":"2026-04-16T05:17:59","modified_gmt":"2026-04-16T03:17:59","slug":"hellcat-h11-fde-tragya-fedele","status":"publish","type":"product","link":"https:\/\/zbranebudai.sk\/hu\/product\/navlek-na-zasobnik-hellcat-h11-fde\/","title":{"rendered":"HELLCAT\/H11 magazin bor\u00edt\u00f3, FDE"},"content":{"rendered":"","protected":false},"excerpt":{"rendered":"<p>Magazin bor\u00edt\u00f3ja cal. 9\u00d719 a Hellcat\/H11 sz\u00e1m\u00e1ra. (862560-00FDE\/Sleve HELLCAT 9mm FDE)<\/p>","protected":false},"featured_media":12217,"template":"","meta":{"_gspb_post_css":""},"product_brand":[],"product_cat":[1864,2043,2033,2230,1820],"product_tag":[],"class_list":{"0":"post-15341","1":"product","2":"type-product","3":"status-publish","4":"has-post-thumbnail","6":"product_cat-pistole-zbrane-b-c","7":"product_cat-prislusenstvo-springfield-armory","8":"product_cat-springfield-armory-hs-produkt","9":"product_cat-zasobniky-prislusenstvo-springfield-armory","10":"product_cat-zbrane-b-c","12":"first","13":"instock","14":"taxable","15":"shipping-taxable","16":"purchasable","17":"product-type-simple"},"ct_brands":[],"_links":{"self":[{"href":"https:\/\/zbranebudai.sk\/hu\/wp-json\/wp\/v2\/product\/15341","targetHints":{"allow":["GET"]}}],"collection":[{"href":"https:\/\/zbranebudai.sk\/hu\/wp-json\/wp\/v2\/product"}],"about":[{"href":"https:\/\/zbranebudai.sk\/hu\/wp-json\/wp\/v2\/types\/product"}],"wp:featuredmedia":[{"embeddable":true,"href":"https:\/\/zbranebudai.sk\/hu\/wp-json\/wp\/v2\/media\/12217"}],"wp:attachment":[{"href":"https:\/\/zbranebudai.sk\/hu\/wp-json\/wp\/v2\/media?parent=15341"}],"wp:term":[{"taxonomy":"product_brand","embeddable":true,"href":"https:\/\/zbranebudai.sk\/hu\/wp-json\/wp\/v2\/product_brand?post=15341"},{"taxonomy":"product_cat","embeddable":true,"href":"https:\/\/zbranebudai.sk\/hu\/wp-json\/wp\/v2\/product_cat?post=15341"},{"taxonomy":"product_tag","embeddable":true,"href":"https:\/\/zbranebudai.sk\/hu\/wp-json\/wp\/v2\/product_tag?post=15341"}],"curies":[{"name":"wp","href":"https:\/\/api.w.org\/{rel}","templated":true}]}}