{"id":15331,"date":"2025-02-17T17:59:00","date_gmt":"2025-02-17T15:59:00","guid":{"rendered":"https:\/\/zbranebudai.sk\/product\/chiappa-1892-l-a-wildlands-takedown-mhr-kal-357mag\/"},"modified":"2026-04-09T01:04:54","modified_gmt":"2026-04-08T23:04:54","slug":"chiappa-1892-l-a-wildlands-takedown-mhr-kal-357mag","status":"publish","type":"product","link":"https:\/\/zbranebudai.sk\/hu\/product\/chiappa-1892-l-a-wildlands-takedown-mhr-kal-357mag\/","title":{"rendered":"Chiappa 1892 L.A. Wildlands Takedown MHR, cal. .357Mag"},"content":{"rendered":"<p>PARAM\u00c9TEREK:<\/p>\n<p>Cs\u0151hossz: 16 inch \/ 406mm<br \/>\nTeljes hossz: 87,8 cm<br \/>\nT\u00e1lcakapacit\u00e1s: 5\u00a0<br \/>\nPicatinny s\u00edn: igen<br \/>\nA hord\u00f3: ac\u00e9l: Feket\u00e9re festett ac\u00e9l<br \/>\n\u00cdg\u00e9ret: \u00e9rdes\u00edtett lamin\u00e1lt<br \/>\nS\u00faly: 3,1 kg<\/p>","protected":false},"excerpt":{"rendered":"<p>A Chiappa 1892 a legend\u00e1s Winchester 1892, a John M. Browning \u00e1ltal tervezett t\u00f6rt\u00e9nelmi amerikai vadnyugati karos ism\u00e9tl\u0151puska h\u0171 m\u00e1solata. A f\u00e9m alkatr\u00e9szek prec\u00edzi\u00f3s megmunk\u00e1l\u00e1sa modern CNC-g\u00e9pen t\u00f6rt\u00e9nik, s\u0151t egyes alkatr\u00e9szek m\u00e9g az eredeti 1892-es modellel is felcser\u00e9lhet\u0151k. Az MHR modellnek paracord bevonat\u00fa karja is van, \u00e9s a csomag tartalmaz egy szint\u00e9n paracordb\u00f3l k\u00e9sz\u00fclt sz\u00edjat.<\/p>","protected":false},"featured_media":12189,"template":"","meta":{"_gspb_post_css":""},"product_brand":[],"product_cat":[1986,1821,1987,1820],"product_tag":[],"class_list":{"0":"post-15331","1":"product","2":"type-product","3":"status-publish","4":"has-post-thumbnail","6":"product_cat-chiappa-firearms-gulovnice-zbrane-b-c","7":"product_cat-gulovnice-zbrane-b-c","8":"product_cat-gulovnice-chiappa-firearms","9":"product_cat-zbrane-b-c","11":"first","12":"instock","13":"taxable","14":"shipping-taxable","15":"purchasable","16":"product-type-simple"},"ct_brands":[],"_links":{"self":[{"href":"https:\/\/zbranebudai.sk\/hu\/wp-json\/wp\/v2\/product\/15331","targetHints":{"allow":["GET"]}}],"collection":[{"href":"https:\/\/zbranebudai.sk\/hu\/wp-json\/wp\/v2\/product"}],"about":[{"href":"https:\/\/zbranebudai.sk\/hu\/wp-json\/wp\/v2\/types\/product"}],"wp:featuredmedia":[{"embeddable":true,"href":"https:\/\/zbranebudai.sk\/hu\/wp-json\/wp\/v2\/media\/12189"}],"wp:attachment":[{"href":"https:\/\/zbranebudai.sk\/hu\/wp-json\/wp\/v2\/media?parent=15331"}],"wp:term":[{"taxonomy":"product_brand","embeddable":true,"href":"https:\/\/zbranebudai.sk\/hu\/wp-json\/wp\/v2\/product_brand?post=15331"},{"taxonomy":"product_cat","embeddable":true,"href":"https:\/\/zbranebudai.sk\/hu\/wp-json\/wp\/v2\/product_cat?post=15331"},{"taxonomy":"product_tag","embeddable":true,"href":"https:\/\/zbranebudai.sk\/hu\/wp-json\/wp\/v2\/product_tag?post=15331"}],"curies":[{"name":"wp","href":"https:\/\/api.w.org\/{rel}","templated":true}]}}