{"id":15329,"date":"2025-02-17T17:58:59","date_gmt":"2025-02-17T15:58:59","guid":{"rendered":"https:\/\/zbranebudai.sk\/product\/zasobnik-sako-90-85-m-kal-30-06spr-5rd-stainless-steel\/"},"modified":"2026-04-01T23:57:05","modified_gmt":"2026-04-01T21:57:05","slug":"henger-kopeny-90-85-m-cal-30-06spr-5rd-rozsdamentes-acel","status":"publish","type":"product","link":"https:\/\/zbranebudai.sk\/hu\/product\/zasobnik-sako-90-85-m-kal-30-06spr-5rd-stainless-steel\/","title":{"rendered":"Magazin Sako 90\/85\/M cal. 30-06Spr 5rd, rozsdamentes ac\u00e9l"},"content":{"rendered":"","protected":false},"excerpt":{"rendered":"<p>T\u00f6lt\u00e9nyt\u00e1r 5 t\u00f6lt\u00e9nyhez cal. 30-06Spr, 7\u00d764, 8x57IS, 270Win, 25-06Rem a Sako 85\/90\/M Carbonlight,Hun, Peak sz\u00e1m\u00e1ra. A t\u00e1r alja rozsdamentes ac\u00e9lb\u00f3l.<\/p>","protected":false},"featured_media":12185,"template":"","meta":{"_gspb_post_css":""},"product_brand":[],"product_cat":[1821,1928,1822,1856,1820],"product_tag":[],"class_list":{"0":"post-15329","1":"product","2":"type-product","3":"status-publish","4":"has-post-thumbnail","6":"product_cat-gulovnice-zbrane-b-c","7":"product_cat-prislusenstvo-sako","8":"product_cat-sako","9":"product_cat-zasobniky","10":"product_cat-zbrane-b-c","12":"first","13":"outofstock","14":"taxable","15":"shipping-taxable","16":"purchasable","17":"product-type-simple"},"ct_brands":[],"_links":{"self":[{"href":"https:\/\/zbranebudai.sk\/hu\/wp-json\/wp\/v2\/product\/15329","targetHints":{"allow":["GET"]}}],"collection":[{"href":"https:\/\/zbranebudai.sk\/hu\/wp-json\/wp\/v2\/product"}],"about":[{"href":"https:\/\/zbranebudai.sk\/hu\/wp-json\/wp\/v2\/types\/product"}],"wp:featuredmedia":[{"embeddable":true,"href":"https:\/\/zbranebudai.sk\/hu\/wp-json\/wp\/v2\/media\/12185"}],"wp:attachment":[{"href":"https:\/\/zbranebudai.sk\/hu\/wp-json\/wp\/v2\/media?parent=15329"}],"wp:term":[{"taxonomy":"product_brand","embeddable":true,"href":"https:\/\/zbranebudai.sk\/hu\/wp-json\/wp\/v2\/product_brand?post=15329"},{"taxonomy":"product_cat","embeddable":true,"href":"https:\/\/zbranebudai.sk\/hu\/wp-json\/wp\/v2\/product_cat?post=15329"},{"taxonomy":"product_tag","embeddable":true,"href":"https:\/\/zbranebudai.sk\/hu\/wp-json\/wp\/v2\/product_tag?post=15329"}],"curies":[{"name":"wp","href":"https:\/\/api.w.org\/{rel}","templated":true}]}}