{"id":15326,"date":"2025-02-17T17:58:59","date_gmt":"2025-02-17T15:58:59","guid":{"rendered":"https:\/\/zbranebudai.sk\/product\/stalon-victor-l-m14x15-max-kal-30\/"},"modified":"2026-04-30T10:39:24","modified_gmt":"2026-04-30T08:39:24","slug":"stalon-victor-l-m14x15-max-cal-30","status":"publish","type":"product","link":"https:\/\/zbranebudai.sk\/hu\/product\/stalon-victor-l-m14x15-max-kal-30\/","title":{"rendered":"Stalon VICTOR L, M14x1,5, max. kal. .30"},"content":{"rendered":"<p>PARAM\u00c9TEREK:<\/p>\n<p>Maxim\u00e1lis kaliber: .30<br \/>\nMax. Cs\u0151\u00e1tm\u00e9r\u0151: 22,5 mm<br \/>\nZajcsillap\u00edt\u00e1s: -32,5 dBc (0,308)<br \/>\n\u00c1tm\u00e9r\u0151: 41 mm<br \/>\nHossz: 258 mm (\u00fcl\u0151hely 95 mm \/ cs\u0151hosszabb\u00edt\u00e1s 163 mm)<br \/>\nAnyag - test: elox\u00e1lt, kiv\u00e1l\u00f3 min\u0151s\u00e9g\u0171 alum\u00ednium<br \/>\nAnyag - menet: rozsdamentes ac\u00e9l<br \/>\nAnyag - els\u0151 terel\u0151lap: rozsdamentes ac\u00e9l<br \/>\nAnyag - egy\u00e9b v\u00e1laszfalak: elox\u00e1lt kiv\u00e1l\u00f3 min\u0151s\u00e9g\u0171 alum\u00ednium<br \/>\nSz\u00edn: arany gy\u0171r\u0171vel a h\u00e1tulj\u00e1n<br \/>\nS\u00faly: 325 g<\/p>","protected":false},"excerpt":{"rendered":"<p>A Stalon VICTOR L egy v\u00e9kony kialak\u00edt\u00e1s\u00fa, kis t\u00f6meg\u0171 (mind\u00f6ssze 325 g) \u00e9s a m\u00e9rethez k\u00e9pest oszt\u00e1lyels\u0151 teljes\u00edtm\u00e9ny\u0171 (-32,5 dBc) hangtomp\u00edt\u00f3. A teleszk\u00f3pos kialak\u00edt\u00e1s (a cs\u0151 felett) biztos\u00edtja a fegyver jobb egyens\u00faly\u00e1t. Ide\u00e1lis azok sz\u00e1m\u00e1ra, akiknek csendes, v\u00e9kony \u00e9s k\u00f6nny\u0171 fegyverre van sz\u00fcks\u00e9g\u00fck.<\/p>","protected":false},"featured_media":12179,"template":"","meta":{"_gspb_post_css":""},"product_brand":[],"product_cat":[2113,2107,2114,1820],"product_tag":[],"class_list":{"0":"post-15326","1":"product","2":"type-product","3":"status-publish","4":"has-post-thumbnail","6":"product_cat-stalon","7":"product_cat-tlmice-zbrane-b-c","8":"product_cat-victor","9":"product_cat-zbrane-b-c","11":"first","12":"instock","13":"taxable","14":"shipping-taxable","15":"purchasable","16":"product-type-simple"},"ct_brands":[],"_links":{"self":[{"href":"https:\/\/zbranebudai.sk\/hu\/wp-json\/wp\/v2\/product\/15326","targetHints":{"allow":["GET"]}}],"collection":[{"href":"https:\/\/zbranebudai.sk\/hu\/wp-json\/wp\/v2\/product"}],"about":[{"href":"https:\/\/zbranebudai.sk\/hu\/wp-json\/wp\/v2\/types\/product"}],"wp:featuredmedia":[{"embeddable":true,"href":"https:\/\/zbranebudai.sk\/hu\/wp-json\/wp\/v2\/media\/12179"}],"wp:attachment":[{"href":"https:\/\/zbranebudai.sk\/hu\/wp-json\/wp\/v2\/media?parent=15326"}],"wp:term":[{"taxonomy":"product_brand","embeddable":true,"href":"https:\/\/zbranebudai.sk\/hu\/wp-json\/wp\/v2\/product_brand?post=15326"},{"taxonomy":"product_cat","embeddable":true,"href":"https:\/\/zbranebudai.sk\/hu\/wp-json\/wp\/v2\/product_cat?post=15326"},{"taxonomy":"product_tag","embeddable":true,"href":"https:\/\/zbranebudai.sk\/hu\/wp-json\/wp\/v2\/product_tag?post=15326"}],"curies":[{"name":"wp","href":"https:\/\/api.w.org\/{rel}","templated":true}]}}