{"id":15318,"date":"2025-02-17T17:58:58","date_gmt":"2025-02-17T15:58:58","guid":{"rendered":"https:\/\/zbranebudai.sk\/product\/predna-cast-tlmica-stalon-x-series-149-max-kal-223\/"},"modified":"2026-04-09T02:34:53","modified_gmt":"2026-04-09T00:34:53","slug":"elso-lengescsillapito-stalon-x-sorozat-149-max-cal-223","status":"publish","type":"product","link":"https:\/\/zbranebudai.sk\/hu\/product\/predna-cast-tlmica-stalon-x-series-149-max-kal-223\/","title":{"rendered":"Els\u0151 leng\u00e9scsillap\u00edt\u00f3 Stalon X-series 149, max. cal. .223"},"content":{"rendered":"","protected":false},"excerpt":{"rendered":"","protected":false},"featured_media":12161,"template":"","meta":{"_gspb_post_css":""},"product_brand":[],"product_cat":[2167,2131,2113,2107,1820],"product_tag":[],"class_list":{"0":"post-15318","1":"product","2":"type-product","3":"status-publish","4":"has-post-thumbnail","6":"product_cat-nd-stalon","7":"product_cat-prislusenstvo-stalon","8":"product_cat-stalon","9":"product_cat-tlmice-zbrane-b-c","10":"product_cat-zbrane-b-c","12":"first","13":"instock","14":"taxable","15":"shipping-taxable","16":"purchasable","17":"product-type-simple"},"ct_brands":[],"_links":{"self":[{"href":"https:\/\/zbranebudai.sk\/hu\/wp-json\/wp\/v2\/product\/15318","targetHints":{"allow":["GET"]}}],"collection":[{"href":"https:\/\/zbranebudai.sk\/hu\/wp-json\/wp\/v2\/product"}],"about":[{"href":"https:\/\/zbranebudai.sk\/hu\/wp-json\/wp\/v2\/types\/product"}],"wp:featuredmedia":[{"embeddable":true,"href":"https:\/\/zbranebudai.sk\/hu\/wp-json\/wp\/v2\/media\/12161"}],"wp:attachment":[{"href":"https:\/\/zbranebudai.sk\/hu\/wp-json\/wp\/v2\/media?parent=15318"}],"wp:term":[{"taxonomy":"product_brand","embeddable":true,"href":"https:\/\/zbranebudai.sk\/hu\/wp-json\/wp\/v2\/product_brand?post=15318"},{"taxonomy":"product_cat","embeddable":true,"href":"https:\/\/zbranebudai.sk\/hu\/wp-json\/wp\/v2\/product_cat?post=15318"},{"taxonomy":"product_tag","embeddable":true,"href":"https:\/\/zbranebudai.sk\/hu\/wp-json\/wp\/v2\/product_tag?post=15318"}],"curies":[{"name":"wp","href":"https:\/\/api.w.org\/{rel}","templated":true}]}}