{"id":15315,"date":"2025-02-17T17:58:57","date_gmt":"2025-02-17T15:58:57","guid":{"rendered":"https:\/\/zbranebudai.sk\/product\/ruger-pc-charger-29100-kal-9mm-luger\/"},"modified":"2026-04-16T05:17:04","modified_gmt":"2026-04-16T03:17:04","slug":"ruger-pc-charger-29100-cal-9mm-luger","status":"publish","type":"product","link":"https:\/\/zbranebudai.sk\/hu\/product\/ruger-pc-charger-29100-kal-9mm-luger\/","title":{"rendered":"Ruger PC Charger 29100, cal. 9mm Luger"},"content":{"rendered":"<p>PARAM\u00c9TEREK:<\/p>\n<p>Cs\u0151hossz: 165 mm (6.5 in)<br \/>\nTeljes hossz: 419 mm<br \/>\nA tart\u00e1ly kapacit\u00e1sa: 17<br \/>\nCs\u0151oszt\u00e1s: 1:10\u2033 RH<br \/>\nPicatinny s\u00edn: Igen<br \/>\nA hord\u00f3: ac\u00e9l \u00f6tv\u00f6zetb\u0151l<br \/>\nFoganty\u00fa: Fekete, szintetikus<br \/>\nS\u00faly: 2,95 kg<\/p>","protected":false},"excerpt":{"rendered":"<p>A Ruger PC Charger 29100 kr\u00f3mozott, hidegen kov\u00e1csolt ac\u00e9lcs\u0151vel rendelkezik, extra pontos huzagol\u00e1ssal a kiv\u00e9teles pontoss\u00e1g \u00e9s tart\u00f3ss\u00e1g \u00e9rdek\u00e9ben. Elox\u00e1lt alum\u00ednium Type III markolat a maxim\u00e1lis tart\u00f3ss\u00e1g \u00e9rdek\u00e9ben, Magpul\u00ae M-LOK kompatibilis ny\u00edl\u00e1sokkal a 3, 6 \u00e9s 9 \u00f3rai poz\u00edci\u00f3ban. Integr\u00e1lt alum\u00ednium h\u00e1ts\u00f3 pikatinny s\u00edn a l\u00f6v\u00e9sz\u00e1ru felszerel\u00e9s\u00e9hez. A k\u00f6nnyen elt\u00e1vol\u00edthat\u00f3 cs\u0151 lehet\u0151v\u00e9 teszi a k\u00f6nny\u0171 sz\u00e1ll\u00edt\u00e1st \u00e9s t\u00e1rol\u00e1st. A k\u00f6nny\u0171, \u00e9les h\u00faz\u00e1ssal \u00e9s pozit\u00edv vissza\u00e1ll\u00edt\u00e1ssal rendelkez\u0151 ravasz a bev\u00e1lt 10\/22\u00ae ravasz alkatr\u00e9szeket haszn\u00e1lja. Mind a t\u00e1rkiold\u00f3, mind a t\u00f6lt\u0151kar \u00e1tford\u00edthat\u00f3 a m\u00e1sik oldalra a balkezes haszn\u00e1lathoz. Ruger\u00ae \u00e9s Glock\u00ae t\u00e1rak haszn\u00e1lhat\u00f3k.<\/p>","protected":false},"featured_media":12155,"template":"","meta":{"_gspb_post_css":""},"product_brand":[],"product_cat":[2182,1864,1877,1820],"product_tag":[],"class_list":{"0":"post-15315","1":"product","2":"type-product","3":"status-publish","4":"has-post-thumbnail","6":"product_cat-pc-charger","7":"product_cat-pistole-zbrane-b-c","8":"product_cat-ruger-pistole-zbrane-b-c","9":"product_cat-zbrane-b-c","11":"first","12":"instock","13":"taxable","14":"shipping-taxable","15":"purchasable","16":"product-type-simple"},"ct_brands":[],"_links":{"self":[{"href":"https:\/\/zbranebudai.sk\/hu\/wp-json\/wp\/v2\/product\/15315","targetHints":{"allow":["GET"]}}],"collection":[{"href":"https:\/\/zbranebudai.sk\/hu\/wp-json\/wp\/v2\/product"}],"about":[{"href":"https:\/\/zbranebudai.sk\/hu\/wp-json\/wp\/v2\/types\/product"}],"wp:featuredmedia":[{"embeddable":true,"href":"https:\/\/zbranebudai.sk\/hu\/wp-json\/wp\/v2\/media\/12155"}],"wp:attachment":[{"href":"https:\/\/zbranebudai.sk\/hu\/wp-json\/wp\/v2\/media?parent=15315"}],"wp:term":[{"taxonomy":"product_brand","embeddable":true,"href":"https:\/\/zbranebudai.sk\/hu\/wp-json\/wp\/v2\/product_brand?post=15315"},{"taxonomy":"product_cat","embeddable":true,"href":"https:\/\/zbranebudai.sk\/hu\/wp-json\/wp\/v2\/product_cat?post=15315"},{"taxonomy":"product_tag","embeddable":true,"href":"https:\/\/zbranebudai.sk\/hu\/wp-json\/wp\/v2\/product_tag?post=15315"}],"curies":[{"name":"wp","href":"https:\/\/api.w.org\/{rel}","templated":true}]}}