{"id":15307,"date":"2025-02-17T17:58:56","date_gmt":"2025-02-17T15:58:56","guid":{"rendered":"https:\/\/zbranebudai.sk\/product\/marlin-336-classic-70504-kal-30-30win\/"},"modified":"2026-04-16T05:17:04","modified_gmt":"2026-04-16T03:17:04","slug":"marlin-336-classic-70504-cal-30-30win","status":"publish","type":"product","link":"https:\/\/zbranebudai.sk\/hu\/product\/marlin-336-classic-70504-kal-30-30win\/","title":{"rendered":"Marlin 336 Classic (70504), cal. .30-30Win."},"content":{"rendered":"<p>PARAM\u00c9TEREK:<\/p>\n<p>Cs\u0151hossz: 514 mm (20.25\u2033)<br \/>\nTeljes hossz: 981 mm<br \/>\nKapacit\u00e1s: 6<br \/>\nCs\u0151oszt\u00e1s: 1:11\u2033 RH<br \/>\nPicatinny s\u00edn: Nem<br \/>\nA hord\u00f3: ac\u00e9l \u00f6tv\u00f6zet + szat\u00e9nfekete<br \/>\n\u00cdg\u00e9ret: Amerikai fekete di\u00f3<br \/>\nS\u00faly: 3,4 kg<\/p>","protected":false},"excerpt":{"rendered":"<p>A 336 Classic a hagyom\u00e1nyos elemekkel d\u00edsz\u00edtett szarvasi erd\u0151k ikonja. Az \u00e1llom\u00e1ny \u00e9s az el\u0151ke fekete di\u00f3f\u00e1b\u00f3l k\u00e9sz\u00fclt. A ravasz aranyozott kivitel\u0171. A CNC megmunk\u00e1lt ujjkar szabv\u00e1nyos m\u00e9ret\u0171. A cs\u0151 \u00f6tv\u00f6z\u00f6tt ac\u00e9lb\u00f3l k\u00e9sz\u00fclt, hidegen kov\u00e1csolt, ami kiv\u00e9teles pontoss\u00e1got \u00e9s tart\u00f3ss\u00e1got biztos\u00edt. A puha gumibakancs hat\u00e9konyan elnyeli a visszar\u00fag\u00e1st, m\u00edg az \u00e1ll\u00edthat\u00f3 c\u00e9lz\u00f3k\u00e9sz\u00fcl\u00e9k nagyszer\u0171 a gyors c\u00e9lz\u00e1shoz. A bor\u00edt\u00e1ssal ell\u00e1tott el\u00fcls\u0151 ir\u00e1nyz\u00e9k a durva kezel\u00e9s mellett is biztos\u00edtja a tart\u00f3ss\u00e1got. Ez a modell a Nov\u00e9 Mesto nad V\u00e1hom-i Fegyverek - L\u0151szerek \u00fczletben kaphat\u00f3.<\/p>","protected":false},"featured_media":12117,"template":"","meta":{"_gspb_post_css":""},"product_brand":[],"product_cat":[1821,2155,1820],"product_tag":[],"class_list":{"0":"post-15307","1":"product","2":"type-product","3":"status-publish","4":"has-post-thumbnail","6":"product_cat-gulovnice-zbrane-b-c","7":"product_cat-marlin","8":"product_cat-zbrane-b-c","10":"first","11":"outofstock","12":"taxable","13":"shipping-taxable","14":"purchasable","15":"product-type-simple"},"ct_brands":[],"_links":{"self":[{"href":"https:\/\/zbranebudai.sk\/hu\/wp-json\/wp\/v2\/product\/15307","targetHints":{"allow":["GET"]}}],"collection":[{"href":"https:\/\/zbranebudai.sk\/hu\/wp-json\/wp\/v2\/product"}],"about":[{"href":"https:\/\/zbranebudai.sk\/hu\/wp-json\/wp\/v2\/types\/product"}],"wp:featuredmedia":[{"embeddable":true,"href":"https:\/\/zbranebudai.sk\/hu\/wp-json\/wp\/v2\/media\/12117"}],"wp:attachment":[{"href":"https:\/\/zbranebudai.sk\/hu\/wp-json\/wp\/v2\/media?parent=15307"}],"wp:term":[{"taxonomy":"product_brand","embeddable":true,"href":"https:\/\/zbranebudai.sk\/hu\/wp-json\/wp\/v2\/product_brand?post=15307"},{"taxonomy":"product_cat","embeddable":true,"href":"https:\/\/zbranebudai.sk\/hu\/wp-json\/wp\/v2\/product_cat?post=15307"},{"taxonomy":"product_tag","embeddable":true,"href":"https:\/\/zbranebudai.sk\/hu\/wp-json\/wp\/v2\/product_tag?post=15307"}],"curies":[{"name":"wp","href":"https:\/\/api.w.org\/{rel}","templated":true}]}}