{"id":15303,"date":"2025-02-17T17:58:56","date_gmt":"2025-02-17T15:58:56","guid":{"rendered":"https:\/\/zbranebudai.sk\/product\/zasobnik-ruger-ai-style-precision-rifle-308win-6-5-creedmoor-10rd\/"},"modified":"2026-04-09T01:21:54","modified_gmt":"2026-04-08T23:21:54","slug":"ruger-ai-style-precizios-puska-308win-6-5-creedmoor-10rd","status":"publish","type":"product","link":"https:\/\/zbranebudai.sk\/hu\/product\/zasobnik-ruger-ai-style-precision-rifle-308win-6-5-creedmoor-10rd\/","title":{"rendered":"Ruger AI-Style Precision Rifle 308Win\/6.5 Creedmoor 10rd"},"content":{"rendered":"","protected":false},"excerpt":{"rendered":"<p>Ruger Precision\u00ae, Scout Rifle, American Rifle GEN II \u00e9s m\u00e1s AI-st\u00edlus\u00fa t\u00e1rny\u00edl\u00e1ssal rendelkez\u0151 modellekhez alkalmas 10 l\u00f6v\u00e9ses t\u00e1r. 60% \u00fcveggel t\u00f6lt\u00f6tt polimer az er\u0151ss\u00e9g \u00e9s tart\u00f3ss\u00e1g \u00e9rdek\u00e9ben. A rozsdamentes ac\u00e9lrug\u00f3 megb\u00edzhat\u00f3 adagol\u00e1st \u00e9s korr\u00f3zi\u00f3\u00e1ll\u00f3s\u00e1got biztos\u00edt. A porv\u00e9d\u0151 v\u00e9di a t\u00f6lt\u00e9nyeket a s\u00e9r\u00fcl\u00e9sekt\u0151l sz\u00e1ll\u00edt\u00e1s \u00e9s t\u00e1rol\u00e1s k\u00f6zben. Fekete kivitel Ruger log\u00f3val. Az USA-ban k\u00e9sz\u00fclt.<\/p>","protected":false},"featured_media":12109,"template":"","meta":{"_gspb_post_css":""},"product_brand":[],"product_cat":[1821,1838,1837,1820],"product_tag":[],"class_list":{"0":"post-15303","1":"product","2":"type-product","3":"status-publish","4":"has-post-thumbnail","6":"product_cat-gulovnice-zbrane-b-c","7":"product_cat-prislusenstvo-ruger","8":"product_cat-ruger","9":"product_cat-zbrane-b-c","11":"first","12":"instock","13":"taxable","14":"shipping-taxable","15":"purchasable","16":"product-type-simple"},"ct_brands":[],"_links":{"self":[{"href":"https:\/\/zbranebudai.sk\/hu\/wp-json\/wp\/v2\/product\/15303","targetHints":{"allow":["GET"]}}],"collection":[{"href":"https:\/\/zbranebudai.sk\/hu\/wp-json\/wp\/v2\/product"}],"about":[{"href":"https:\/\/zbranebudai.sk\/hu\/wp-json\/wp\/v2\/types\/product"}],"wp:featuredmedia":[{"embeddable":true,"href":"https:\/\/zbranebudai.sk\/hu\/wp-json\/wp\/v2\/media\/12109"}],"wp:attachment":[{"href":"https:\/\/zbranebudai.sk\/hu\/wp-json\/wp\/v2\/media?parent=15303"}],"wp:term":[{"taxonomy":"product_brand","embeddable":true,"href":"https:\/\/zbranebudai.sk\/hu\/wp-json\/wp\/v2\/product_brand?post=15303"},{"taxonomy":"product_cat","embeddable":true,"href":"https:\/\/zbranebudai.sk\/hu\/wp-json\/wp\/v2\/product_cat?post=15303"},{"taxonomy":"product_tag","embeddable":true,"href":"https:\/\/zbranebudai.sk\/hu\/wp-json\/wp\/v2\/product_tag?post=15303"}],"curies":[{"name":"wp","href":"https:\/\/api.w.org\/{rel}","templated":true}]}}