{"id":15298,"date":"2025-02-17T17:58:55","date_gmt":"2025-02-17T15:58:55","guid":{"rendered":"https:\/\/zbranebudai.sk\/product\/nahradne-coky-khan-arms-12-76-vnutorne\/"},"modified":"2025-08-31T09:58:22","modified_gmt":"2025-08-31T07:58:22","slug":"csere-coky-khan-karok-12-76-belso","status":"publish","type":"product","link":"https:\/\/zbranebudai.sk\/hu\/product\/nahradne-coky-khan-arms-12-76-vnutorne\/","title":{"rendered":"Tartal\u00e9k Khan fegyverek 12\/76 - bels\u0151"},"content":{"rendered":"","protected":false},"excerpt":{"rendered":"<p>5 csokol\u00e1d\u00e9 a csomagban.<\/p>","protected":false},"featured_media":12099,"template":"","meta":{"_gspb_post_css":""},"product_brand":[],"product_cat":[1999,2000,2017,1820],"product_tag":[],"class_list":{"0":"post-15298","1":"product","2":"type-product","3":"status-publish","4":"has-post-thumbnail","6":"product_cat-brokovnice","7":"product_cat-khan-arms","8":"product_cat-prislusenstvo-khan-arms","9":"product_cat-zbrane-b-c","11":"first","12":"outofstock","13":"taxable","14":"shipping-taxable","15":"purchasable","16":"product-type-simple"},"ct_brands":[],"_links":{"self":[{"href":"https:\/\/zbranebudai.sk\/hu\/wp-json\/wp\/v2\/product\/15298","targetHints":{"allow":["GET"]}}],"collection":[{"href":"https:\/\/zbranebudai.sk\/hu\/wp-json\/wp\/v2\/product"}],"about":[{"href":"https:\/\/zbranebudai.sk\/hu\/wp-json\/wp\/v2\/types\/product"}],"wp:featuredmedia":[{"embeddable":true,"href":"https:\/\/zbranebudai.sk\/hu\/wp-json\/wp\/v2\/media\/12099"}],"wp:attachment":[{"href":"https:\/\/zbranebudai.sk\/hu\/wp-json\/wp\/v2\/media?parent=15298"}],"wp:term":[{"taxonomy":"product_brand","embeddable":true,"href":"https:\/\/zbranebudai.sk\/hu\/wp-json\/wp\/v2\/product_brand?post=15298"},{"taxonomy":"product_cat","embeddable":true,"href":"https:\/\/zbranebudai.sk\/hu\/wp-json\/wp\/v2\/product_cat?post=15298"},{"taxonomy":"product_tag","embeddable":true,"href":"https:\/\/zbranebudai.sk\/hu\/wp-json\/wp\/v2\/product_tag?post=15298"}],"curies":[{"name":"wp","href":"https:\/\/api.w.org\/{rel}","templated":true}]}}