{"id":15294,"date":"2025-02-17T17:58:54","date_gmt":"2025-02-17T15:58:54","guid":{"rendered":"https:\/\/zbranebudai.sk\/product\/chiappa-1892-l-a-takedown-alaskan-matte-chrome-kal-357mag\/"},"modified":"2026-04-09T02:46:54","modified_gmt":"2026-04-09T00:46:54","slug":"chiappa-1892-l-a-takedown-alaszkai-matt-krom-cal-357mag","status":"publish","type":"product","link":"https:\/\/zbranebudai.sk\/hu\/product\/chiappa-1892-l-a-takedown-alaskan-matte-chrome-kal-357mag\/","title":{"rendered":"Chiappa 1892 L.A. Takedown Alaskan (matt kr\u00f3m), cal. .357Mag"},"content":{"rendered":"<p>PARAM\u00c9TEREK:<\/p>\n<p>Cs\u0151hossz: 406 mm (16 in)\u00a0<br \/>\nTeljes hossz: 1031 mm<br \/>\nT\u00e1lcakapacit\u00e1s: 8\u00a0<br \/>\nPicatinny s\u00edn: nem<br \/>\nA hord\u00f3: Rozsdamentes ac\u00e9l<br \/>\n\u00cdg\u00e9ret: Gum\u00edrozott fa<br \/>\nS\u00faly: 2,7 kg<\/p>","protected":false},"excerpt":{"rendered":"<p>PARAMETRE: D\u013a\u017eka hlavne: 406 mm (16 in)\u00a0 Celkov\u00e1 d\u013a\u017eka: 1031 mm Kapacita z\u00e1sobn\u00edka: 8\u00a0 Picatinny li\u0161ta: nie Hlave\u0148: Nerezov\u00e1 oce\u013e Pa\u017eba: Pogumovan\u00e9 drevo Hmotnos\u0165: 2.7 Kg<\/p>","protected":false},"featured_media":12073,"template":"","meta":{"_gspb_post_css":""},"product_brand":[],"product_cat":[1986,1821,1987,1820],"product_tag":[],"class_list":{"0":"post-15294","1":"product","2":"type-product","3":"status-publish","4":"has-post-thumbnail","6":"product_cat-chiappa-firearms-gulovnice-zbrane-b-c","7":"product_cat-gulovnice-zbrane-b-c","8":"product_cat-gulovnice-chiappa-firearms","9":"product_cat-zbrane-b-c","11":"first","12":"instock","13":"taxable","14":"shipping-taxable","15":"purchasable","16":"product-type-simple"},"ct_brands":[],"_links":{"self":[{"href":"https:\/\/zbranebudai.sk\/hu\/wp-json\/wp\/v2\/product\/15294","targetHints":{"allow":["GET"]}}],"collection":[{"href":"https:\/\/zbranebudai.sk\/hu\/wp-json\/wp\/v2\/product"}],"about":[{"href":"https:\/\/zbranebudai.sk\/hu\/wp-json\/wp\/v2\/types\/product"}],"wp:featuredmedia":[{"embeddable":true,"href":"https:\/\/zbranebudai.sk\/hu\/wp-json\/wp\/v2\/media\/12073"}],"wp:attachment":[{"href":"https:\/\/zbranebudai.sk\/hu\/wp-json\/wp\/v2\/media?parent=15294"}],"wp:term":[{"taxonomy":"product_brand","embeddable":true,"href":"https:\/\/zbranebudai.sk\/hu\/wp-json\/wp\/v2\/product_brand?post=15294"},{"taxonomy":"product_cat","embeddable":true,"href":"https:\/\/zbranebudai.sk\/hu\/wp-json\/wp\/v2\/product_cat?post=15294"},{"taxonomy":"product_tag","embeddable":true,"href":"https:\/\/zbranebudai.sk\/hu\/wp-json\/wp\/v2\/product_tag?post=15294"}],"curies":[{"name":"wp","href":"https:\/\/api.w.org\/{rel}","templated":true}]}}