{"id":15292,"date":"2025-02-17T17:58:54","date_gmt":"2025-02-17T15:58:54","guid":{"rendered":"https:\/\/zbranebudai.sk\/product\/chiappa-little-badger-take-down-xtreme-kal-22lr-16-5-1-2x28\/"},"modified":"2026-05-14T15:30:29","modified_gmt":"2026-05-14T13:30:29","slug":"chiappa-little-badger-take-down-xtreme-kal-22lr-16-5-1-2x28","status":"publish","type":"product","link":"https:\/\/zbranebudai.sk\/hu\/product\/chiappa-little-badger-take-down-xtreme-kal-22lr-16-5-1-2x28\/","title":{"rendered":"Chiappa Little Badger Take Down Xtreme, cal. .22LR, 16.5\u2033 1\/2\u00d728"},"content":{"rendered":"<p>PARAM\u00c9TEREK:<\/p>\n<p>Cs\u0151hossz: 419 mm (16.5 in)<br \/>\nTeljes hossz: 787 mm (420 mm \u00f6sszehajtva)<br \/>\nKapacit\u00e1s: 1<br \/>\nPicatinny s\u00edn: igen<br \/>\nCs\u0151: feket\u00e9re festett ac\u00e9l<br \/>\nK\u00e9szlet: ac\u00e9l r\u00fad<br \/>\nS\u00faly: 1,3 kg<\/p>","protected":false},"excerpt":{"rendered":"<p>A Little Badger Take Down Xtreme a vil\u00e1g legk\u00f6nnyebb \u00e9s legsim\u00e1bb kis\u00f6b\u0171 pusk\u00e1ja. Ez a tov\u00e1bbfejlesztett v\u00e1ltozat nemcsak \u00f6sszecsukhat\u00f3, hanem teljesen sz\u00e9tszerelhet\u0151 is, ami m\u00e9g jobb t\u00e1rol\u00e1st \u00e9s sz\u00e1ll\u00edt\u00e1st tesz lehet\u0151v\u00e9. Ez a v\u00e1ltozat m\u00e1sodpercek alatt k\u00e9t k\u00fcl\u00f6n\u00e1ll\u00f3 r\u00e9szre bonthat\u00f3, v\u00edz\u00e1ll\u00f3 tokba helyezhet\u0151 \u00e9s h\u00e1tizs\u00e1kban t\u00e1rolhat\u00f3. A fegyvertart\u00f3 be\u00e9p\u00edtett 12 t\u00e1ras t\u00e1rtart\u00f3val van ell\u00e1tva. A kiskaliber\u0171 puska M1 karabiner st\u00edlus\u00fa, \u00e1ll\u00edthat\u00f3 c\u00e9lz\u00f3k\u00e9sz\u00fcl\u00e9ket haszn\u00e1l. 4 oldal\u00fa Picatinny s\u00edn lehet\u0151v\u00e9 teszi a tartoz\u00e9kok felszerel\u00e9s\u00e9t, az \u00edj m\u00f6g\u00f6tti r\u00f6vid s\u00edn pedig egy tov\u00e1bbi markolat felszerel\u00e9s\u00e9re szolg\u00e1l. A Little Badger Take Down Xtreme egy \u00fagynevezett t\u00fal\u00e9l\u0151fegyver, \u00e9s a nagy megfelel\u00e9s \u00e9s a k\u00f6nny\u0171 s\u00faly ide\u00e1lis t\u00e1rs a hossz\u00fa exped\u00edci\u00f3khoz.<\/p>","protected":false},"featured_media":12059,"template":"","meta":{"_gspb_post_css":""},"product_brand":[],"product_cat":[1986,1821,1987,1820],"product_tag":[],"class_list":{"0":"post-15292","1":"product","2":"type-product","3":"status-publish","4":"has-post-thumbnail","6":"product_cat-chiappa-firearms-gulovnice-zbrane-b-c","7":"product_cat-gulovnice-zbrane-b-c","8":"product_cat-gulovnice-chiappa-firearms","9":"product_cat-zbrane-b-c","11":"first","12":"instock","13":"taxable","14":"shipping-taxable","15":"purchasable","16":"product-type-simple"},"ct_brands":[],"_links":{"self":[{"href":"https:\/\/zbranebudai.sk\/hu\/wp-json\/wp\/v2\/product\/15292","targetHints":{"allow":["GET"]}}],"collection":[{"href":"https:\/\/zbranebudai.sk\/hu\/wp-json\/wp\/v2\/product"}],"about":[{"href":"https:\/\/zbranebudai.sk\/hu\/wp-json\/wp\/v2\/types\/product"}],"wp:featuredmedia":[{"embeddable":true,"href":"https:\/\/zbranebudai.sk\/hu\/wp-json\/wp\/v2\/media\/12059"}],"wp:attachment":[{"href":"https:\/\/zbranebudai.sk\/hu\/wp-json\/wp\/v2\/media?parent=15292"}],"wp:term":[{"taxonomy":"product_brand","embeddable":true,"href":"https:\/\/zbranebudai.sk\/hu\/wp-json\/wp\/v2\/product_brand?post=15292"},{"taxonomy":"product_cat","embeddable":true,"href":"https:\/\/zbranebudai.sk\/hu\/wp-json\/wp\/v2\/product_cat?post=15292"},{"taxonomy":"product_tag","embeddable":true,"href":"https:\/\/zbranebudai.sk\/hu\/wp-json\/wp\/v2\/product_tag?post=15292"}],"curies":[{"name":"wp","href":"https:\/\/api.w.org\/{rel}","templated":true}]}}