{"id":15288,"date":"2025-02-17T17:58:54","date_gmt":"2025-02-17T15:58:54","guid":{"rendered":"https:\/\/zbranebudai.sk\/product\/predne-mieridlo-s-montaznou-listou-pre-victor\/"},"modified":"2026-04-16T05:15:13","modified_gmt":"2026-04-16T03:15:13","slug":"elulso-celkereszt-szerelolemezzel-victorhoz","status":"publish","type":"product","link":"https:\/\/zbranebudai.sk\/hu\/product\/predne-mieridlo-s-montaznou-listou-pre-victor\/","title":{"rendered":"El\u00fcls\u0151 l\u00e1tcs\u0151 a VICTOR sz\u00e1m\u00e1ra, r\u00f6gz\u00edt\u0151 s\u00ednnel"},"content":{"rendered":"","protected":false},"excerpt":{"rendered":"<p>A Stalon praktikus kieg\u00e9sz\u00edt\u0151je a tartoz\u00e9k r\u00f6gz\u00edt\u0151 s\u00ednnel ell\u00e1tott el\u00fcls\u0151 l\u00e1tcs\u0151, amely lehet\u0151v\u00e9 teszi, hogy a szok\u00e1sos nyitott l\u00e1tcs\u00f6vekkel l\u0151j\u00f6n \u00e9s vad\u00e1sszon, m\u00e9g egy be\u00e9p\u00edtett elnyom\u00f3val is. A v\u00f6r\u00f6s sz\u00e1loptik\u00e1s el\u00fcls\u0151 c\u00e9lkereszt helyettes\u00edti a pisztoly l\u00e1tcs\u00f6v\u00e9t, az alatta l\u00e9v\u0151 sz\u00f6v\u0151s\u00edn pedig lehet\u0151v\u00e9 teszi a LED-es zsebl\u00e1mp\u00e1k, infrav\u00f6r\u00f6s vil\u00e1g\u00edt\u00f3k, akci\u00f3kamer\u00e1k vagy egy\u00e9b kieg\u00e9sz\u00edt\u0151k felszerel\u00e9s\u00e9t a suppressorra. A VICTOR sorozathoz tervezt\u00e9k.<\/p>","protected":false},"featured_media":12043,"template":"","meta":{"_gspb_post_css":""},"product_brand":[],"product_cat":[2131,2113,2107,1820],"product_tag":[],"class_list":{"0":"post-15288","1":"product","2":"type-product","3":"status-publish","4":"has-post-thumbnail","6":"product_cat-prislusenstvo-stalon","7":"product_cat-stalon","8":"product_cat-tlmice-zbrane-b-c","9":"product_cat-zbrane-b-c","11":"first","12":"instock","13":"taxable","14":"shipping-taxable","15":"purchasable","16":"product-type-simple"},"ct_brands":[],"_links":{"self":[{"href":"https:\/\/zbranebudai.sk\/hu\/wp-json\/wp\/v2\/product\/15288","targetHints":{"allow":["GET"]}}],"collection":[{"href":"https:\/\/zbranebudai.sk\/hu\/wp-json\/wp\/v2\/product"}],"about":[{"href":"https:\/\/zbranebudai.sk\/hu\/wp-json\/wp\/v2\/types\/product"}],"wp:featuredmedia":[{"embeddable":true,"href":"https:\/\/zbranebudai.sk\/hu\/wp-json\/wp\/v2\/media\/12043"}],"wp:attachment":[{"href":"https:\/\/zbranebudai.sk\/hu\/wp-json\/wp\/v2\/media?parent=15288"}],"wp:term":[{"taxonomy":"product_brand","embeddable":true,"href":"https:\/\/zbranebudai.sk\/hu\/wp-json\/wp\/v2\/product_brand?post=15288"},{"taxonomy":"product_cat","embeddable":true,"href":"https:\/\/zbranebudai.sk\/hu\/wp-json\/wp\/v2\/product_cat?post=15288"},{"taxonomy":"product_tag","embeddable":true,"href":"https:\/\/zbranebudai.sk\/hu\/wp-json\/wp\/v2\/product_tag?post=15288"}],"curies":[{"name":"wp","href":"https:\/\/api.w.org\/{rel}","templated":true}]}}