{"id":15282,"date":"2025-02-17T17:58:53","date_gmt":"2025-02-17T15:58:53","guid":{"rendered":"https:\/\/zbranebudai.sk\/product\/pistol-1911-ds-prodigy-4-25-aos-9x19-ph9117aos\/"},"modified":"2026-05-07T13:18:24","modified_gmt":"2026-05-07T11:18:24","slug":"pisztoly-1911-ds-prodigy-4-25-aos-9x19-ph9117aos-pisztoly-1911-ds-prodigy-4-25-aos-9x19-ph9117aos","status":"publish","type":"product","link":"https:\/\/zbranebudai.sk\/hu\/product\/pistol-1911-ds-prodigy-4-25-aos-9x19-ph9117aos\/","title":{"rendered":"Pisztoly 1911 DS PRODIGY 4.25\u2033 AOS, 9\u00d719 (PH9117AOS)"},"content":{"rendered":"<p>PARAM\u00c9TEREK:<\/p>\n<p>A tart\u00e1ly kapacit\u00e1sa: 17\/20<br \/>\nCs\u0151hossz: 108 mm (4.25\u2033)<br \/>\nMagass\u00e1g: 140 mm<br \/>\nTeljes hossz: 198 mm<br \/>\nA cs\u0151 furat\u00e1nak oszt\u00e1sa: 1:16\u2033.<br \/>\nKiold\u00f3 ellen\u00e1ll\u00e1s: 1,8 - 2,0 kg<br \/>\nS\u00faly: 921 g<\/p>","protected":false},"excerpt":{"rendered":"<p>A Springfield Armory 1911 DS Prodigy\u2122 a j\u00f3l bev\u00e1lt 1911-es platformot egy k\u00e9tsoros 9\u00d719-es t\u00e1rral \u00e9s pr\u00e9mium min\u0151s\u00e9g\u0171 vez\u00e9rl\u00e9ssel eg\u00e9sz\u00edti ki. A prec\u00edzi\u00f3s 4,25\u2033-es Bull kov\u00e1csolt rozsdamentes ac\u00e9l sportcs\u0151 s\u00fcllyesztett 11\u00b0-os koron\u00e1val versenypontoss\u00e1got \u00e9s gyors egym\u00e1s ut\u00e1ni l\u00f6v\u00e9seket k\u00edn\u00e1l. A kov\u00e1csolt ac\u00e9lv\u00e1zra szerelt polimer markolat 17 \u00e9s 20 t\u00e1rat tart. A kollim\u00e1tor tart\u00f3, az k\u00e9tkezes k\u00e9zi biztos\u00edt\u00e9k, a z\u00f6ld sz\u00e1loptikai c\u00e9lz\u00f3k\u00e9sz\u00fcl\u00e9k, az U-v\u00e1gott c\u00e9lz\u00f3k\u00e9sz\u00fcl\u00e9k, a Cerakote\u00ae pr\u00e9mium kivitel, a csontv\u00e1zas \u00fct\u0151szerkezet\u0171 ravasz cs\u00f6kkentett z\u00e1rid\u0151vel \u00e9s a picatinny s\u00edn az 1911 legn\u00e9pszer\u0171bb jellemz\u0151ivel kombin\u00e1lva egy nagy teljes\u00edtm\u00e9ny\u0171 fegyvert alkot. Tartalmazza a 17 \u00e9s 20 t\u00f6lt\u00e9nyes t\u00e1rakat, a HEX Dragonfly kollim\u00e1torhoz val\u00f3 r\u00f6gz\u00edt\u0151lemezt, a hordt\u00e1sk\u00e1t \u00e9s a fegyverz\u00e1rat.<\/p>","protected":false},"featured_media":12021,"template":"","meta":{"_gspb_post_css":""},"product_brand":[],"product_cat":[2171,1864,2033,1820],"product_tag":[],"class_list":{"0":"post-15282","1":"product","2":"type-product","3":"status-publish","4":"has-post-thumbnail","6":"product_cat-1911-ds","7":"product_cat-pistole-zbrane-b-c","8":"product_cat-springfield-armory-hs-produkt","9":"product_cat-zbrane-b-c","11":"first","12":"outofstock","13":"taxable","14":"shipping-taxable","15":"purchasable","16":"product-type-simple"},"ct_brands":[],"_links":{"self":[{"href":"https:\/\/zbranebudai.sk\/hu\/wp-json\/wp\/v2\/product\/15282","targetHints":{"allow":["GET"]}}],"collection":[{"href":"https:\/\/zbranebudai.sk\/hu\/wp-json\/wp\/v2\/product"}],"about":[{"href":"https:\/\/zbranebudai.sk\/hu\/wp-json\/wp\/v2\/types\/product"}],"wp:featuredmedia":[{"embeddable":true,"href":"https:\/\/zbranebudai.sk\/hu\/wp-json\/wp\/v2\/media\/12021"}],"wp:attachment":[{"href":"https:\/\/zbranebudai.sk\/hu\/wp-json\/wp\/v2\/media?parent=15282"}],"wp:term":[{"taxonomy":"product_brand","embeddable":true,"href":"https:\/\/zbranebudai.sk\/hu\/wp-json\/wp\/v2\/product_brand?post=15282"},{"taxonomy":"product_cat","embeddable":true,"href":"https:\/\/zbranebudai.sk\/hu\/wp-json\/wp\/v2\/product_cat?post=15282"},{"taxonomy":"product_tag","embeddable":true,"href":"https:\/\/zbranebudai.sk\/hu\/wp-json\/wp\/v2\/product_tag?post=15282"}],"curies":[{"name":"wp","href":"https:\/\/api.w.org\/{rel}","templated":true}]}}