{"id":15281,"date":"2025-02-17T17:58:53","date_gmt":"2025-02-17T15:58:53","guid":{"rendered":"https:\/\/zbranebudai.sk\/product\/pistol-1911-ronin-4-25-9x19-px9117l\/"},"modified":"2026-04-16T05:15:12","modified_gmt":"2026-04-16T03:15:12","slug":"pisztoly-1911-ronin-4-25-9x19-px9117l-px9117l","status":"publish","type":"product","link":"https:\/\/zbranebudai.sk\/hu\/product\/pistol-1911-ronin-4-25-9x19-px9117l\/","title":{"rendered":"Pisztoly 1911 RONIN 4.25\u2033, 9\u00d719 (PX9117L)"},"content":{"rendered":"<p>PARAM\u00c9TEREK:<\/p>\n<p>T\u00e1lcakapacit\u00e1s: 9<br \/>\nCs\u0151hossz: 108 mm (4.25\u2033)<br \/>\nMagass\u00e1g: 140 mm<br \/>\nTeljes hossz: 201 mm<br \/>\nA cs\u0151 furat\u00e1nak oszt\u00e1sa: 1:16\u2033.<br \/>\nKiold\u00f3 ellen\u00e1ll\u00e1s: 2,0 - 2,5 kg<br \/>\nS\u00faly: 879 g<\/p>","protected":false},"excerpt":{"rendered":"<p>A Springfield Armory 1911 Ronin egy 1911-es platformra \u00e9p\u00fcl\u0151, pr\u00e9mium min\u0151s\u00e9g\u0171 taktikai pisztoly, pr\u00e9mium min\u0151s\u00e9g\u0171 kezel\u0151szervekkel. A kov\u00e1csolt v\u00e1z \u00e9s cs\u00faszda, a Springfield Armory 1911-es pisztolyok sz\u00edve \u00e9s lelke, megk\u00fcl\u00f6nb\u00f6zteti ezt a pisztolyt a versenyt\u00e1rsak \u00f6nt\u00f6tt modelljeit\u0151l, mivel mind szil\u00e1rds\u00e1gban, mind tart\u00f3ss\u00e1gban fel\u00fclm\u00falja azokat. A pisztoly gy\u00f6ny\u00f6r\u0171 k\u00e9tt\u00f3nus\u00fa kivitelben k\u00e9sz\u00fclt, fekete sz\u00e9nac\u00e9l cs\u00faszd\u00e1val, Cerakote\u00ae szat\u00edrozott v\u00e1zzal \u00e9s fekete csontv\u00e1zas ravaszv\u00e9d\u0151vel. A pisztoly 4,25\u2033-es kov\u00e1csolt ac\u00e9lcs\u0151vel rendelkezik, amely maxim\u00e1lis pontoss\u00e1got \u00e9s tart\u00f3ss\u00e1got biztos\u00edt. K\u00e9zi biztos\u00edt\u00e9kkal \u00e9s teny\u00e9rbiztos\u00edt\u00e1ssal. J\u00f3l l\u00e1that\u00f3 piros sz\u00e1loptik\u00e1s c\u00e9lkereszt \u00e9s retikula kiemelt feh\u00e9r pontokkal. Tartalmaz egy 9 l\u00f6v\u00e9ses t\u00e1rat, hordt\u00e1sk\u00e1t \u00e9s fegyverz\u00e1rat.<\/p>","protected":false},"featured_media":12019,"template":"","meta":{"_gspb_post_css":""},"product_brand":[],"product_cat":[2172,1864,2033,1820],"product_tag":[],"class_list":{"0":"post-15281","1":"product","2":"type-product","3":"status-publish","4":"has-post-thumbnail","6":"product_cat-2172","7":"product_cat-pistole-zbrane-b-c","8":"product_cat-springfield-armory-hs-produkt","9":"product_cat-zbrane-b-c","11":"first","12":"outofstock","13":"taxable","14":"shipping-taxable","15":"purchasable","16":"product-type-simple"},"ct_brands":[],"_links":{"self":[{"href":"https:\/\/zbranebudai.sk\/hu\/wp-json\/wp\/v2\/product\/15281","targetHints":{"allow":["GET"]}}],"collection":[{"href":"https:\/\/zbranebudai.sk\/hu\/wp-json\/wp\/v2\/product"}],"about":[{"href":"https:\/\/zbranebudai.sk\/hu\/wp-json\/wp\/v2\/types\/product"}],"wp:featuredmedia":[{"embeddable":true,"href":"https:\/\/zbranebudai.sk\/hu\/wp-json\/wp\/v2\/media\/12019"}],"wp:attachment":[{"href":"https:\/\/zbranebudai.sk\/hu\/wp-json\/wp\/v2\/media?parent=15281"}],"wp:term":[{"taxonomy":"product_brand","embeddable":true,"href":"https:\/\/zbranebudai.sk\/hu\/wp-json\/wp\/v2\/product_brand?post=15281"},{"taxonomy":"product_cat","embeddable":true,"href":"https:\/\/zbranebudai.sk\/hu\/wp-json\/wp\/v2\/product_cat?post=15281"},{"taxonomy":"product_tag","embeddable":true,"href":"https:\/\/zbranebudai.sk\/hu\/wp-json\/wp\/v2\/product_tag?post=15281"}],"curies":[{"name":"wp","href":"https:\/\/api.w.org\/{rel}","templated":true}]}}