{"id":15280,"date":"2025-02-17T17:58:53","date_gmt":"2025-02-17T15:58:53","guid":{"rendered":"https:\/\/zbranebudai.sk\/product\/pistol-1911-garrison-5-9x19-stainless-px9419s\/"},"modified":"2026-04-16T05:15:12","modified_gmt":"2026-04-16T03:15:12","slug":"pisztoly-1911-garrison-5-9x19-rozsdamentes-px9419s-px9419s","status":"publish","type":"product","link":"https:\/\/zbranebudai.sk\/hu\/product\/pistol-1911-garrison-5-9x19-stainless-px9419s\/","title":{"rendered":"Pisztoly 1911 GARRISON 5\u2033, 9\u00d719, rozsdamentes (PX9419S)"},"content":{"rendered":"<p>PARAM\u00c9TEREK:<\/p>\n<p>T\u00e1lcakapacit\u00e1s: 9<br \/>\nCs\u0151hossz: 127 mm (5\u2033)<br \/>\nMagass\u00e1g: 140 mm<br \/>\nTeljes hossz: 218 mm<br \/>\nA cs\u0151 furat\u00e1nak oszt\u00e1sa: 1:16\u2033.<br \/>\nKiold\u00f3 ellen\u00e1ll\u00e1s: 2,0 - 2,5 kg<br \/>\nS\u00faly: 1,08 kg<\/p>","protected":false},"excerpt":{"rendered":"<p>A Springfield Armory 1911 Garrison pisztolya a min\u0151s\u00e9gi, szil\u00e1rd konstrukci\u00f3t, a modern anyagokat \u00e9s a modern designt \u00f6tv\u00f6zi a t\u00f6bb mint egy \u00e9vsz\u00e1zados \u00f6r\u00f6ks\u00e9ggel. A kov\u00e1csolt v\u00e1z \u00e9s cs\u00faszda, amely minden Springfield Armory 1911-es pisztoly sz\u00edve \u00e9s lelke, megk\u00fcl\u00f6nb\u00f6zteti ezt a pisztolyt a versenyt\u00e1rsak \u00f6nt\u00f6tt modelljeit\u0151l, mivel mind szil\u00e1rds\u00e1gban, mind tart\u00f3ss\u00e1gban fel\u00fclm\u00falja azokat. A Garrison klasszikus fekete sz\u00e9nac\u00e9l vagy rozsdamentes ac\u00e9l kivitelben kaphat\u00f3. A v\u00e9kony fa markolatok dupla gy\u00e9m\u00e1ntmint\u00e1s Crossed Cannon\u2122 markolattal vonz\u00f3 \u00e9s szil\u00e1rd kapcsolatot biztos\u00edtanak a l\u00f6v\u00e9szeknek a pisztollyal. K\u00e9zi biztos\u00edt\u00e9k, teny\u00e9rbiztos\u00edt\u00e1s, alacsony profil\u00fa c\u00e9lz\u00f3k\u00e9sz\u00fcl\u00e9k \u00e9s retikula kiemelt feh\u00e9r pontokkal, valamint csontv\u00e1zas \u00fct\u0151kakas. Tartalmaz egy 9 t\u00f6lt\u00e9nyes t\u00e1rat, hordt\u00e1sk\u00e1t \u00e9s fegyverz\u00e1rat.<\/p>","protected":false},"featured_media":12017,"template":"","meta":{"_gspb_post_css":""},"product_brand":[],"product_cat":[2172,1864,2033,1820],"product_tag":[],"class_list":{"0":"post-15280","1":"product","2":"type-product","3":"status-publish","4":"has-post-thumbnail","6":"product_cat-2172","7":"product_cat-pistole-zbrane-b-c","8":"product_cat-springfield-armory-hs-produkt","9":"product_cat-zbrane-b-c","11":"first","12":"outofstock","13":"taxable","14":"shipping-taxable","15":"purchasable","16":"product-type-simple"},"ct_brands":[],"_links":{"self":[{"href":"https:\/\/zbranebudai.sk\/hu\/wp-json\/wp\/v2\/product\/15280","targetHints":{"allow":["GET"]}}],"collection":[{"href":"https:\/\/zbranebudai.sk\/hu\/wp-json\/wp\/v2\/product"}],"about":[{"href":"https:\/\/zbranebudai.sk\/hu\/wp-json\/wp\/v2\/types\/product"}],"wp:featuredmedia":[{"embeddable":true,"href":"https:\/\/zbranebudai.sk\/hu\/wp-json\/wp\/v2\/media\/12017"}],"wp:attachment":[{"href":"https:\/\/zbranebudai.sk\/hu\/wp-json\/wp\/v2\/media?parent=15280"}],"wp:term":[{"taxonomy":"product_brand","embeddable":true,"href":"https:\/\/zbranebudai.sk\/hu\/wp-json\/wp\/v2\/product_brand?post=15280"},{"taxonomy":"product_cat","embeddable":true,"href":"https:\/\/zbranebudai.sk\/hu\/wp-json\/wp\/v2\/product_cat?post=15280"},{"taxonomy":"product_tag","embeddable":true,"href":"https:\/\/zbranebudai.sk\/hu\/wp-json\/wp\/v2\/product_tag?post=15280"}],"curies":[{"name":"wp","href":"https:\/\/api.w.org\/{rel}","templated":true}]}}