{"id":15278,"date":"2025-02-17T17:58:53","date_gmt":"2025-02-17T15:58:53","guid":{"rendered":"https:\/\/zbranebudai.sk\/product\/cielnik-hellcat-h11-xd-s-s-line-u-notch-kratky\/"},"modified":"2026-04-16T05:27:53","modified_gmt":"2026-04-16T03:27:53","slug":"hellcat-h11-xd-s-line-u-notch-rovid-s-sorral","status":"publish","type":"product","link":"https:\/\/zbranebudai.sk\/hu\/product\/cielnik-hellcat-h11-xd-s-s-line-u-notch-kratky\/","title":{"rendered":"HELLCAT\/H11, XD-S\/S Line, U-ny\u00edl\u00e1s\u00fa, r\u00f6vid c\u00e9lkereszt"},"content":{"rendered":"","protected":false},"excerpt":{"rendered":"<p>Feh\u00e9r U-alak\u00fa c\u00e9lt\u00e1vcs\u0151 a HELLCAT\/H11, XD-S\/S vonalhoz, kollim\u00e1torral ell\u00e1tott v\u00e1ltozatokhoz. (35\/862370\/H\u00c1TS\u00d3 IR\u00c1NYZ\u00c9K OSP)<\/p>","protected":false},"featured_media":12013,"template":"","meta":{"_gspb_post_css":""},"product_brand":[],"product_cat":[2051,1864,2043,2033,1820],"product_tag":[],"class_list":{"0":"post-15278","1":"product","2":"type-product","3":"status-publish","4":"has-post-thumbnail","6":"product_cat-mieridla-prislusenstvo-springfield-armory","7":"product_cat-pistole-zbrane-b-c","8":"product_cat-prislusenstvo-springfield-armory","9":"product_cat-springfield-armory-hs-produkt","10":"product_cat-zbrane-b-c","12":"first","13":"instock","14":"taxable","15":"shipping-taxable","16":"purchasable","17":"product-type-simple"},"ct_brands":[],"_links":{"self":[{"href":"https:\/\/zbranebudai.sk\/hu\/wp-json\/wp\/v2\/product\/15278","targetHints":{"allow":["GET"]}}],"collection":[{"href":"https:\/\/zbranebudai.sk\/hu\/wp-json\/wp\/v2\/product"}],"about":[{"href":"https:\/\/zbranebudai.sk\/hu\/wp-json\/wp\/v2\/types\/product"}],"wp:featuredmedia":[{"embeddable":true,"href":"https:\/\/zbranebudai.sk\/hu\/wp-json\/wp\/v2\/media\/12013"}],"wp:attachment":[{"href":"https:\/\/zbranebudai.sk\/hu\/wp-json\/wp\/v2\/media?parent=15278"}],"wp:term":[{"taxonomy":"product_brand","embeddable":true,"href":"https:\/\/zbranebudai.sk\/hu\/wp-json\/wp\/v2\/product_brand?post=15278"},{"taxonomy":"product_cat","embeddable":true,"href":"https:\/\/zbranebudai.sk\/hu\/wp-json\/wp\/v2\/product_cat?post=15278"},{"taxonomy":"product_tag","embeddable":true,"href":"https:\/\/zbranebudai.sk\/hu\/wp-json\/wp\/v2\/product_tag?post=15278"}],"curies":[{"name":"wp","href":"https:\/\/api.w.org\/{rel}","templated":true}]}}