{"id":15274,"date":"2025-02-17T17:58:52","date_gmt":"2025-02-17T15:58:52","guid":{"rendered":"https:\/\/zbranebudai.sk\/product\/weatherby-detachable-box-magazine-kit-kal-30-06spr\/"},"modified":"2025-07-12T16:59:40","modified_gmt":"2025-07-12T14:59:40","slug":"weatherby-leveheto-dobozos-tar-keszlet-kal-30-06spr","status":"publish","type":"product","link":"https:\/\/zbranebudai.sk\/hu\/product\/weatherby-detachable-box-magazine-kit-kal-30-06spr\/","title":{"rendered":"Weatherby levehet\u0151 dobozos t\u00e1rk\u00e9szlet, cal. .30-06Spr."},"content":{"rendered":"","protected":false},"excerpt":{"rendered":"<p>A t\u00e1rdoboz lehet\u0151v\u00e9 teszi a hagyom\u00e1nyos t\u00e1rak haszn\u00e1lat\u00e1t a Weatherby Vanguard\u00ae pusk\u00e1kban. Alkalmas a cal. 30-06 Sprg., 240 Wby. Mag., 25-06 Rem. \u00e9s 270 Win.<\/p>","protected":false},"featured_media":12005,"template":"","meta":{"_gspb_post_css":""},"product_brand":[],"product_cat":[1821,2179,2177,1820],"product_tag":[],"class_list":{"0":"post-15274","1":"product","2":"type-product","3":"status-publish","4":"has-post-thumbnail","6":"product_cat-gulovnice-zbrane-b-c","7":"product_cat-prislusenstvo-weatherby","8":"product_cat-weatherby","9":"product_cat-zbrane-b-c","11":"first","12":"outofstock","13":"taxable","14":"shipping-taxable","15":"purchasable","16":"product-type-simple"},"ct_brands":[],"_links":{"self":[{"href":"https:\/\/zbranebudai.sk\/hu\/wp-json\/wp\/v2\/product\/15274","targetHints":{"allow":["GET"]}}],"collection":[{"href":"https:\/\/zbranebudai.sk\/hu\/wp-json\/wp\/v2\/product"}],"about":[{"href":"https:\/\/zbranebudai.sk\/hu\/wp-json\/wp\/v2\/types\/product"}],"wp:featuredmedia":[{"embeddable":true,"href":"https:\/\/zbranebudai.sk\/hu\/wp-json\/wp\/v2\/media\/12005"}],"wp:attachment":[{"href":"https:\/\/zbranebudai.sk\/hu\/wp-json\/wp\/v2\/media?parent=15274"}],"wp:term":[{"taxonomy":"product_brand","embeddable":true,"href":"https:\/\/zbranebudai.sk\/hu\/wp-json\/wp\/v2\/product_brand?post=15274"},{"taxonomy":"product_cat","embeddable":true,"href":"https:\/\/zbranebudai.sk\/hu\/wp-json\/wp\/v2\/product_cat?post=15274"},{"taxonomy":"product_tag","embeddable":true,"href":"https:\/\/zbranebudai.sk\/hu\/wp-json\/wp\/v2\/product_tag?post=15274"}],"curies":[{"name":"wp","href":"https:\/\/api.w.org\/{rel}","templated":true}]}}