{"id":15271,"date":"2025-02-17T17:58:52","date_gmt":"2025-02-17T15:58:52","guid":{"rendered":"https:\/\/zbranebudai.sk\/product\/puska-co2-t4e-hdb-68-kal-68-16-j\/"},"modified":"2025-10-20T20:42:40","modified_gmt":"2025-10-20T18:42:40","slug":"co2-t4e-hdb-68-cal-68-16-j","status":"publish","type":"product","link":"https:\/\/zbranebudai.sk\/hu\/product\/puska-co2-t4e-hdb-68-kal-68-16-j\/","title":{"rendered":"CO2 puska T4E HDB 68, cal. .68, 16 J"},"content":{"rendered":"<p>PARAM\u00c9TEREK:<\/p>\n<p>Teljes hossz: 638 mm<br \/>\nT\u00e1rkapacit\u00e1s: 16 t\u00f6lt\u00e9ny<br \/>\n\u00dct\u00e9si energia: 16 J<br \/>\nL\u00f6v\u00e9si sebess\u00e9g: 100 m\/s (328 fps)<br \/>\nA l\u00f6v\u00e9sek sz\u00e1ma CO\u2082 bomb\u00e1nk\u00e9nt: 16<br \/>\nS\u00faly: 1,6 kg<\/p>","protected":false},"excerpt":{"rendered":"<p>Nagy teljes\u00edtm\u00e9ny\u0171 T4E TB 68 puska nagy kapacit\u00e1s\u00fa bels\u0151 cs\u0151t\u00e1rral 16 kaliber\u0171 pusk\u00e1hoz. .68. A fejlett Quick-Piercing funkci\u00f3nak k\u00f6sz\u00f6nhet\u0151en a t\u00f6lt\u00e9ny nem azonnal a behelyez\u00e9skor aktiv\u00e1l\u00f3dik, hanem csak a markolat alj\u00e1ra adott k\u00f6nny\u0171 \u00fct\u00e9ssel, \u00edgy a fegyver mindig k\u00e9szenl\u00e9tben van \u00e9s gyorsan haszn\u00e1lhat\u00f3. Picatinny s\u00edn optika, kollim\u00e1tor, zsebl\u00e1mpa \u00e9s egy\u00e9b kieg\u00e9sz\u00edt\u0151k felszerel\u00e9s\u00e9hez. A T4E l\u00f6ved\u00e9kek sz\u00e9les v\u00e1laszt\u00e9k\u00e1val a fegyver haszn\u00e1lhat\u00f3 v\u00e9delemre, kik\u00e9pz\u00e9sre \u00e9s sz\u00f3rakoz\u00e1sra. Paintballhoz a Markingballs (MAB) vagy Chalkballs (CKB) l\u00f6ved\u00e9keket aj\u00e1nljuk.<\/p>","protected":false},"featured_media":11999,"template":"","meta":{"_gspb_post_css":""},"product_brand":[],"product_cat":[1824,1828,2070],"product_tag":[],"class_list":{"0":"post-15271","1":"product","2":"type-product","3":"status-publish","4":"has-post-thumbnail","6":"product_cat-zbrane-18-d","7":"product_cat-zbrane-na-co2","8":"product_cat-zbrane-t4e","10":"first","11":"outofstock","12":"taxable","13":"shipping-taxable","14":"purchasable","15":"product-type-simple"},"ct_brands":[],"_links":{"self":[{"href":"https:\/\/zbranebudai.sk\/hu\/wp-json\/wp\/v2\/product\/15271","targetHints":{"allow":["GET"]}}],"collection":[{"href":"https:\/\/zbranebudai.sk\/hu\/wp-json\/wp\/v2\/product"}],"about":[{"href":"https:\/\/zbranebudai.sk\/hu\/wp-json\/wp\/v2\/types\/product"}],"wp:featuredmedia":[{"embeddable":true,"href":"https:\/\/zbranebudai.sk\/hu\/wp-json\/wp\/v2\/media\/11999"}],"wp:attachment":[{"href":"https:\/\/zbranebudai.sk\/hu\/wp-json\/wp\/v2\/media?parent=15271"}],"wp:term":[{"taxonomy":"product_brand","embeddable":true,"href":"https:\/\/zbranebudai.sk\/hu\/wp-json\/wp\/v2\/product_brand?post=15271"},{"taxonomy":"product_cat","embeddable":true,"href":"https:\/\/zbranebudai.sk\/hu\/wp-json\/wp\/v2\/product_cat?post=15271"},{"taxonomy":"product_tag","embeddable":true,"href":"https:\/\/zbranebudai.sk\/hu\/wp-json\/wp\/v2\/product_tag?post=15271"}],"curies":[{"name":"wp","href":"https:\/\/api.w.org\/{rel}","templated":true}]}}