{"id":15268,"date":"2025-02-17T17:58:51","date_gmt":"2025-02-17T15:58:51","guid":{"rendered":"https:\/\/zbranebudai.sk\/product\/picatinny-lista-weatherby-vanguard-long-action-0-moa\/"},"modified":"2026-04-01T23:52:03","modified_gmt":"2026-04-01T21:52:03","slug":"picatinny-lista-weatherby-vanguard-long-action-0-moa","status":"publish","type":"product","link":"https:\/\/zbranebudai.sk\/hu\/product\/picatinny-lista-weatherby-vanguard-long-action-0-moa\/","title":{"rendered":"Picatinny s\u00edn Weatherby Vanguard Long Action, 0 MOA"},"content":{"rendered":"","protected":false},"excerpt":{"rendered":"<p>Picatinny r\u00fad kiv\u00e1l\u00f3 min\u0151s\u00e9g\u0171 7000-es alum\u00ednium\u00f6tv\u00f6zetb\u0151l k\u00e9sz\u00fclt, kem\u00e9ny elox\u00e1lt 65 Rockwell fel\u00fclettel. A Weatherby Vanguard \u00e9s Mark-V pusk\u00e1khoz tervezt\u00e9k a cal. 30-06 Springfield.<\/p>","protected":false},"featured_media":11991,"template":"","meta":{"_gspb_post_css":""},"product_brand":[],"product_cat":[1821,2179,2177,1820],"product_tag":[],"class_list":{"0":"post-15268","1":"product","2":"type-product","3":"status-publish","4":"has-post-thumbnail","6":"product_cat-gulovnice-zbrane-b-c","7":"product_cat-prislusenstvo-weatherby","8":"product_cat-weatherby","9":"product_cat-zbrane-b-c","11":"first","12":"instock","13":"taxable","14":"shipping-taxable","15":"purchasable","16":"product-type-simple"},"ct_brands":[],"_links":{"self":[{"href":"https:\/\/zbranebudai.sk\/hu\/wp-json\/wp\/v2\/product\/15268","targetHints":{"allow":["GET"]}}],"collection":[{"href":"https:\/\/zbranebudai.sk\/hu\/wp-json\/wp\/v2\/product"}],"about":[{"href":"https:\/\/zbranebudai.sk\/hu\/wp-json\/wp\/v2\/types\/product"}],"wp:featuredmedia":[{"embeddable":true,"href":"https:\/\/zbranebudai.sk\/hu\/wp-json\/wp\/v2\/media\/11991"}],"wp:attachment":[{"href":"https:\/\/zbranebudai.sk\/hu\/wp-json\/wp\/v2\/media?parent=15268"}],"wp:term":[{"taxonomy":"product_brand","embeddable":true,"href":"https:\/\/zbranebudai.sk\/hu\/wp-json\/wp\/v2\/product_brand?post=15268"},{"taxonomy":"product_cat","embeddable":true,"href":"https:\/\/zbranebudai.sk\/hu\/wp-json\/wp\/v2\/product_cat?post=15268"},{"taxonomy":"product_tag","embeddable":true,"href":"https:\/\/zbranebudai.sk\/hu\/wp-json\/wp\/v2\/product_tag?post=15268"}],"curies":[{"name":"wp","href":"https:\/\/api.w.org\/{rel}","templated":true}]}}