{"id":15267,"date":"2025-02-17T17:58:51","date_gmt":"2025-02-17T15:58:51","guid":{"rendered":"https:\/\/zbranebudai.sk\/product\/weatherby-vanguard-synthetic-green-kal-30-06spr-5rd-22in-mt14x1\/"},"modified":"2026-04-09T02:31:53","modified_gmt":"2026-04-09T00:31:53","slug":"weatherby-vanguard-szintetikus-zold-cal-30-06spr-5rd-22in-mt14x1","status":"publish","type":"product","link":"https:\/\/zbranebudai.sk\/hu\/product\/weatherby-vanguard-synthetic-green-kal-30-06spr-5rd-22in-mt14x1\/","title":{"rendered":"Weatherby Vanguard szintetikus z\u00f6ld, cal. .30-06Spr. (5rd 22in MT14x1)"},"content":{"rendered":"<p>PARAM\u00c9TEREK:<\/p>\n<p>Cs\u0151hossz: 559 mm (22\u2033)<br \/>\nTeljes hossz: 1080 mm<br \/>\nT\u00e1rol\u00f3 doboz kapacit\u00e1sa: 5<br \/>\nHord\u00f3 oszt\u00e1s: 1:10<br \/>\nPicatinny s\u00edn: Nem<br \/>\nA hord\u00f3: rozsdamentes ac\u00e9l 410+ matt, gy\u00f6ngyf\u00favott k\u00e9kes f\u00e9nyez\u00e9ssel.<br \/>\n\u00cdg\u00e9ret: Szintetikus, Monte Carlo Griptonite\u00ae<br \/>\nS\u00faly: 3,2 kg<\/p>","protected":false},"excerpt":{"rendered":"<p>A Weatherby Vanguard\u00ae Synthetic Green n\u00e9pszer\u0171 v\u00e1laszt\u00e1s vad\u00e1szok, sportl\u00f6v\u0151k \u00e9s azok sz\u00e1m\u00e1ra, akik megb\u00edzhat\u00f3 \u00e9s pontos fegyvert keresnek kiv\u00e1l\u00f3 \u00e1r\/teljes\u00edtm\u00e9ny ar\u00e1nnyal. K\u00e9tfokozat\u00fa ravasz (1,1 kg-t\u00f3l 2,3 kg-ig \u00e1ll\u00edthat\u00f3). A hidegen kov\u00e1csolt rozsdamentes ac\u00e9lcs\u0151 ismert a pontoss\u00e1g\u00e1r\u00f3l. Min\u0151s\u00e9gi l\u0151szerek haszn\u00e1lata eset\u00e9n 100 m\u00e9terr\u0151l 25 mm-es vagy ann\u00e1l kisebb csoportok el\u00e9r\u00e9s\u00e9re k\u00e9pes. A tart\u00f3s Monte Carlo Griptonite\u00ae szintetikus sz\u00e1rat \u00fagy tervezt\u00e9k, hogy a legmostoh\u00e1bb k\u00f6r\u00fclm\u00e9nyeknek is ellen\u00e1lljon.<\/p>","protected":false},"featured_media":11989,"template":"","meta":{"_gspb_post_css":""},"product_brand":[],"product_cat":[1821,2178,2177,1820],"product_tag":[],"class_list":{"0":"post-15267","1":"product","2":"type-product","3":"status-publish","4":"has-post-thumbnail","6":"product_cat-gulovnice-zbrane-b-c","7":"product_cat-vanguard-synthetic","8":"product_cat-weatherby","9":"product_cat-zbrane-b-c","11":"first","12":"outofstock","13":"taxable","14":"shipping-taxable","15":"purchasable","16":"product-type-simple"},"ct_brands":[],"_links":{"self":[{"href":"https:\/\/zbranebudai.sk\/hu\/wp-json\/wp\/v2\/product\/15267","targetHints":{"allow":["GET"]}}],"collection":[{"href":"https:\/\/zbranebudai.sk\/hu\/wp-json\/wp\/v2\/product"}],"about":[{"href":"https:\/\/zbranebudai.sk\/hu\/wp-json\/wp\/v2\/types\/product"}],"wp:featuredmedia":[{"embeddable":true,"href":"https:\/\/zbranebudai.sk\/hu\/wp-json\/wp\/v2\/media\/11989"}],"wp:attachment":[{"href":"https:\/\/zbranebudai.sk\/hu\/wp-json\/wp\/v2\/media?parent=15267"}],"wp:term":[{"taxonomy":"product_brand","embeddable":true,"href":"https:\/\/zbranebudai.sk\/hu\/wp-json\/wp\/v2\/product_brand?post=15267"},{"taxonomy":"product_cat","embeddable":true,"href":"https:\/\/zbranebudai.sk\/hu\/wp-json\/wp\/v2\/product_cat?post=15267"},{"taxonomy":"product_tag","embeddable":true,"href":"https:\/\/zbranebudai.sk\/hu\/wp-json\/wp\/v2\/product_tag?post=15267"}],"curies":[{"name":"wp","href":"https:\/\/api.w.org\/{rel}","templated":true}]}}